{"id":705518,"date":"2025-08-27T15:46:40","date_gmt":"2025-08-27T12:46:40","guid":{"rendered":"https:\/\/roveyayinevi.com.tr\/index.php\/urun\/baris-coregi\/"},"modified":"2026-04-16T02:14:24","modified_gmt":"2026-04-15T23:14:24","slug":"baris-coregi","status":"publish","type":"product","link":"https:\/\/roveyayinevi.com.tr\/index.php\/urun\/baris-coregi\/","title":{"rendered":"Bar\u0131\u015f \u00c7\u00f6re\u011fi"},"content":{"rendered":"<p>Fakir Baykurt, \u00f6yk\u00fclerinde k\u00f6y ya\u015fam\u0131n\u0131n sertli\u011fi, yoksulluk, cahillik, taassup, bat\u0131l inan\u00e7, s\u00f6m\u00fcr\u00fc gibi sorunlar\u0131 ele alarak k\u00f6yl\u00fcn\u00fcn maddi ve manevi d\u00fcnyas\u0131n\u0131 toplumsalc\u0131 ve ger\u00e7ek\u00e7i bir bak\u0131\u015ftan i\u015fliyor. G\u00f6zlemlerden, canl\u0131 tan\u0131kl\u0131klardan yola \u00e7\u0131kan yazar, g\u00fcnl\u00fck konu\u015fma dilini \u00f6yk\u00fcye ta\u015f\u0131yarak zaman zaman mizahi bir dil kullan\u0131yor; b\u00fcrokrasinin \u00e7arklar\u0131 aras\u0131nda s\u0131k\u0131\u015fan ama i\u00e7inde de bir umudu bar\u0131nd\u0131ran \u201cs\u0131radan insan\u0131\u201d, ya\u015fad\u0131\u011f\u0131 yerin atmosferiyle birlikte \u00e7arp\u0131c\u0131 bir bi\u00e7imde betimliyor. \u0130lk bas\u0131m\u0131 1982\u2019de yap\u0131lan Bar\u0131\u015f \u00c7\u00f6re\u011fi\u2019ni yeniden okurla bulu\u015fturuyoruz: \u201cT\u00fcrk\u00fcz efendim&#8230;\u201d dedim. \u201cNeden T\u00fcrk\u00e7e konu\u015fmuyorsunuz madem?\u201d Aaaa! Kad\u0131n eni konu s\u0131k\u0131\u015ft\u0131r\u0131yor! Elinden gelse polis \u00e7a\u011f\u0131r\u0131p teslim edecek bizi. \u201c\u015eu o\u011flanlardan s\u0131k\u0131ld\u0131k teyze!\u201d demek de i\u015fimize gelmedi tabii. \u201cBiz Almanya\u2019day\u0131z. T\u00fcrk\u00e7emiz o kadar iyi de\u011fil. O y\u00fczden Almanca konu\u015fuyoruz&#8230;\u201d dedim, hem de babam\u0131n \u00f6\u011f\u00fctledi\u011fi gibi biraz da alttan ald\u0131m. \u201c\u00dc\u00e7 bu\u00e7uk g\u00fcn Almanya\u2019ya gitmekle, asl\u0131n\u0131z\u0131 ne tez unuttunuz? \u0130nsan ana yurdunu, ana dilini b\u00f6yle a\u015fa\u011f\u0131lara m\u0131 iter? Ay\u0131p de\u011fil mi?\u201d \u201cAma orada derslerimiz Almanca!\u201d \u201cOlsun! Gene de T\u00fcrk\u00e7e konu\u015facaks\u0131n\u0131z!\u201d Eli \u00e7antal\u0131, erkek yap\u0131l\u0131 bayan bize orada uzun bir konferans verdi. Biraz al\u00e7ak sesle konu\u015fsa gene neyse. Ba\u011f\u0131r\u0131yordu. Eridim, asfalt\u0131n yar\u0131klar\u0131ndan yerin dibine s\u00fcz\u00fcld\u00fcm. \u015eap\u0131r \u015fap\u0131r d\u00f6kmeye ba\u015flad\u0131m g\u00f6zya\u015flar\u0131m\u0131. Bu arada G\u00fcrsel Mahallesinin otob\u00fcs\u00fc gelip ge\u00e7mi\u015f, ay\u0131rd\u0131nda olmam\u0131\u015f\u0131z. Ge\u00e7 vakit Fuat amcagile geldik. A\u011fla Allah a\u011fla. Necmiye de a\u011fl\u0131yor, ben de a\u011fl\u0131yorum. Almanya\u2019da diken \u00fcst\u00fcnde,T\u00fcrkiye\u2019de diken \u00fcst\u00fcnde. Okulda ard\u0131m\u0131z \u00f6n\u00fcm\u00fcz, d\u00f6rt y\u00f6n\u00fcm\u00fcz kapal\u0131. Belki yar\u0131n i\u015f\u00e7i de olmadan, oradan itilmi\u015f, burada basacak yer bulamam\u0131\u015f, sersem tavuklar gibi, ne olaca\u011f\u0131z biz?                                                                                                                                     _(Gitmez Olayd\u0131m \u0130zne!) <\/p>\n","protected":false},"excerpt":{"rendered":"<p>Fakir Baykurt, \u00f6yk\u00fclerinde k\u00f6y ya\u015fam\u0131n\u0131n sertli\u011fi, yoksulluk, cahillik, taassup, bat\u0131l inan\u00e7, s\u00f6m\u00fcr\u00fc gibi sorunlar\u0131 ele alarak k\u00f6yl\u00fcn\u00fcn maddi ve manevi d\u00fcnyas\u0131n\u0131 toplumsalc\u0131 ve ger\u00e7ek\u00e7i bir bak\u0131\u015ftan<span class=\"excerpt-hellip\"> [\u2026]<\/span><\/p>\n","protected":false},"featured_media":0,"template":"","meta":{"_monsterinsights_skip_tracking":false,"_monsterinsights_sitenote_active":false,"_monsterinsights_sitenote_note":"","_monsterinsights_sitenote_category":0},"product_brand":[],"product_cat":[12291,12711],"product_tag":[],"class_list":{"0":"post-705518","1":"product","2":"type-product","3":"status-publish","5":"product_cat-edebiyat","6":"product_cat-roman-oyku","7":"pa_cilt-ciltsiz","8":"pa_tur-kitap","9":"pa_yayinevi-literatur-yayinevi","10":"pa_yazar-fakir-baykurt","12":"first","13":"instock","14":"sale","15":"shipping-taxable","16":"purchasable","17":"product-type-simple"},"_links":{"self":[{"href":"https:\/\/roveyayinevi.com.tr\/index.php\/wp-json\/wp\/v2\/product\/705518","targetHints":{"allow":["GET"]}}],"collection":[{"href":"https:\/\/roveyayinevi.com.tr\/index.php\/wp-json\/wp\/v2\/product"}],"about":[{"href":"https:\/\/roveyayinevi.com.tr\/index.php\/wp-json\/wp\/v2\/types\/product"}],"wp:attachment":[{"href":"https:\/\/roveyayinevi.com.tr\/index.php\/wp-json\/wp\/v2\/media?parent=705518"}],"wp:term":[{"taxonomy":"product_brand","embeddable":true,"href":"https:\/\/roveyayinevi.com.tr\/index.php\/wp-json\/wp\/v2\/product_brand?post=705518"},{"taxonomy":"product_cat","embeddable":true,"href":"https:\/\/roveyayinevi.com.tr\/index.php\/wp-json\/wp\/v2\/product_cat?post=705518"},{"taxonomy":"product_tag","embeddable":true,"href":"https:\/\/roveyayinevi.com.tr\/index.php\/wp-json\/wp\/v2\/product_tag?post=705518"}],"curies":[{"name":"wp","href":"https:\/\/api.w.org\/{rel}","templated":true}]}}