{"id":705513,"date":"2025-08-27T15:46:38","date_gmt":"2025-08-27T12:46:38","guid":{"rendered":"https:\/\/roveyayinevi.com.tr\/index.php\/urun\/buyuk-umutlar-4\/"},"modified":"2026-04-11T13:32:46","modified_gmt":"2026-04-11T10:32:46","slug":"buyuk-umutlar-4","status":"publish","type":"product","link":"https:\/\/roveyayinevi.com.tr\/index.php\/urun\/buyuk-umutlar-4\/","title":{"rendered":"B\u00fcy\u00fck Umutlar"},"content":{"rendered":"<p>Annesi ve babas\u0131n\u0131 hen\u00fcz \u00e7ok k\u00fc\u00e7\u00fck bir ya\u015fta kaybeden Pip, ablas\u0131 ve k\u00f6y\u00fcn demircisi olan eni\u015ftesiyle ya\u015famaktad\u0131r. Bir g\u00fcn ebeveynlerinin mezarlar\u0131n\u0131 ziyaret ederken, ayaklar\u0131 zincirle ba\u011fl\u0131 bir mahk\u00fbmla kar\u015f\u0131la\u015f\u0131r ve b\u00fcy\u00fck bir korkuyla da olsa bu heybetli adam\u0131n kendisinden istediklerini yerine getirir. Aradan y\u0131llar ge\u00e7er. Ya\u015fad\u0131\u011f\u0131 t\u00fcrl\u00fc olaylar\u0131n ard\u0131ndan, kim oldu\u011funu bir t\u00fcrl\u00fc \u00f6\u011frenemedi\u011fi bir haminin yard\u0131mlar\u0131yla Pip bamba\u015fka bir ya\u015fam s\u00fcrmeye ba\u015flam\u0131\u015ft\u0131r. \u0130yi bir e\u011fitim alma f\u0131rsat\u0131na kavu\u015fur, Londra&#8217;ya yerle\u015fir. B\u00fct\u00fcn bunlara ra\u011fmen Pip&#8217;in gelece\u011fi yeni s\u00fcrprizlere de gebedir\u2026 \u00dcnl\u00fc \u0130ngiliz yazar Charles Dickens (1812-1870), ilk kez yay\u0131nland\u0131\u011f\u0131 1861 y\u0131l\u0131ndan bu yana b\u00fcy\u00fck ilgi g\u00f6ren ve pek \u00e7ok kereler televizyona ve beyaz perdeye uyarlanan bu roman\u0131nda, k\u00f6y ve kent ya\u015fant\u0131s\u0131 aras\u0131ndaki u\u00e7urum ile toplumdaki para h\u0131rs\u0131 ve ayr\u0131mc\u0131l\u0131k gibi temalar\u0131 i\u015fliyor.<\/p>\n","protected":false},"excerpt":{"rendered":"<p>Annesi ve babas\u0131n\u0131 hen\u00fcz \u00e7ok k\u00fc\u00e7\u00fck bir ya\u015fta kaybeden Pip, ablas\u0131 ve k\u00f6y\u00fcn demircisi olan eni\u015ftesiyle ya\u015famaktad\u0131r. Bir g\u00fcn ebeveynlerinin mezarlar\u0131n\u0131 ziyaret ederken, ayaklar\u0131 zincirle ba\u011fl\u0131<span class=\"excerpt-hellip\"> [\u2026]<\/span><\/p>\n","protected":false},"featured_media":0,"template":"","meta":{"_monsterinsights_skip_tracking":false,"_monsterinsights_sitenote_active":false,"_monsterinsights_sitenote_note":"","_monsterinsights_sitenote_category":0},"product_brand":[],"product_cat":[12275,12274],"product_tag":[],"class_list":{"0":"post-705513","1":"product","2":"type-product","3":"status-publish","5":"product_cat-6-12-yas-kitaplari","6":"product_cat-cocuk-ve-genclik-kitaplari","7":"pa_cilt-ciltsiz","8":"pa_tur-kitap","9":"pa_yayinevi-arkadas-yayinlari","10":"pa_yazar-charles-dickens","12":"first","13":"instock","14":"sale","15":"shipping-taxable","16":"purchasable","17":"product-type-simple"},"_links":{"self":[{"href":"https:\/\/roveyayinevi.com.tr\/index.php\/wp-json\/wp\/v2\/product\/705513","targetHints":{"allow":["GET"]}}],"collection":[{"href":"https:\/\/roveyayinevi.com.tr\/index.php\/wp-json\/wp\/v2\/product"}],"about":[{"href":"https:\/\/roveyayinevi.com.tr\/index.php\/wp-json\/wp\/v2\/types\/product"}],"wp:attachment":[{"href":"https:\/\/roveyayinevi.com.tr\/index.php\/wp-json\/wp\/v2\/media?parent=705513"}],"wp:term":[{"taxonomy":"product_brand","embeddable":true,"href":"https:\/\/roveyayinevi.com.tr\/index.php\/wp-json\/wp\/v2\/product_brand?post=705513"},{"taxonomy":"product_cat","embeddable":true,"href":"https:\/\/roveyayinevi.com.tr\/index.php\/wp-json\/wp\/v2\/product_cat?post=705513"},{"taxonomy":"product_tag","embeddable":true,"href":"https:\/\/roveyayinevi.com.tr\/index.php\/wp-json\/wp\/v2\/product_tag?post=705513"}],"curies":[{"name":"wp","href":"https:\/\/api.w.org\/{rel}","templated":true}]}}