{"id":705512,"date":"2025-08-27T15:46:38","date_gmt":"2025-08-27T12:46:38","guid":{"rendered":"https:\/\/roveyayinevi.com.tr\/index.php\/urun\/kaderin-iki-kiyisi\/"},"modified":"2026-04-16T02:14:24","modified_gmt":"2026-04-15T23:14:24","slug":"kaderin-iki-kiyisi","status":"publish","type":"product","link":"https:\/\/roveyayinevi.com.tr\/index.php\/urun\/kaderin-iki-kiyisi\/","title":{"rendered":"Kaderin \u0130ki K\u0131y\u0131s\u0131"},"content":{"rendered":"<p>Kuzenlerinin en \u0131slah olmazlar\u0131 kadar vah\u015fi ve g\u00f6z\u00fc kara olan Amy Malory, evlenme ya\u015f\u0131na gelmi\u015f ve g\u00f6z\u00fcn\u00fc damat adaylar\u0131n\u0131n en uygunsuzuna, James Amca\u2019y\u0131 y\u0131llar \u00f6nce korsan oldu\u011fu gerek\u00e7esiyle neredeyse ast\u0131racak olan, ba\u011fnaz bir Amerikal\u0131 gemi kaptan\u0131na dikmi\u015fti.Warren Anderson, can d\u00fc\u015fman\u0131n\u0131n g\u00fczel ye\u011feninin k\u00fcstah hamleleri y\u00fcz\u00fcnden \u015fa\u015fk\u0131nl\u0131\u011fa d\u00fc\u015fm\u00fc\u015ft\u00fc. Ona kar\u015f\u0131 koymaya kararl\u0131 olsa da, bu b\u00fcy\u00fcleyici ve cilveli k\u0131z i\u00e7in yan\u0131p tutu\u015fuyordu. Acaba heyecan dolu kalbi, aileler aras\u0131ndaki k\u00fcllenmi\u015f kan davas\u0131n\u0131 yeniden alevlendirecek tehlikeli bir a\u015fka teslim olacak m\u0131yd\u0131? <\/p>\n","protected":false},"excerpt":{"rendered":"<p>Kuzenlerinin en \u0131slah olmazlar\u0131 kadar vah\u015fi ve g\u00f6z\u00fc kara olan Amy Malory, evlenme ya\u015f\u0131na gelmi\u015f ve g\u00f6z\u00fcn\u00fc damat adaylar\u0131n\u0131n en uygunsuzuna, James Amca\u2019y\u0131 y\u0131llar \u00f6nce korsan<span class=\"excerpt-hellip\"> [\u2026]<\/span><\/p>\n","protected":false},"featured_media":0,"template":"","meta":{"_monsterinsights_skip_tracking":false,"_monsterinsights_sitenote_active":false,"_monsterinsights_sitenote_note":"","_monsterinsights_sitenote_category":0},"product_brand":[],"product_cat":[12291,12711],"product_tag":[],"class_list":{"0":"post-705512","1":"product","2":"type-product","3":"status-publish","5":"product_cat-edebiyat","6":"product_cat-roman-oyku","7":"pa_cilt-ciltsiz","8":"pa_tur-kitap","9":"pa_yayinevi-epsilon-yayinlari","10":"pa_yazar-johanna-lindsey","12":"first","13":"instock","14":"sale","15":"shipping-taxable","16":"purchasable","17":"product-type-simple"},"_links":{"self":[{"href":"https:\/\/roveyayinevi.com.tr\/index.php\/wp-json\/wp\/v2\/product\/705512","targetHints":{"allow":["GET"]}}],"collection":[{"href":"https:\/\/roveyayinevi.com.tr\/index.php\/wp-json\/wp\/v2\/product"}],"about":[{"href":"https:\/\/roveyayinevi.com.tr\/index.php\/wp-json\/wp\/v2\/types\/product"}],"wp:attachment":[{"href":"https:\/\/roveyayinevi.com.tr\/index.php\/wp-json\/wp\/v2\/media?parent=705512"}],"wp:term":[{"taxonomy":"product_brand","embeddable":true,"href":"https:\/\/roveyayinevi.com.tr\/index.php\/wp-json\/wp\/v2\/product_brand?post=705512"},{"taxonomy":"product_cat","embeddable":true,"href":"https:\/\/roveyayinevi.com.tr\/index.php\/wp-json\/wp\/v2\/product_cat?post=705512"},{"taxonomy":"product_tag","embeddable":true,"href":"https:\/\/roveyayinevi.com.tr\/index.php\/wp-json\/wp\/v2\/product_tag?post=705512"}],"curies":[{"name":"wp","href":"https:\/\/api.w.org\/{rel}","templated":true}]}}