{"id":705510,"date":"2025-08-27T15:46:37","date_gmt":"2025-08-27T12:46:37","guid":{"rendered":"https:\/\/roveyayinevi.com.tr\/index.php\/urun\/geri-donusturmeye-yardim-ediyorum-yeniden-kullaniyorum\/"},"modified":"2026-04-16T02:14:24","modified_gmt":"2026-04-15T23:14:24","slug":"geri-donusturmeye-yardim-ediyorum-yeniden-kullaniyorum","status":"publish","type":"product","link":"https:\/\/roveyayinevi.com.tr\/index.php\/urun\/geri-donusturmeye-yardim-ediyorum-yeniden-kullaniyorum\/","title":{"rendered":"Geri D\u00f6n\u00fc\u015ft\u00fcrmeye Yard\u0131m Ediyorum Yeniden Kullan\u0131yorum"},"content":{"rendered":"<p>Kulland\u0131\u011f\u0131m\u0131z e\u015fyalar\u0131 geri d\u00f6n\u00fc\u015ft\u00fcr\u00fcyoruz. Biz hepimiz \u00e7ok e\u011fleniyoruz. K\u00fc\u00e7\u00fck, harika gezegenimize yard\u0131m ediyoruz. Eski e\u015fyalar\u0131m\u0131z\u0131 geri d\u00f6n\u00fc\u015ft\u00fcr\u00fcp, yeniden kullan\u0131yoruz. Biz gezegenimizi \u00e7ok seviyoruz. \ufffcTan\u0131t\u0131m Metni<\/p>\n","protected":false},"excerpt":{"rendered":"<p>Kulland\u0131\u011f\u0131m\u0131z e\u015fyalar\u0131 geri d\u00f6n\u00fc\u015ft\u00fcr\u00fcyoruz. Biz hepimiz \u00e7ok e\u011fleniyoruz. K\u00fc\u00e7\u00fck, harika gezegenimize yard\u0131m ediyoruz. Eski e\u015fyalar\u0131m\u0131z\u0131 geri d\u00f6n\u00fc\u015ft\u00fcr\u00fcp, yeniden kullan\u0131yoruz. Biz gezegenimizi \u00e7ok seviyoruz. \ufffcTan\u0131t\u0131m Metni<\/p>\n","protected":false},"featured_media":0,"template":"","meta":{"_monsterinsights_skip_tracking":false,"_monsterinsights_sitenote_active":false,"_monsterinsights_sitenote_note":"","_monsterinsights_sitenote_category":0},"product_brand":[],"product_cat":[12274,12631],"product_tag":[],"class_list":{"0":"post-705510","1":"product","2":"type-product","3":"status-publish","5":"product_cat-cocuk-ve-genclik-kitaplari","6":"product_cat-diger-cocuk-ve-genclik-kitaplari","7":"pa_cilt-ciltsiz","8":"pa_tur-kitap","9":"pa_yayinevi-almidilli","10":"pa_yazar-charles-ghigna","12":"first","13":"instock","14":"sale","15":"shipping-taxable","16":"purchasable","17":"product-type-simple"},"_links":{"self":[{"href":"https:\/\/roveyayinevi.com.tr\/index.php\/wp-json\/wp\/v2\/product\/705510","targetHints":{"allow":["GET"]}}],"collection":[{"href":"https:\/\/roveyayinevi.com.tr\/index.php\/wp-json\/wp\/v2\/product"}],"about":[{"href":"https:\/\/roveyayinevi.com.tr\/index.php\/wp-json\/wp\/v2\/types\/product"}],"wp:attachment":[{"href":"https:\/\/roveyayinevi.com.tr\/index.php\/wp-json\/wp\/v2\/media?parent=705510"}],"wp:term":[{"taxonomy":"product_brand","embeddable":true,"href":"https:\/\/roveyayinevi.com.tr\/index.php\/wp-json\/wp\/v2\/product_brand?post=705510"},{"taxonomy":"product_cat","embeddable":true,"href":"https:\/\/roveyayinevi.com.tr\/index.php\/wp-json\/wp\/v2\/product_cat?post=705510"},{"taxonomy":"product_tag","embeddable":true,"href":"https:\/\/roveyayinevi.com.tr\/index.php\/wp-json\/wp\/v2\/product_tag?post=705510"}],"curies":[{"name":"wp","href":"https:\/\/api.w.org\/{rel}","templated":true}]}}