{"id":705509,"date":"2025-08-27T15:46:37","date_gmt":"2025-08-27T12:46:37","guid":{"rendered":"https:\/\/roveyayinevi.com.tr\/index.php\/urun\/turkiyenin-muzigi-1-cilt-turk-sanat-muzigi\/"},"modified":"2026-04-16T02:14:24","modified_gmt":"2026-04-15T23:14:24","slug":"turkiyenin-muzigi-1-cilt-turk-sanat-muzigi","status":"publish","type":"product","link":"https:\/\/roveyayinevi.com.tr\/index.php\/urun\/turkiyenin-muzigi-1-cilt-turk-sanat-muzigi\/","title":{"rendered":"T\u00fcrkiye&#8217;nin M\u00fczi\u011fi 1. Cilt (T\u00fcrk Sanat M\u00fczi\u011fi)"},"content":{"rendered":"<p>Kitaplar T\u00fcrk\u00e7e olarak ilk kez Ocak 2007&#8217;de Sun Yay\u0131nevi taraf\u0131ndan yay\u0131nland\u0131. 1. ciltin konusu: T\u00fcrk Sanat M\u00fczi\u011fi. Eski yazmalardan, notalardan yeni yay\u0131nlara kadar \u00e7ok geni\u015f bir aynak\u00e7aya dayan\u0131yor (\u0130\u00e7erisinde konularla ilgili 28 adet foto\u011fraf ve minyat\u00fcr yer almaktad\u0131r). Ek olarak bir de b\u00fcy\u00fck boy makamlar \u00e7izelgesi veriliyor \ufffcTan\u0131t\u0131m Metni<\/p>\n","protected":false},"excerpt":{"rendered":"<p>Kitaplar T\u00fcrk\u00e7e olarak ilk kez Ocak 2007&#8217;de Sun Yay\u0131nevi taraf\u0131ndan yay\u0131nland\u0131. 1. ciltin konusu: T\u00fcrk Sanat M\u00fczi\u011fi. Eski yazmalardan, notalardan yeni yay\u0131nlara kadar \u00e7ok geni\u015f bir<span class=\"excerpt-hellip\"> [\u2026]<\/span><\/p>\n","protected":false},"featured_media":0,"template":"","meta":{"_monsterinsights_skip_tracking":false,"_monsterinsights_sitenote_active":false,"_monsterinsights_sitenote_note":"","_monsterinsights_sitenote_category":0},"product_brand":[],"product_cat":[14591,14556],"product_tag":[],"class_list":{"0":"post-705509","1":"product","2":"type-product","3":"status-publish","5":"product_cat-genel-kavramlar-kuram-ve-tarihce","6":"product_cat-muzik","7":"pa_cilt-ciltsiz","8":"pa_tur-kitap","9":"pa_yayinevi-sun-yayinevi","10":"pa_yazar-kurt-ursula-reinhard","12":"first","13":"instock","14":"sale","15":"shipping-taxable","16":"purchasable","17":"product-type-simple"},"_links":{"self":[{"href":"https:\/\/roveyayinevi.com.tr\/index.php\/wp-json\/wp\/v2\/product\/705509","targetHints":{"allow":["GET"]}}],"collection":[{"href":"https:\/\/roveyayinevi.com.tr\/index.php\/wp-json\/wp\/v2\/product"}],"about":[{"href":"https:\/\/roveyayinevi.com.tr\/index.php\/wp-json\/wp\/v2\/types\/product"}],"wp:attachment":[{"href":"https:\/\/roveyayinevi.com.tr\/index.php\/wp-json\/wp\/v2\/media?parent=705509"}],"wp:term":[{"taxonomy":"product_brand","embeddable":true,"href":"https:\/\/roveyayinevi.com.tr\/index.php\/wp-json\/wp\/v2\/product_brand?post=705509"},{"taxonomy":"product_cat","embeddable":true,"href":"https:\/\/roveyayinevi.com.tr\/index.php\/wp-json\/wp\/v2\/product_cat?post=705509"},{"taxonomy":"product_tag","embeddable":true,"href":"https:\/\/roveyayinevi.com.tr\/index.php\/wp-json\/wp\/v2\/product_tag?post=705509"}],"curies":[{"name":"wp","href":"https:\/\/api.w.org\/{rel}","templated":true}]}}