{"id":705507,"date":"2025-08-27T15:46:36","date_gmt":"2025-08-27T12:46:36","guid":{"rendered":"https:\/\/roveyayinevi.com.tr\/index.php\/urun\/bunalim-ekonomisinin-geri-donusu-ve-kuresel-kriz-7-basim\/"},"modified":"2026-04-16T02:14:24","modified_gmt":"2026-04-15T23:14:24","slug":"bunalim-ekonomisinin-geri-donusu-ve-kuresel-kriz-7-basim","status":"publish","type":"product","link":"https:\/\/roveyayinevi.com.tr\/index.php\/urun\/bunalim-ekonomisinin-geri-donusu-ve-kuresel-kriz-7-basim\/","title":{"rendered":"Bunal\u0131m Ekonomisinin Geri D\u00f6n\u00fc\u015f\u00fc ve K\u00fcresel Kriz 7. Bas\u0131m"},"content":{"rendered":"<p>2008 finans krizi ve \u00e7\u00f6z\u00fcmlemesi konusunda, 2008 Nobel Ekonomi \u00d6d\u00fcl\u00fc Sahibi, \u00fcretken yazar Paul Krugman\u2019dan daha iyi bir rehber olabilir mi? Krugman, 1999\u2019da yazd\u0131\u011f\u0131 g\u00fc\u00e7l\u00fc \u00f6ng\u00f6r\u00fcler i\u00e7eren Bunal\u0131m Ekonomisinin Geri D\u00f6n\u00fc\u015f\u00fc adl\u0131 klasi\u011finde t\u00fcm Asya ve Latin Amerika \u00fclkelerine yay\u0131lan ekonomik krizleri incelemi\u015f ve bunlar\u0131n hepimiz i\u00e7in bir uyar\u0131 oldu\u011funa i\u015faret etmi\u015fti: Bu krizler t\u0131pk\u0131 hastal\u0131klar gibi antibiyotiklere kar\u015f\u0131 diren\u00e7 kazanm\u0131\u015ft\u0131, B\u00fcy\u00fck Bunal\u0131ma neden olan kronik ekonomik rahats\u0131zl\u0131klar geri d\u00f6n\u00fcyordu. \u0130zleyen y\u0131llarda, Wall Street canlan\u0131p, finansal alavere dalavereciler muazzam k\u00e2rlar elde ettik\u00e7e 1990\u2019lardaki uluslararas\u0131 kriz haf\u0131zlardan silindi. Fakat \u015fimdi bunal\u0131m ekonomisi Amerika\u2019ya geri d\u00f6nd\u00fc. 2000\u2019lerin ortas\u0131nda olu\u015fan b\u00fcy\u00fck konut balonu patlad\u0131\u011f\u0131nda, Abd finans sisteminin daha \u00f6nceki krizlere yakalanan geli\u015fmekte olan \u00fclkeler kadar savunmas\u0131z oldu\u011fu ortaya \u00e7\u0131kt\u0131 \u2013ve 1930\u2019larda ya\u015fananlar\u0131n yeniden sahneye \u00e7\u0131kmas\u0131 b\u00fct\u00fcn\u00fcyle m\u00fcmk\u00fcn g\u00f6r\u00fcnmeye ba\u015flad\u0131. \ufffcTan\u0131t\u0131m Metni<\/p>\n","protected":false},"excerpt":{"rendered":"<p>2008 finans krizi ve \u00e7\u00f6z\u00fcmlemesi konusunda, 2008 Nobel Ekonomi \u00d6d\u00fcl\u00fc Sahibi, \u00fcretken yazar Paul Krugman\u2019dan daha iyi bir rehber olabilir mi? Krugman, 1999\u2019da yazd\u0131\u011f\u0131 g\u00fc\u00e7l\u00fc \u00f6ng\u00f6r\u00fcler<span class=\"excerpt-hellip\"> [\u2026]<\/span><\/p>\n","protected":false},"featured_media":0,"template":"","meta":{"_monsterinsights_skip_tracking":false,"_monsterinsights_sitenote_active":false,"_monsterinsights_sitenote_note":"","_monsterinsights_sitenote_category":0},"product_brand":[],"product_cat":[13044,13043],"product_tag":[],"class_list":{"0":"post-705507","1":"product","2":"type-product","3":"status-publish","5":"product_cat-dunya-ekonomisi","6":"product_cat-ekonomi","7":"pa_cilt-ciltsiz","8":"pa_tur-kitap","9":"pa_yayinevi-literatur-yayinevi","10":"pa_yazar-paul-krugman","12":"first","13":"instock","14":"sale","15":"shipping-taxable","16":"purchasable","17":"product-type-simple"},"_links":{"self":[{"href":"https:\/\/roveyayinevi.com.tr\/index.php\/wp-json\/wp\/v2\/product\/705507","targetHints":{"allow":["GET"]}}],"collection":[{"href":"https:\/\/roveyayinevi.com.tr\/index.php\/wp-json\/wp\/v2\/product"}],"about":[{"href":"https:\/\/roveyayinevi.com.tr\/index.php\/wp-json\/wp\/v2\/types\/product"}],"wp:attachment":[{"href":"https:\/\/roveyayinevi.com.tr\/index.php\/wp-json\/wp\/v2\/media?parent=705507"}],"wp:term":[{"taxonomy":"product_brand","embeddable":true,"href":"https:\/\/roveyayinevi.com.tr\/index.php\/wp-json\/wp\/v2\/product_brand?post=705507"},{"taxonomy":"product_cat","embeddable":true,"href":"https:\/\/roveyayinevi.com.tr\/index.php\/wp-json\/wp\/v2\/product_cat?post=705507"},{"taxonomy":"product_tag","embeddable":true,"href":"https:\/\/roveyayinevi.com.tr\/index.php\/wp-json\/wp\/v2\/product_tag?post=705507"}],"curies":[{"name":"wp","href":"https:\/\/api.w.org\/{rel}","templated":true}]}}