{"id":705506,"date":"2025-08-27T15:46:36","date_gmt":"2025-08-27T12:46:36","guid":{"rendered":"https:\/\/roveyayinevi.com.tr\/index.php\/urun\/bizim-ince-kizlar\/"},"modified":"2026-04-16T02:14:23","modified_gmt":"2026-04-15T23:14:23","slug":"bizim-ince-kizlar","status":"publish","type":"product","link":"https:\/\/roveyayinevi.com.tr\/index.php\/urun\/bizim-ince-kizlar\/","title":{"rendered":"Bizim \u0130nce K\u0131zlar"},"content":{"rendered":"<p>Fakir Baykurt, \u00f6yk\u00fclerinde k\u00f6y ya\u015fam\u0131n\u0131n sertli\u011fi, yoksulluk, cahillik, taassup, bat\u0131l inan\u00e7, s\u00f6m\u00fcr\u00fc gibisorunlar\u0131 ele alarak k\u00f6yl\u00fcn\u00fcn maddi ve manevi d\u00fcnyas\u0131n\u0131 toplumsalc\u0131 ve ger\u00e7ek\u00e7i bir bak\u0131\u015ftan i\u015fliyor.G\u00f6zlemlerden, canl\u0131 tan\u0131kl\u0131klardan yola \u00e7\u0131kan yazar, g\u00fcnl\u00fck konu\u015fma dilini \u00f6yk\u00fcye ta\u015f\u0131yarak zaman zamanmizahi bir dil kullan\u0131yor; b\u00fcrokrasinin \u00e7arklar\u0131 aras\u0131nda s\u0131k\u0131\u015fan ama i\u00e7inde de bir umudu bar\u0131nd\u0131ran \u201cs\u0131radaninsan\u0131\u201d, ya\u015fad\u0131\u011f\u0131 yerin atmosferiyle birlikte \u00e7arp\u0131c\u0131 bir bi\u00e7imde betimliyor.\u0130lk bas\u0131m\u0131 1993\u2019de yap\u0131lan Bizim \u0130nce K\u0131zlar\u2019\u0131 yeniden okurla bulu\u015fturuyoruz:Yeni zamanda Duisburg\u2019ta kad\u0131nlar, \u015fimdiye kadar \u201cerkek i\u015fi\u201d say\u0131lan i\u015flere karakucak dald\u0131. Bir iki y\u0131ld\u0131rotob\u00fcs, tramvay da s\u00fcr\u00fcyorlar. Ba\u015f\u0131m\u0131 \u00e7evirip en \u00f6ne, s\u00fcr\u00fcc\u00fcn\u00fcn oturdu\u011fu b\u00f6l\u00fcme bak\u0131yorum. Yan\u0131nda ince,uzun, fidan boylu biri dikiliyor. Konu\u015fuyorlar. S\u00fcrekli indi bindiler oluyor. Tramvay hep dolu. \u0130\u015f\u00e7iler, i\u015f\u00e7i\u00e7ocuklar\u0131 bir yerlerden kalk\u0131p bir yerlere yeti\u015fmeye \u00e7al\u0131\u015f\u0131yor. Ben bug\u00fcn onca ses aras\u0131ndan nedense hepT\u00fcrk\u00e7eleri se\u00e7iyorum. Ama beni etkileyen o tatl\u0131 sesi bir t\u00fcrl\u00fc bulam\u0131yorum. Deli olaca\u011f\u0131m. Yolum da bitiyor;S\u0131\u011f\u0131r Kap\u0131s\u0131 denilen yerde inmem gerekiyor. \u00dczg\u00fcn\u00fcm; bir yenilmi\u015flik duygusu i\u00e7inde, \u00f6n kap\u0131ya do\u011fruy\u00fcr\u00fcyorum.Hemen dibimde, \u201cVallayi \u00e7ok iyi etmi\u015fin Emine!\u201d diyor biri: \u201cBu y\u0131l\u0131n sonunda ben de senin gibi \u00e7al\u0131\u015fmayaba\u015flar\u0131m. Neden dersen, art\u0131k okul bitiyor! Ne yap\u0131p edip bir i\u015f bulmam gerekir&#8230;\u201d<\/p>\n","protected":false},"excerpt":{"rendered":"<p>Fakir Baykurt, \u00f6yk\u00fclerinde k\u00f6y ya\u015fam\u0131n\u0131n sertli\u011fi, yoksulluk, cahillik, taassup, bat\u0131l inan\u00e7, s\u00f6m\u00fcr\u00fc gibisorunlar\u0131 ele alarak k\u00f6yl\u00fcn\u00fcn maddi ve manevi d\u00fcnyas\u0131n\u0131 toplumsalc\u0131 ve ger\u00e7ek\u00e7i bir bak\u0131\u015ftan i\u015fliyor.G\u00f6zlemlerden,<span class=\"excerpt-hellip\"> [\u2026]<\/span><\/p>\n","protected":false},"featured_media":0,"template":"","meta":{"_monsterinsights_skip_tracking":false,"_monsterinsights_sitenote_active":false,"_monsterinsights_sitenote_note":"","_monsterinsights_sitenote_category":0},"product_brand":[],"product_cat":[12291,12292],"product_tag":[],"class_list":{"0":"post-705506","1":"product","2":"type-product","3":"status-publish","5":"product_cat-edebiyat","6":"product_cat-turk-edebiyati","7":"pa_cilt-ciltsiz","8":"pa_tur-kitap","9":"pa_yayinevi-literatur-yayinevi","10":"pa_yazar-fakir-baykurt","12":"first","13":"instock","14":"sale","15":"shipping-taxable","16":"purchasable","17":"product-type-simple"},"_links":{"self":[{"href":"https:\/\/roveyayinevi.com.tr\/index.php\/wp-json\/wp\/v2\/product\/705506","targetHints":{"allow":["GET"]}}],"collection":[{"href":"https:\/\/roveyayinevi.com.tr\/index.php\/wp-json\/wp\/v2\/product"}],"about":[{"href":"https:\/\/roveyayinevi.com.tr\/index.php\/wp-json\/wp\/v2\/types\/product"}],"wp:attachment":[{"href":"https:\/\/roveyayinevi.com.tr\/index.php\/wp-json\/wp\/v2\/media?parent=705506"}],"wp:term":[{"taxonomy":"product_brand","embeddable":true,"href":"https:\/\/roveyayinevi.com.tr\/index.php\/wp-json\/wp\/v2\/product_brand?post=705506"},{"taxonomy":"product_cat","embeddable":true,"href":"https:\/\/roveyayinevi.com.tr\/index.php\/wp-json\/wp\/v2\/product_cat?post=705506"},{"taxonomy":"product_tag","embeddable":true,"href":"https:\/\/roveyayinevi.com.tr\/index.php\/wp-json\/wp\/v2\/product_tag?post=705506"}],"curies":[{"name":"wp","href":"https:\/\/api.w.org\/{rel}","templated":true}]}}