{"id":705505,"date":"2025-08-27T15:46:36","date_gmt":"2025-08-27T12:46:36","guid":{"rendered":"https:\/\/roveyayinevi.com.tr\/index.php\/urun\/eski-buyuk-uygarliklar\/"},"modified":"2026-04-16T02:14:23","modified_gmt":"2026-04-15T23:14:23","slug":"eski-buyuk-uygarliklar","status":"publish","type":"product","link":"https:\/\/roveyayinevi.com.tr\/index.php\/urun\/eski-buyuk-uygarliklar\/","title":{"rendered":"Eski B\u00fcy\u00fck Uygarl\u0131klar"},"content":{"rendered":"<p>S\u00fcmerler, M\u0131s\u0131rl\u0131lar, Yunanlar ve Romal\u0131lar. T\u00fcm bu eski uygarl\u0131klar\u0131n nas\u0131l bir ya\u015fam s\u00fcrd\u00fcrd\u00fcklerini ve neler icat ettiklerini bu kitapta bulacaks\u0131n\u0131z. K\u00fc\u00e7\u00fck bilim insanlar\u0131m\u0131z bu kitaba bay\u0131lacak! \ufffcTan\u0131t\u0131m Metni<\/p>\n","protected":false},"excerpt":{"rendered":"<p>S\u00fcmerler, M\u0131s\u0131rl\u0131lar, Yunanlar ve Romal\u0131lar. T\u00fcm bu eski uygarl\u0131klar\u0131n nas\u0131l bir ya\u015fam s\u00fcrd\u00fcrd\u00fcklerini ve neler icat ettiklerini bu kitapta bulacaks\u0131n\u0131z. K\u00fc\u00e7\u00fck bilim insanlar\u0131m\u0131z bu kitaba bay\u0131lacak!<span class=\"excerpt-hellip\"> [\u2026]<\/span><\/p>\n","protected":false},"featured_media":0,"template":"","meta":{"_monsterinsights_skip_tracking":false,"_monsterinsights_sitenote_active":false,"_monsterinsights_sitenote_note":"","_monsterinsights_sitenote_category":0},"product_brand":[],"product_cat":[12274,12631],"product_tag":[],"class_list":{"0":"post-705505","1":"product","2":"type-product","3":"status-publish","5":"product_cat-cocuk-ve-genclik-kitaplari","6":"product_cat-diger-cocuk-ve-genclik-kitaplari","7":"pa_tur-kitap","8":"pa_yayinevi-odtu-gelistirme-vakfi-yayincilik","9":"pa_yazar-elizabeth-de-lambilly","11":"first","12":"instock","13":"sale","14":"shipping-taxable","15":"purchasable","16":"product-type-simple"},"_links":{"self":[{"href":"https:\/\/roveyayinevi.com.tr\/index.php\/wp-json\/wp\/v2\/product\/705505","targetHints":{"allow":["GET"]}}],"collection":[{"href":"https:\/\/roveyayinevi.com.tr\/index.php\/wp-json\/wp\/v2\/product"}],"about":[{"href":"https:\/\/roveyayinevi.com.tr\/index.php\/wp-json\/wp\/v2\/types\/product"}],"wp:attachment":[{"href":"https:\/\/roveyayinevi.com.tr\/index.php\/wp-json\/wp\/v2\/media?parent=705505"}],"wp:term":[{"taxonomy":"product_brand","embeddable":true,"href":"https:\/\/roveyayinevi.com.tr\/index.php\/wp-json\/wp\/v2\/product_brand?post=705505"},{"taxonomy":"product_cat","embeddable":true,"href":"https:\/\/roveyayinevi.com.tr\/index.php\/wp-json\/wp\/v2\/product_cat?post=705505"},{"taxonomy":"product_tag","embeddable":true,"href":"https:\/\/roveyayinevi.com.tr\/index.php\/wp-json\/wp\/v2\/product_tag?post=705505"}],"curies":[{"name":"wp","href":"https:\/\/api.w.org\/{rel}","templated":true}]}}