{"id":705498,"date":"2025-08-27T15:46:33","date_gmt":"2025-08-27T12:46:33","guid":{"rendered":"https:\/\/roveyayinevi.com.tr\/index.php\/urun\/gozumuz-neden-capaklanir-kanimiz-neden-cekilir\/"},"modified":"2026-04-16T02:14:23","modified_gmt":"2026-04-15T23:14:23","slug":"gozumuz-neden-capaklanir-kanimiz-neden-cekilir","status":"publish","type":"product","link":"https:\/\/roveyayinevi.com.tr\/index.php\/urun\/gozumuz-neden-capaklanir-kanimiz-neden-cekilir\/","title":{"rendered":"G\u00f6z\u00fcm\u00fcz Neden \u00c7apaklan\u0131r, Kan\u0131m\u0131z Neden \u00c7ekilir?"},"content":{"rendered":"<p>Sabahlar\u0131 uyan\u0131nca neden gerinme ihtiyac\u0131 hissederiz? Cips ve \u00e7ikolata ger\u00e7ekten ba\u011f\u0131ml\u0131l\u0131k yapar m\u0131? Tat alma duygumuz nas\u0131l geli\u015fir? Karn\u0131m\u0131z tokken neden ders \u00e7al\u0131\u015fmakta zorlan\u0131r\u0131z? \u0130la\u00e7lar nas\u0131l etkili olur? K\u0131zlar neden erkeklerden farkl\u0131 d\u00fc\u015f\u00fcn\u00fcr? <\/p>\n","protected":false},"excerpt":{"rendered":"<p>Sabahlar\u0131 uyan\u0131nca neden gerinme ihtiyac\u0131 hissederiz? Cips ve \u00e7ikolata ger\u00e7ekten ba\u011f\u0131ml\u0131l\u0131k yapar m\u0131? Tat alma duygumuz nas\u0131l geli\u015fir? Karn\u0131m\u0131z tokken neden ders \u00e7al\u0131\u015fmakta zorlan\u0131r\u0131z? \u0130la\u00e7lar nas\u0131l<span class=\"excerpt-hellip\"> [\u2026]<\/span><\/p>\n","protected":false},"featured_media":0,"template":"","meta":{"_monsterinsights_skip_tracking":false,"_monsterinsights_sitenote_active":false,"_monsterinsights_sitenote_note":"","_monsterinsights_sitenote_category":0},"product_brand":[],"product_cat":[12274,12284],"product_tag":[],"class_list":{"0":"post-705498","1":"product","2":"type-product","3":"status-publish","5":"product_cat-cocuk-ve-genclik-kitaplari","6":"product_cat-hikayeler","7":"pa_cilt-ciltsiz","8":"pa_tur-kitap","9":"pa_yayinevi-yapi-kredi-yayinlari","10":"pa_yazar-jurgen-brater","12":"first","13":"instock","14":"sale","15":"shipping-taxable","16":"purchasable","17":"product-type-simple"},"_links":{"self":[{"href":"https:\/\/roveyayinevi.com.tr\/index.php\/wp-json\/wp\/v2\/product\/705498","targetHints":{"allow":["GET"]}}],"collection":[{"href":"https:\/\/roveyayinevi.com.tr\/index.php\/wp-json\/wp\/v2\/product"}],"about":[{"href":"https:\/\/roveyayinevi.com.tr\/index.php\/wp-json\/wp\/v2\/types\/product"}],"wp:attachment":[{"href":"https:\/\/roveyayinevi.com.tr\/index.php\/wp-json\/wp\/v2\/media?parent=705498"}],"wp:term":[{"taxonomy":"product_brand","embeddable":true,"href":"https:\/\/roveyayinevi.com.tr\/index.php\/wp-json\/wp\/v2\/product_brand?post=705498"},{"taxonomy":"product_cat","embeddable":true,"href":"https:\/\/roveyayinevi.com.tr\/index.php\/wp-json\/wp\/v2\/product_cat?post=705498"},{"taxonomy":"product_tag","embeddable":true,"href":"https:\/\/roveyayinevi.com.tr\/index.php\/wp-json\/wp\/v2\/product_tag?post=705498"}],"curies":[{"name":"wp","href":"https:\/\/api.w.org\/{rel}","templated":true}]}}