{"id":705497,"date":"2025-08-27T15:46:33","date_gmt":"2025-08-27T12:46:33","guid":{"rendered":"https:\/\/roveyayinevi.com.tr\/index.php\/urun\/eroinle-dans\/"},"modified":"2026-04-16T02:14:23","modified_gmt":"2026-04-15T23:14:23","slug":"eroinle-dans","status":"publish","type":"product","link":"https:\/\/roveyayinevi.com.tr\/index.php\/urun\/eroinle-dans\/","title":{"rendered":"Eroinle Dans"},"content":{"rendered":"<p>E*roin s\u00f6zc\u00fc\u011f\u00fc kimseyi \u00fcrk\u00fctmesin. Madde ba\u011f\u0131ml\u0131l\u0131\u011f\u0131n\u0131n 12 ya\u015f\u0131na indi\u011fi \u00fclkemizde, ba\u015f\u0131m\u0131z\u0131 kuma g\u00f6mmeden ger\u00e7ekleri irdelemek zorunday\u0131z. E*roinle Dans, uyu\u015fturucu ve E*roin konusunda T\u00fcrkiye\u2019de yaz\u0131lm\u0131\u015f ilk ve tek roman. Her ya\u015ftan, her kesimden, uyu\u015fturucuyla tan\u0131\u015fmam\u0131\u015f ya da kullan\u0131c\u0131, \u00e7ok say\u0131da okurum oldu. 2014\u2019te Ye\u015filay Derne\u011fi\u2019nin Z\u00fcmr\u00fcd\u00fcanka \u00d6d\u00fcllerinde \u201cEn Ye\u015filayc\u0131 Edebiyat\u00e7\u0131 \u201d \u00f6d\u00fcl\u00fcn\u00fc ald\u0131m. \u00d6nceleri ku\u015fkuyla yakla\u015f\u0131l\u0131rken, art\u0131k okullarda tavsiye kitab\u0131. \u201c\u00c7ok \u015fa\u015f\u0131racaks\u0131n ama&#8230; Sana olan tutsakl\u0131\u011f\u0131m buraya kadar E*roin! Vedala\u015fmam\u0131z\u0131n zaman\u0131 geldi. &#8230; T\u00fcm sorumlulu\u011fu sana y\u00fcklemem haks\u0131zl\u0131k olur. Yapt\u0131\u011f\u0131m\u0131z\u0131n \u00f6l\u00fcm dans\u0131 oldu\u011funu bile bile, kollar\u0131ndaki sarho\u015flu\u011fumu s\u00fcrd\u00fcrd\u00fc\u011f\u00fcm i\u00e7in, ben de en az senin kadar su\u00e7luyum. Ama bitti art\u0131k&#8230; \u00d6l\u00fcm dans\u0131 tek ki\u015filiktir! Bundan sonras\u0131nda bana e\u015flik edemeyeceksin. \u00d6l\u00fcm\u00fcm senin elinden olmayacak E*roin! Bu zevki tatt\u0131rmayaca\u011f\u0131m sana&#8230;\u201d E*roinle \u00f6l\u00fcm\u00fcne dans! Bitti deseniz de bir yerlerde s\u00fcr\u00fcyor hala. De\u011fi\u015fen, yaln\u0131zca dans edenler&#8230; <\/p>\n","protected":false},"excerpt":{"rendered":"<p>E*roin s\u00f6zc\u00fc\u011f\u00fc kimseyi \u00fcrk\u00fctmesin. Madde ba\u011f\u0131ml\u0131l\u0131\u011f\u0131n\u0131n 12 ya\u015f\u0131na indi\u011fi \u00fclkemizde, ba\u015f\u0131m\u0131z\u0131 kuma g\u00f6mmeden ger\u00e7ekleri irdelemek zorunday\u0131z. E*roinle Dans, uyu\u015fturucu ve E*roin konusunda T\u00fcrkiye\u2019de yaz\u0131lm\u0131\u015f ilk ve<span class=\"excerpt-hellip\"> [\u2026]<\/span><\/p>\n","protected":false},"featured_media":0,"template":"","meta":{"_monsterinsights_skip_tracking":false,"_monsterinsights_sitenote_active":false,"_monsterinsights_sitenote_note":"","_monsterinsights_sitenote_category":0},"product_brand":[],"product_cat":[12291,12711],"product_tag":[],"class_list":{"0":"post-705497","1":"product","2":"type-product","3":"status-publish","5":"product_cat-edebiyat","6":"product_cat-roman-oyku","7":"pa_cilt-ciltsiz","8":"pa_tur-kitap","9":"pa_yayinevi-dogan-kitap","10":"pa_yazar-canan-tan","12":"first","13":"instock","14":"sale","15":"shipping-taxable","16":"purchasable","17":"product-type-simple"},"_links":{"self":[{"href":"https:\/\/roveyayinevi.com.tr\/index.php\/wp-json\/wp\/v2\/product\/705497","targetHints":{"allow":["GET"]}}],"collection":[{"href":"https:\/\/roveyayinevi.com.tr\/index.php\/wp-json\/wp\/v2\/product"}],"about":[{"href":"https:\/\/roveyayinevi.com.tr\/index.php\/wp-json\/wp\/v2\/types\/product"}],"wp:attachment":[{"href":"https:\/\/roveyayinevi.com.tr\/index.php\/wp-json\/wp\/v2\/media?parent=705497"}],"wp:term":[{"taxonomy":"product_brand","embeddable":true,"href":"https:\/\/roveyayinevi.com.tr\/index.php\/wp-json\/wp\/v2\/product_brand?post=705497"},{"taxonomy":"product_cat","embeddable":true,"href":"https:\/\/roveyayinevi.com.tr\/index.php\/wp-json\/wp\/v2\/product_cat?post=705497"},{"taxonomy":"product_tag","embeddable":true,"href":"https:\/\/roveyayinevi.com.tr\/index.php\/wp-json\/wp\/v2\/product_tag?post=705497"}],"curies":[{"name":"wp","href":"https:\/\/api.w.org\/{rel}","templated":true}]}}