{"id":705495,"date":"2025-08-27T15:46:32","date_gmt":"2025-08-27T12:46:32","guid":{"rendered":"https:\/\/roveyayinevi.com.tr\/index.php\/urun\/iz\/"},"modified":"2026-04-16T02:14:23","modified_gmt":"2026-04-15T23:14:23","slug":"iz","status":"publish","type":"product","link":"https:\/\/roveyayinevi.com.tr\/index.php\/urun\/iz\/","title":{"rendered":"\u0130z"},"content":{"rendered":"<p>Yak\u0131n \u00e7evremizde benzerlerini g\u00f6rebilece\u011fimiz ger\u00e7eklikte bir baba-k\u0131z \u00f6yk\u00fcs\u00fc.Minicik \u00e7ocuk ellerimi avucunun i\u00e7ine hapsetti\u011finde, y\u00fcre\u011fim y\u00fcre\u011finde eriyordu babac\u0131\u011f\u0131m.Parmaklar\u0131m b\u00fcy\u00fcd\u00fc diye mi tutmuyorsun art\u0131k ellerimi?Ke\u015fke hep k\u00fc\u00e7\u00fck kalsalard\u0131&#8230;Ne oldu da ayr\u0131ld\u0131 ellerimiz baba?Hi\u00e7bir zaman soramad\u0131m bunu sana. Sormak istedi\u011fimde f\u0131rsat olmad\u0131, f\u0131rsat oldu\u011funda cesaretim&#8230;Kariyerinde zirveye ula\u015fm\u0131\u015f \u00fcnl\u00fc avukat Vedat Karacan\u2019\u0131n intihar\u0131yla ba\u015fl\u0131yor \u00f6yk\u00fc. Bu beklenmedik \u00f6l\u00fcm\u00fcn ard\u0131nda yatan gizi \u00e7\u00f6zmek, Verda\u2019ya d\u00fc\u015fmektedir.Geriye d\u00f6n\u00fcp bakt\u0131\u011f\u0131nda y\u00fczle\u015fti\u011fi ke\u015fke\u2019leriyle, pi\u015fmanl\u0131klar\u0131yla ve i\u00e7ini kavuran devasa bir \u00f6zlemle s\u00fcrecektir babas\u0131n\u0131n izini&#8230;<\/p>\n","protected":false},"excerpt":{"rendered":"<p>Yak\u0131n \u00e7evremizde benzerlerini g\u00f6rebilece\u011fimiz ger\u00e7eklikte bir baba-k\u0131z \u00f6yk\u00fcs\u00fc.Minicik \u00e7ocuk ellerimi avucunun i\u00e7ine hapsetti\u011finde, y\u00fcre\u011fim y\u00fcre\u011finde eriyordu babac\u0131\u011f\u0131m.Parmaklar\u0131m b\u00fcy\u00fcd\u00fc diye mi tutmuyorsun art\u0131k ellerimi?Ke\u015fke hep k\u00fc\u00e7\u00fck kalsalard\u0131&#8230;Ne<span class=\"excerpt-hellip\"> [\u2026]<\/span><\/p>\n","protected":false},"featured_media":0,"template":"","meta":{"_monsterinsights_skip_tracking":false,"_monsterinsights_sitenote_active":false,"_monsterinsights_sitenote_note":"","_monsterinsights_sitenote_category":0},"product_brand":[],"product_cat":[12291,12711],"product_tag":[],"class_list":{"0":"post-705495","1":"product","2":"type-product","3":"status-publish","5":"product_cat-edebiyat","6":"product_cat-roman-oyku","7":"pa_cilt-ciltsiz","8":"pa_tur-kitap","9":"pa_yayinevi-dogan-kitap","10":"pa_yazar-canan-tan","12":"first","13":"instock","14":"sale","15":"shipping-taxable","16":"purchasable","17":"product-type-simple"},"_links":{"self":[{"href":"https:\/\/roveyayinevi.com.tr\/index.php\/wp-json\/wp\/v2\/product\/705495","targetHints":{"allow":["GET"]}}],"collection":[{"href":"https:\/\/roveyayinevi.com.tr\/index.php\/wp-json\/wp\/v2\/product"}],"about":[{"href":"https:\/\/roveyayinevi.com.tr\/index.php\/wp-json\/wp\/v2\/types\/product"}],"wp:attachment":[{"href":"https:\/\/roveyayinevi.com.tr\/index.php\/wp-json\/wp\/v2\/media?parent=705495"}],"wp:term":[{"taxonomy":"product_brand","embeddable":true,"href":"https:\/\/roveyayinevi.com.tr\/index.php\/wp-json\/wp\/v2\/product_brand?post=705495"},{"taxonomy":"product_cat","embeddable":true,"href":"https:\/\/roveyayinevi.com.tr\/index.php\/wp-json\/wp\/v2\/product_cat?post=705495"},{"taxonomy":"product_tag","embeddable":true,"href":"https:\/\/roveyayinevi.com.tr\/index.php\/wp-json\/wp\/v2\/product_tag?post=705495"}],"curies":[{"name":"wp","href":"https:\/\/api.w.org\/{rel}","templated":true}]}}