{"id":705493,"date":"2025-08-27T15:46:31","date_gmt":"2025-08-27T12:46:31","guid":{"rendered":"https:\/\/roveyayinevi.com.tr\/index.php\/urun\/sonsuzluk-yolu\/"},"modified":"2026-04-16T02:14:23","modified_gmt":"2026-04-15T23:14:23","slug":"sonsuzluk-yolu","status":"publish","type":"product","link":"https:\/\/roveyayinevi.com.tr\/index.php\/urun\/sonsuzluk-yolu\/","title":{"rendered":"Sonsuzluk Yolu"},"content":{"rendered":"<p>Bhagavad Gita, &#8220;Tanr\u0131 Ger\u00e7ekli\u011fini&#8221;, evrensel d\u0131\u015fa vurum s\u00fcre\u00e7lerini, istek duyan her ruhun y\u00fcksek bilgiye ve ruhsal b\u00fct\u00fcnl\u00fc\u011fe uyumlanan bir fark\u0131ndal\u0131\u011fa nas\u0131l ula\u015faca\u011f\u0131n\u0131 a\u00e7\u0131klayan bir rehberdir.&#8221;Roy Eugene Davisi\u00e7indekiler1-Bhagavad Gitan\u0131n i\u00e7sel anlam\u01312-\u00d6l\u00fcms\u00fcz ve D\u00f6n\u00fc\u015f\u00fcms\u00fcz Olan\u0131n bilgisi yogas\u01313-Eylem yogas\u01314-Eylemlerin sonu\u00e7lar\u0131ndan bilgelikle vazge\u00e7me5-Vazge\u00e7me yogas\u01316-Meditasyon yogas\u01317-Ay\u0131rt etme ve do\u011frudan deneyimle idrak etme yogas\u01318-Mutlak ger\u00e7ek yogas\u01319-Kraliyet bilgeli\u011fi ve kraliyet gizemi yogas\u013110-Kutsal D\u0131\u015fa Vurum Yogas\u013111-Evrensel Tan\u0131kl\u0131k Yogas\u013112-Adanm\u0131\u015fl\u0131k Yogas\u013113-Eylemlerin Alan\u0131n\u0131 Ve Alan\u0131 Bileni Ay\u0131rt etme yogas\u013114-Do\u011fa niteliklerini ay\u0131rt etme yogas\u013115-En Y\u00fcce ger\u00e7ek yogas\u013116-Y\u00fcksek ve D\u00fc\u015f\u00fck Do\u011falar\u0131 Ay\u0131rt etme yogas\u013117-\u00dc\u00e7 t\u00fcrl\u00fc inanc\u0131 ay\u0131rt etme yogas\u013118-Teslimiyetle vazge\u00e7erek \u00f6zg\u00fcrle\u015fme Yogas\u0131 <\/p>\n","protected":false},"excerpt":{"rendered":"<p>Bhagavad Gita, &#8220;Tanr\u0131 Ger\u00e7ekli\u011fini&#8221;, evrensel d\u0131\u015fa vurum s\u00fcre\u00e7lerini, istek duyan her ruhun y\u00fcksek bilgiye ve ruhsal b\u00fct\u00fcnl\u00fc\u011fe uyumlanan bir fark\u0131ndal\u0131\u011fa nas\u0131l ula\u015faca\u011f\u0131n\u0131 a\u00e7\u0131klayan bir rehberdir.&#8221;Roy Eugene<span class=\"excerpt-hellip\"> [\u2026]<\/span><\/p>\n","protected":false},"featured_media":0,"template":"","meta":{"_monsterinsights_skip_tracking":false,"_monsterinsights_sitenote_active":false,"_monsterinsights_sitenote_note":"","_monsterinsights_sitenote_category":0},"product_brand":[],"product_cat":[13365,19822],"product_tag":[],"class_list":{"0":"post-705493","1":"product","2":"type-product","3":"status-publish","5":"product_cat-saglik","6":"product_cat-yoga-meditasyon","7":"pa_cilt-ciltsiz","8":"pa_tur-kitap","9":"pa_yayinevi-gazi-kitabevi","10":"pa_yazar-roy-eugene-davis","12":"first","13":"instock","14":"sale","15":"shipping-taxable","16":"purchasable","17":"product-type-simple"},"_links":{"self":[{"href":"https:\/\/roveyayinevi.com.tr\/index.php\/wp-json\/wp\/v2\/product\/705493","targetHints":{"allow":["GET"]}}],"collection":[{"href":"https:\/\/roveyayinevi.com.tr\/index.php\/wp-json\/wp\/v2\/product"}],"about":[{"href":"https:\/\/roveyayinevi.com.tr\/index.php\/wp-json\/wp\/v2\/types\/product"}],"wp:attachment":[{"href":"https:\/\/roveyayinevi.com.tr\/index.php\/wp-json\/wp\/v2\/media?parent=705493"}],"wp:term":[{"taxonomy":"product_brand","embeddable":true,"href":"https:\/\/roveyayinevi.com.tr\/index.php\/wp-json\/wp\/v2\/product_brand?post=705493"},{"taxonomy":"product_cat","embeddable":true,"href":"https:\/\/roveyayinevi.com.tr\/index.php\/wp-json\/wp\/v2\/product_cat?post=705493"},{"taxonomy":"product_tag","embeddable":true,"href":"https:\/\/roveyayinevi.com.tr\/index.php\/wp-json\/wp\/v2\/product_tag?post=705493"}],"curies":[{"name":"wp","href":"https:\/\/api.w.org\/{rel}","templated":true}]}}