{"id":705492,"date":"2025-08-27T15:46:31","date_gmt":"2025-08-27T12:46:31","guid":{"rendered":"https:\/\/roveyayinevi.com.tr\/index.php\/urun\/kimyasal-kinetik\/"},"modified":"2026-04-16T02:14:23","modified_gmt":"2026-04-15T23:14:23","slug":"kimyasal-kinetik","status":"publish","type":"product","link":"https:\/\/roveyayinevi.com.tr\/index.php\/urun\/kimyasal-kinetik\/","title":{"rendered":"Kimyasal Kinetik"},"content":{"rendered":"<p>Kimyasal Kinetik, \u00fcniversitelerimizin kimya b\u00f6l\u00fcmlerindeki fizikokimya anabilimdal\u0131 i\u00e7erisinde yer alan bir bilim dal\u0131d\u0131r. Kimya m\u00fchendisli\u011fi, biyoloji, astronomi, fizik, fizik m\u00fchendisli\u011fi, jeoloji m\u00fchendisli\u011fi, eczac\u0131l\u0131k, ziraat gibi b\u00f6l\u00fcmlerde okuyan \u00f6\u011frencilere de kimya dersi i\u00e7erisinde ayr\u0131 bir konu olarak kimyasal kinetik anlat\u0131l\u0131r.Kitap, Ankara \u00dcniversitesi Fen Fak\u00fcltesi Kimya B\u00f6l\u00fcm\u00fcnde verilen Kimyasal Kinetik ders notlar\u0131 d\u00fczenlenerek haz\u0131rlanm\u0131\u015ft\u0131r. Ilk yedi b\u00f6l\u00fcm klasik kimyasal ders notlar\u0131n\u0131 i\u00e7erir. G\u00fcn\u00fcm\u00fcz kimya sanayinde \u00f6nemli bir yeri olann ve h\u0131zla geli\u015fen polimer kimyas\u0131 bilim dal\u0131 g\u00f6z \u00f6n\u00fcne al\u0131narak, 8. B\u00f6l\u00fcmde ayr\u0131ca ayr\u0131nt\u0131l\u0131 polimerizasyon kimyas\u0131 verilmi\u015ftir.Konu Ba\u015fl\u0131klar\u0131Kinetik Verilerin De\u011ferlendirilmesiTepkime H\u0131z\u0131n\u0131n Kurumsal BelirlenmesiGaz Faz\u0131 Tepkimeleri\u00c7\u00f6zelti TepkimeleriKatalizKompleks TepkimelerPolimerizasyon Kineti\u011fiFotokimya <\/p>\n","protected":false},"excerpt":{"rendered":"<p>Kimyasal Kinetik, \u00fcniversitelerimizin kimya b\u00f6l\u00fcmlerindeki fizikokimya anabilimdal\u0131 i\u00e7erisinde yer alan bir bilim dal\u0131d\u0131r. Kimya m\u00fchendisli\u011fi, biyoloji, astronomi, fizik, fizik m\u00fchendisli\u011fi, jeoloji m\u00fchendisli\u011fi, eczac\u0131l\u0131k, ziraat gibi b\u00f6l\u00fcmlerde<span class=\"excerpt-hellip\"> [\u2026]<\/span><\/p>\n","protected":false},"featured_media":0,"template":"","meta":{"_monsterinsights_skip_tracking":false,"_monsterinsights_sitenote_active":false,"_monsterinsights_sitenote_note":"","_monsterinsights_sitenote_category":0},"product_brand":[],"product_cat":[12573,12566],"product_tag":[],"class_list":{"0":"post-705492","1":"product","2":"type-product","3":"status-publish","5":"product_cat-akademik-kitaplar","6":"product_cat-egitim","7":"pa_cilt-ciltsiz","8":"pa_tur-kitap","9":"pa_yayinevi-gazi-kitabevi","10":"pa_yazar-mehmet-sacak","12":"first","13":"instock","14":"sale","15":"shipping-taxable","16":"purchasable","17":"product-type-simple"},"_links":{"self":[{"href":"https:\/\/roveyayinevi.com.tr\/index.php\/wp-json\/wp\/v2\/product\/705492","targetHints":{"allow":["GET"]}}],"collection":[{"href":"https:\/\/roveyayinevi.com.tr\/index.php\/wp-json\/wp\/v2\/product"}],"about":[{"href":"https:\/\/roveyayinevi.com.tr\/index.php\/wp-json\/wp\/v2\/types\/product"}],"wp:attachment":[{"href":"https:\/\/roveyayinevi.com.tr\/index.php\/wp-json\/wp\/v2\/media?parent=705492"}],"wp:term":[{"taxonomy":"product_brand","embeddable":true,"href":"https:\/\/roveyayinevi.com.tr\/index.php\/wp-json\/wp\/v2\/product_brand?post=705492"},{"taxonomy":"product_cat","embeddable":true,"href":"https:\/\/roveyayinevi.com.tr\/index.php\/wp-json\/wp\/v2\/product_cat?post=705492"},{"taxonomy":"product_tag","embeddable":true,"href":"https:\/\/roveyayinevi.com.tr\/index.php\/wp-json\/wp\/v2\/product_tag?post=705492"}],"curies":[{"name":"wp","href":"https:\/\/api.w.org\/{rel}","templated":true}]}}