{"id":705491,"date":"2025-08-27T15:46:31","date_gmt":"2025-08-27T12:46:31","guid":{"rendered":"https:\/\/roveyayinevi.com.tr\/index.php\/urun\/kimyacilar-icin-istatistik\/"},"modified":"2026-04-16T02:14:23","modified_gmt":"2026-04-15T23:14:23","slug":"kimyacilar-icin-istatistik","status":"publish","type":"product","link":"https:\/\/roveyayinevi.com.tr\/index.php\/urun\/kimyacilar-icin-istatistik\/","title":{"rendered":"Kimyac\u0131lar \u0130\u00e7in \u0130statistik"},"content":{"rendered":"<p>Kitap, genelde kimyac\u0131lara yard\u0131mc\u0131 olabilmek amac\u0131yla kaleme al\u0131nm\u0131\u015ft\u0131r. Zaman\u0131m\u0131z\u0131n kimyac\u0131s\u0131 sadece bilimsel problemlerle de\u011fil, teknik, ekonomik, kriminolojik ve \u00f6zellikle de kar\u0131\u015f\u0131k \u00e7evre problemleriyle kar\u015f\u0131 kar\u015f\u0131yad\u0131r. B\u00f6yle problemlerin \u00e7\u00f6z\u00fcm\u00fcnde kimyac\u0131, istatisti\u011fe de ihtiya\u00e7 duyar. Ancak, ihtiya\u00e7 duydu\u011fu istatistik olduk\u00e7a s\u0131n\u0131rl\u0131d\u0131r ve genelde fazla matematik gerektirmez. <\/p>\n","protected":false},"excerpt":{"rendered":"<p>Kitap, genelde kimyac\u0131lara yard\u0131mc\u0131 olabilmek amac\u0131yla kaleme al\u0131nm\u0131\u015ft\u0131r. Zaman\u0131m\u0131z\u0131n kimyac\u0131s\u0131 sadece bilimsel problemlerle de\u011fil, teknik, ekonomik, kriminolojik ve \u00f6zellikle de kar\u0131\u015f\u0131k \u00e7evre problemleriyle kar\u015f\u0131 kar\u015f\u0131yad\u0131r. B\u00f6yle<span class=\"excerpt-hellip\"> [\u2026]<\/span><\/p>\n","protected":false},"featured_media":0,"template":"","meta":{"_monsterinsights_skip_tracking":false,"_monsterinsights_sitenote_active":false,"_monsterinsights_sitenote_note":"","_monsterinsights_sitenote_category":0},"product_brand":[],"product_cat":[12573,12566],"product_tag":[],"class_list":{"0":"post-705491","1":"product","2":"type-product","3":"status-publish","5":"product_cat-akademik-kitaplar","6":"product_cat-egitim","7":"pa_cilt-ciltsiz","8":"pa_tur-kitap","9":"pa_yayinevi-gazi-kitabevi","10":"pa_yazar-turgut-gunduz","12":"first","13":"instock","14":"sale","15":"shipping-taxable","16":"purchasable","17":"product-type-simple"},"_links":{"self":[{"href":"https:\/\/roveyayinevi.com.tr\/index.php\/wp-json\/wp\/v2\/product\/705491","targetHints":{"allow":["GET"]}}],"collection":[{"href":"https:\/\/roveyayinevi.com.tr\/index.php\/wp-json\/wp\/v2\/product"}],"about":[{"href":"https:\/\/roveyayinevi.com.tr\/index.php\/wp-json\/wp\/v2\/types\/product"}],"wp:attachment":[{"href":"https:\/\/roveyayinevi.com.tr\/index.php\/wp-json\/wp\/v2\/media?parent=705491"}],"wp:term":[{"taxonomy":"product_brand","embeddable":true,"href":"https:\/\/roveyayinevi.com.tr\/index.php\/wp-json\/wp\/v2\/product_brand?post=705491"},{"taxonomy":"product_cat","embeddable":true,"href":"https:\/\/roveyayinevi.com.tr\/index.php\/wp-json\/wp\/v2\/product_cat?post=705491"},{"taxonomy":"product_tag","embeddable":true,"href":"https:\/\/roveyayinevi.com.tr\/index.php\/wp-json\/wp\/v2\/product_tag?post=705491"}],"curies":[{"name":"wp","href":"https:\/\/api.w.org\/{rel}","templated":true}]}}