{"id":705488,"date":"2025-08-27T15:46:30","date_gmt":"2025-08-27T12:46:30","guid":{"rendered":"https:\/\/roveyayinevi.com.tr\/index.php\/urun\/deadpool-deadpoolu-olduruyor\/"},"modified":"2026-02-23T11:01:16","modified_gmt":"2026-02-23T08:01:16","slug":"deadpool-deadpoolu-olduruyor","status":"publish","type":"product","link":"https:\/\/roveyayinevi.com.tr\/index.php\/urun\/deadpool-deadpoolu-olduruyor\/","title":{"rendered":"Deadpool &#8211; Deadpool&#8217;u \u00d6ld\u00fcr\u00fcyor"},"content":{"rendered":"<p>Deadpool Marvel Evreni&#8217;ni \u00d6ld\u00fcr\u00fcyor ile ba\u015flay\u0131p , Deadpool Edebiyat Kahramanlar\u0131n\u0131 \u00d6ld\u00fcr\u00fcyor ile devam eden Deadpool : Killogy serisinin son kitab\u0131. Deadpool&#8217;un, i\u00e7inde ya\u015fad\u0131\u011f\u0131 d\u00fcnyan\u0131n bilincinde olan serseri may\u0131n bir versiyonu, kendi kurgusal varl\u0131\u011f\u0131 ile birlikte t\u00fcm ger\u00e7ekli\u011fi, evrenin atalar\u0131n\u0131 t\u00fcm di\u011fer Deadpoollar\u0131!-geberterek yok etmeye kalk\u0131\u015ft\u0131\u011f\u0131nda, sonsuz say\u0131da ger\u00e7eklik sald\u0131r\u0131 alt\u0131nda kal\u0131yor. <\/p>\n","protected":false},"excerpt":{"rendered":"<p>Deadpool Marvel Evreni&#8217;ni \u00d6ld\u00fcr\u00fcyor ile ba\u015flay\u0131p , Deadpool Edebiyat Kahramanlar\u0131n\u0131 \u00d6ld\u00fcr\u00fcyor ile devam eden Deadpool : Killogy serisinin son kitab\u0131. Deadpool&#8217;un, i\u00e7inde ya\u015fad\u0131\u011f\u0131 d\u00fcnyan\u0131n bilincinde olan<span class=\"excerpt-hellip\"> [\u2026]<\/span><\/p>\n","protected":false},"featured_media":0,"template":"","meta":{"_monsterinsights_skip_tracking":false,"_monsterinsights_sitenote_active":false,"_monsterinsights_sitenote_note":"","_monsterinsights_sitenote_category":0},"product_brand":[],"product_cat":[12416,12291],"product_tag":[],"class_list":{"0":"post-705488","1":"product","2":"type-product","3":"status-publish","5":"product_cat-cizgi-roman","6":"product_cat-edebiyat","7":"pa_tur-kitap","8":"pa_yayinevi-jbc-yayincilik","9":"pa_yazar-cullen-bunn","11":"first","12":"instock","13":"sale","14":"shipping-taxable","15":"purchasable","16":"product-type-simple"},"_links":{"self":[{"href":"https:\/\/roveyayinevi.com.tr\/index.php\/wp-json\/wp\/v2\/product\/705488","targetHints":{"allow":["GET"]}}],"collection":[{"href":"https:\/\/roveyayinevi.com.tr\/index.php\/wp-json\/wp\/v2\/product"}],"about":[{"href":"https:\/\/roveyayinevi.com.tr\/index.php\/wp-json\/wp\/v2\/types\/product"}],"wp:attachment":[{"href":"https:\/\/roveyayinevi.com.tr\/index.php\/wp-json\/wp\/v2\/media?parent=705488"}],"wp:term":[{"taxonomy":"product_brand","embeddable":true,"href":"https:\/\/roveyayinevi.com.tr\/index.php\/wp-json\/wp\/v2\/product_brand?post=705488"},{"taxonomy":"product_cat","embeddable":true,"href":"https:\/\/roveyayinevi.com.tr\/index.php\/wp-json\/wp\/v2\/product_cat?post=705488"},{"taxonomy":"product_tag","embeddable":true,"href":"https:\/\/roveyayinevi.com.tr\/index.php\/wp-json\/wp\/v2\/product_tag?post=705488"}],"curies":[{"name":"wp","href":"https:\/\/api.w.org\/{rel}","templated":true}]}}