{"id":705483,"date":"2025-08-27T15:46:28","date_gmt":"2025-08-27T12:46:28","guid":{"rendered":"https:\/\/roveyayinevi.com.tr\/index.php\/urun\/en-son-yurekler-olur\/"},"modified":"2026-04-16T02:14:23","modified_gmt":"2026-04-15T23:14:23","slug":"en-son-yurekler-olur","status":"publish","type":"product","link":"https:\/\/roveyayinevi.com.tr\/index.php\/urun\/en-son-yurekler-olur\/","title":{"rendered":"En Son Y\u00fcrekler \u00d6l\u00fcr"},"content":{"rendered":"<p>Canan Tan bu kez, a\u015fk\u2019\u0131n yan\u0131 s\u0131ra, a\u011f\u0131rl\u0131kl\u0131 olarak organ nakli konusuna dokunduruyor kalemini.Ya\u015famla \u00f6l\u00fcm\u00fcn k\u0131yas\u0131ya sava\u015ft\u0131\u011f\u0131 yol ayr\u0131m\u0131nda ge\u00e7en \u00e7arp\u0131c\u0131 bir \u00f6yk\u00fc. Yan\u0131 ba\u015f\u0131n\u0131zda ya\u015fan\u0131yormu\u015f\u00e7as\u0131na ger\u00e7ek&#8230;\u201cSen, g\u00f6zlerinden ate\u015fler sa\u00e7arak,zehirli oklar\u0131n\u0131 bana y\u00f6neltirken,ben sana \u00e2\u015f\u0131k oldum Nehir&#8230;\u201d\u201cSen, t\u00fcm \u015fatafatl\u0131 tan\u0131mlardan s\u0131yr\u0131l\u0131p en do\u011fal halinle, yaramazl\u0131k yapan \u00e7ocuklar gibi boynunu b\u00fckm\u00fc\u015f, ba\u011f\u0131\u015flanmay\u0131 beklerken, ben sana\u00e2\u015f\u0131k oldum Deniz&#8230;\u201dY\u00fcreklere d\u00fc\u015fen ilk k\u0131v\u0131lc\u0131mlar&#8230;Sonsuza dek s\u00fcrece\u011fine inan\u0131lana\u015fk ve mutluluk&#8230;Ve o u\u011fursuz kaza!Kad\u0131n\u0131n belle\u011finde kalan son s\u00f6zc\u00fckler.\u201cS\u0131k\u0131 tutun Nehir!\u201dYazar Hakk\u0131nda:Canan Tan, Ankara\u2019da do\u011fdu. Ankara \u00dcniversitesi Eczac\u0131l\u0131k Fak\u00fcltesi mezunu. Yeni As\u0131r (\u0130zmir) gazetesinde k\u00f6\u015fe yazarl\u0131\u011f\u0131 yapt\u0131. Milliyet Pazar\u2019da g\u00fcncel olaylar\u0131 esprili bir dille yorumlayan yaz\u0131lar\u0131 yay\u0131mland\u0131. Mimoza dergisinde \u201c\u00c7uvald\u0131z\u201d, Kazete adl\u0131 kad\u0131n gazetesinde \u201cKazete-Mazete\u201d adl\u0131 k\u00f6\u015felerde yaz\u0131lar yazd\u0131. Yazar\u0131n \u00f6yk\u00fc, roman, mizah ve \u00e7ocuk edebiyat\u0131 \u00e7er\u00e7evesinde \u00e7ok say\u0131da kitab\u0131 ve senaryo \u00e7al\u0131\u015fmalar\u0131 vard\u0131r. <\/p>\n","protected":false},"excerpt":{"rendered":"<p>Canan Tan bu kez, a\u015fk\u2019\u0131n yan\u0131 s\u0131ra, a\u011f\u0131rl\u0131kl\u0131 olarak organ nakli konusuna dokunduruyor kalemini.Ya\u015famla \u00f6l\u00fcm\u00fcn k\u0131yas\u0131ya sava\u015ft\u0131\u011f\u0131 yol ayr\u0131m\u0131nda ge\u00e7en \u00e7arp\u0131c\u0131 bir \u00f6yk\u00fc. Yan\u0131 ba\u015f\u0131n\u0131zda ya\u015fan\u0131yormu\u015f\u00e7as\u0131na<span class=\"excerpt-hellip\"> [\u2026]<\/span><\/p>\n","protected":false},"featured_media":0,"template":"","meta":{"_monsterinsights_skip_tracking":false,"_monsterinsights_sitenote_active":false,"_monsterinsights_sitenote_note":"","_monsterinsights_sitenote_category":0},"product_brand":[],"product_cat":[12291,12711],"product_tag":[],"class_list":{"0":"post-705483","1":"product","2":"type-product","3":"status-publish","5":"product_cat-edebiyat","6":"product_cat-roman-oyku","7":"pa_cilt-ciltsiz","8":"pa_tur-kitap","9":"pa_yayinevi-dogan-kitap","10":"pa_yazar-canan-tan","12":"first","13":"instock","14":"sale","15":"shipping-taxable","16":"purchasable","17":"product-type-simple"},"_links":{"self":[{"href":"https:\/\/roveyayinevi.com.tr\/index.php\/wp-json\/wp\/v2\/product\/705483","targetHints":{"allow":["GET"]}}],"collection":[{"href":"https:\/\/roveyayinevi.com.tr\/index.php\/wp-json\/wp\/v2\/product"}],"about":[{"href":"https:\/\/roveyayinevi.com.tr\/index.php\/wp-json\/wp\/v2\/types\/product"}],"wp:attachment":[{"href":"https:\/\/roveyayinevi.com.tr\/index.php\/wp-json\/wp\/v2\/media?parent=705483"}],"wp:term":[{"taxonomy":"product_brand","embeddable":true,"href":"https:\/\/roveyayinevi.com.tr\/index.php\/wp-json\/wp\/v2\/product_brand?post=705483"},{"taxonomy":"product_cat","embeddable":true,"href":"https:\/\/roveyayinevi.com.tr\/index.php\/wp-json\/wp\/v2\/product_cat?post=705483"},{"taxonomy":"product_tag","embeddable":true,"href":"https:\/\/roveyayinevi.com.tr\/index.php\/wp-json\/wp\/v2\/product_tag?post=705483"}],"curies":[{"name":"wp","href":"https:\/\/api.w.org\/{rel}","templated":true}]}}