{"id":705482,"date":"2025-08-27T15:46:27","date_gmt":"2025-08-27T12:46:27","guid":{"rendered":"https:\/\/roveyayinevi.com.tr\/index.php\/urun\/abide-sahsiyet-mehmet-akif-ersoy\/"},"modified":"2026-04-16T02:14:23","modified_gmt":"2026-04-15T23:14:23","slug":"abide-sahsiyet-mehmet-akif-ersoy","status":"publish","type":"product","link":"https:\/\/roveyayinevi.com.tr\/index.php\/urun\/abide-sahsiyet-mehmet-akif-ersoy\/","title":{"rendered":"Abide \u015eahsiyet &#8211; Mehmet Akif Ersoy"},"content":{"rendered":"<p>Akif, yak\u0131n tarihimizde ad\u0131ndan \u00e7ok\u00e7a s\u00f6z ettiren Abide bir \u015fahsiyettir. M\u00fccadelesiyle, duru\u015fuyla, azmiyle \u00f6rnek ve \u00f6nderdir. Halkla i\u00e7 i\u00e7e ya\u015fayan Akif, ayd\u0131n kimli\u011fiyle toplumun a\u011flayan g\u00f6z\u00fc, s\u0131zlayan y\u00fcre\u011fi olmu\u015ftur. D\u00fcn oldu\u011fu kadar bug\u00fcn de evrensel de\u011ferlere ba\u011fl\u0131l\u0131\u011f\u0131, vatanseverli\u011fi, feraseti, cesareti ve g\u00f6n\u00fcl zenginli\u011fiyle aram\u0131zda ya\u015famaktad\u0131r. Akif; hayata ba\u011fl\u0131, milletine sevdal\u0131, mert, h\u00fcr edal\u0131, engin vefal\u0131, m\u00fcmbit bir fikir adam\u0131 ve g\u00fc\u00e7l\u00fc bir \u015fairdir. \u015eiirde zirveyi yakalam\u0131\u015f, sanat\u0131 toplumun hizmetine sunmu\u015f, sanat\u0131yla birlikte m\u00fccadelesini de samimiyetle ortaya koymu\u015ftur. Milletlerin b\u00fcy\u00fckl\u00fc\u011f\u00fc, ilim, sanat, teknoloji ve fende yeti\u015ftirdi\u011fi fikir adamlar\u0131n\u0131n ufku kadard\u0131r. Akif, \u00e7izdi\u011fi ufukla bu memleketin mihenk ta\u015f\u0131d\u0131r. Akif&#8217;in toplumun g\u00f6nl\u00fcnde taht kurmas\u0131n\u0131n nedeni, ne veteriner ne milletvekili ne de mevki sahibi olmas\u0131d\u0131r. Akif&#8217;e duyulan sevginin ger\u00e7ek sebebi; ya\u015fad\u0131\u011f\u0131 topra\u011f\u0131n g\u00fcr sesi olmas\u0131d\u0131r. Akif; adalet, merhamet, \u00e7al\u0131\u015fkanl\u0131k, vatanseverlik, do\u011fruluk ve d\u00fcr\u00fcstl\u00fck gibi bir\u00e7ok de\u011fere sahip olmas\u0131yla -d\u00fcn oldu\u011fu gibi bug\u00fcn de- gen\u00e7lerimize ideal bir \u00f6rnektir. Elinizdeki roman, gelece\u011fin As\u0131mlar\u0131n\u0131 Akif&#8217;in yolunda y\u00fcr\u00fcmeye davet ediyor&#8230; &#8220;Allah&#8217;a dayan, sa&#8217;ye sar\u0131l, hikmete ram ol&#8230; Yol varsa budur, bilmiyorum ba\u015fka \u00e7\u0131kar yol.&#8221; \ufffcTan\u0131t\u0131m Metni<\/p>\n","protected":false},"excerpt":{"rendered":"<p>Akif, yak\u0131n tarihimizde ad\u0131ndan \u00e7ok\u00e7a s\u00f6z ettiren Abide bir \u015fahsiyettir. M\u00fccadelesiyle, duru\u015fuyla, azmiyle \u00f6rnek ve \u00f6nderdir. Halkla i\u00e7 i\u00e7e ya\u015fayan Akif, ayd\u0131n kimli\u011fiyle toplumun a\u011flayan g\u00f6z\u00fc,<span class=\"excerpt-hellip\"> [\u2026]<\/span><\/p>\n","protected":false},"featured_media":0,"template":"","meta":{"_monsterinsights_skip_tracking":false,"_monsterinsights_sitenote_active":false,"_monsterinsights_sitenote_note":"","_monsterinsights_sitenote_category":0},"product_brand":[],"product_cat":[14009,12291],"product_tag":[],"class_list":{"0":"post-705482","1":"product","2":"type-product","3":"status-publish","5":"product_cat-biyografi-otobiyografi-edebiyat","6":"product_cat-edebiyat","7":"pa_cilt-ciltsiz","8":"pa_tur-kitap","9":"pa_yayinevi-cinaralti-yayinlari","10":"pa_yazar-aziz-erdogan","12":"first","13":"instock","14":"sale","15":"shipping-taxable","16":"purchasable","17":"product-type-simple"},"_links":{"self":[{"href":"https:\/\/roveyayinevi.com.tr\/index.php\/wp-json\/wp\/v2\/product\/705482","targetHints":{"allow":["GET"]}}],"collection":[{"href":"https:\/\/roveyayinevi.com.tr\/index.php\/wp-json\/wp\/v2\/product"}],"about":[{"href":"https:\/\/roveyayinevi.com.tr\/index.php\/wp-json\/wp\/v2\/types\/product"}],"wp:attachment":[{"href":"https:\/\/roveyayinevi.com.tr\/index.php\/wp-json\/wp\/v2\/media?parent=705482"}],"wp:term":[{"taxonomy":"product_brand","embeddable":true,"href":"https:\/\/roveyayinevi.com.tr\/index.php\/wp-json\/wp\/v2\/product_brand?post=705482"},{"taxonomy":"product_cat","embeddable":true,"href":"https:\/\/roveyayinevi.com.tr\/index.php\/wp-json\/wp\/v2\/product_cat?post=705482"},{"taxonomy":"product_tag","embeddable":true,"href":"https:\/\/roveyayinevi.com.tr\/index.php\/wp-json\/wp\/v2\/product_tag?post=705482"}],"curies":[{"name":"wp","href":"https:\/\/api.w.org\/{rel}","templated":true}]}}