{"id":705480,"date":"2025-08-27T15:46:27","date_gmt":"2025-08-27T12:46:27","guid":{"rendered":"https:\/\/roveyayinevi.com.tr\/index.php\/urun\/resimli-deyim-kartlari-kutulu\/"},"modified":"2026-04-16T02:14:23","modified_gmt":"2026-04-15T23:14:23","slug":"resimli-deyim-kartlari-kutulu","status":"publish","type":"product","link":"https:\/\/roveyayinevi.com.tr\/index.php\/urun\/resimli-deyim-kartlari-kutulu\/","title":{"rendered":"Resimli Deyim Kartlar\u0131 (Kutulu)"},"content":{"rendered":"<p>Ger\u00e7ek anlamlar\u0131ndan uzakla\u015farak yeni kavramlar meydana getiren kal\u0131pla\u015fm\u0131\u015f s\u00f6zlere &#8220;deyim&#8221; denir. Deyimler, iki veya daha \u00e7ok s\u00f6zc\u00fckten olu\u015fan bir \u00e7e\u015fit dil ifadesidir. Deyimler anlat\u0131ma g\u00fczellik, \u00e7ekicilik, canl\u0131l\u0131k katar. T\u00fcrk\u00e7e, deyimler bak\u0131m\u0131ndan zengin bir dildir. Resimli Deyim Kartlar\u0131, dilimizde kullan\u0131lan deyimleri e\u011flenceli bir \u015fekilde tan\u0131tmak ve \u00f6\u011fretmek amac\u0131yla haz\u0131rlanm\u0131\u015ft\u0131r. Kartlar\u0131n bir y\u00fcz\u00fcnde, deyimi anlatan bir \u00e7izim yer almaktad\u0131r. Di\u011fer y\u00fczde ise, deyimi tahmin etmek i\u00e7in se\u00e7enekler, deyimin kendisi ve anlam\u0131 bulunmaktad\u0131r. Bu y\u00f6n\u00fcyle kartlar, ayn\u0131 zamanda bir oyun gibi kullan\u0131larak ister \u00e7izimden ister se\u00e7eneklerden deyim tahmin edilebilir. <\/p>\n","protected":false},"excerpt":{"rendered":"<p>Ger\u00e7ek anlamlar\u0131ndan uzakla\u015farak yeni kavramlar meydana getiren kal\u0131pla\u015fm\u0131\u015f s\u00f6zlere &#8220;deyim&#8221; denir. Deyimler, iki veya daha \u00e7ok s\u00f6zc\u00fckten olu\u015fan bir \u00e7e\u015fit dil ifadesidir. Deyimler anlat\u0131ma g\u00fczellik, \u00e7ekicilik,<span class=\"excerpt-hellip\"> [\u2026]<\/span><\/p>\n","protected":false},"featured_media":0,"template":"","meta":{"_monsterinsights_skip_tracking":false,"_monsterinsights_sitenote_active":false,"_monsterinsights_sitenote_note":"","_monsterinsights_sitenote_category":0},"product_brand":[],"product_cat":[12275,12274],"product_tag":[],"class_list":{"0":"post-705480","1":"product","2":"type-product","3":"status-publish","5":"product_cat-6-12-yas-kitaplari","6":"product_cat-cocuk-ve-genclik-kitaplari","7":"pa_cilt-ciltsiz","8":"pa_tur-kitap10","9":"pa_yayinevi-potikare-yayincilik","10":"pa_yazar-potikare-kolektif","12":"first","13":"instock","14":"sale","15":"shipping-taxable","16":"purchasable","17":"product-type-simple"},"_links":{"self":[{"href":"https:\/\/roveyayinevi.com.tr\/index.php\/wp-json\/wp\/v2\/product\/705480","targetHints":{"allow":["GET"]}}],"collection":[{"href":"https:\/\/roveyayinevi.com.tr\/index.php\/wp-json\/wp\/v2\/product"}],"about":[{"href":"https:\/\/roveyayinevi.com.tr\/index.php\/wp-json\/wp\/v2\/types\/product"}],"wp:attachment":[{"href":"https:\/\/roveyayinevi.com.tr\/index.php\/wp-json\/wp\/v2\/media?parent=705480"}],"wp:term":[{"taxonomy":"product_brand","embeddable":true,"href":"https:\/\/roveyayinevi.com.tr\/index.php\/wp-json\/wp\/v2\/product_brand?post=705480"},{"taxonomy":"product_cat","embeddable":true,"href":"https:\/\/roveyayinevi.com.tr\/index.php\/wp-json\/wp\/v2\/product_cat?post=705480"},{"taxonomy":"product_tag","embeddable":true,"href":"https:\/\/roveyayinevi.com.tr\/index.php\/wp-json\/wp\/v2\/product_tag?post=705480"}],"curies":[{"name":"wp","href":"https:\/\/api.w.org\/{rel}","templated":true}]}}