{"id":705473,"date":"2025-08-27T15:46:24","date_gmt":"2025-08-27T12:46:24","guid":{"rendered":"https:\/\/roveyayinevi.com.tr\/index.php\/urun\/girisimcilik-ve-girisimcilikte-secme-konular\/"},"modified":"2026-04-16T02:14:23","modified_gmt":"2026-04-15T23:14:23","slug":"girisimcilik-ve-girisimcilikte-secme-konular","status":"publish","type":"product","link":"https:\/\/roveyayinevi.com.tr\/index.php\/urun\/girisimcilik-ve-girisimcilikte-secme-konular\/","title":{"rendered":"Giri\u015fimcilik ve Giri\u015fimcilikte Se\u00e7me Konular"},"content":{"rendered":"<p>1-giri\u015fimcilik \u00fczerine temel kavramlar giri\u015fim-giri\u015fimci-giri\u015fimcilik 2-21,y\u00fczy\u0131lda giri\u015fimcilik 3-giri\u015fimcilik t\u00fcrleri 4-giri\u015fimcilikte ba\u015far\u0131 fakt\u00f6rleri ve ba\u015far\u0131s\u0131zl\u0131k 5-Giri\u015fimciler i\u00e7in kobilere sa\u011flanan te\u015fvikler ve destekler 6-Giri\u015fimcilikte i\u015f plan\u0131 7-Giri\u015fimcilik k\u00fclt\u00fcr\u00fc 8-Yarat\u0131c\u0131 Giri\u015fimcilik 9-Giri\u015fimcilik ve inovasyon 10-Giri\u015fimcilik ve teknoparklar 11-Giri\u015fimcilik ve liderlik 12-Giri\u015fimcilik,kurumsal sosyal sorumluluk ve i\u015f eti\u011fi 13-Giri\u015fimcilik perspektifinden franch\u0131s\u0131ng ve i\u015fletme sat\u0131n alma 14-Giri\u015fimcilik ve yerel kalk\u0131nma <\/p>\n","protected":false},"excerpt":{"rendered":"<p>1-giri\u015fimcilik \u00fczerine temel kavramlar giri\u015fim-giri\u015fimci-giri\u015fimcilik 2-21,y\u00fczy\u0131lda giri\u015fimcilik 3-giri\u015fimcilik t\u00fcrleri 4-giri\u015fimcilikte ba\u015far\u0131 fakt\u00f6rleri ve ba\u015far\u0131s\u0131zl\u0131k 5-Giri\u015fimciler i\u00e7in kobilere sa\u011flanan te\u015fvikler ve destekler 6-Giri\u015fimcilikte i\u015f plan\u0131 7-Giri\u015fimcilik k\u00fclt\u00fcr\u00fc<span class=\"excerpt-hellip\"> [\u2026]<\/span><\/p>\n","protected":false},"featured_media":0,"template":"","meta":{"_monsterinsights_skip_tracking":false,"_monsterinsights_sitenote_active":false,"_monsterinsights_sitenote_note":"","_monsterinsights_sitenote_category":0},"product_brand":[],"product_cat":[12573,12566],"product_tag":[],"class_list":{"0":"post-705473","1":"product","2":"type-product","3":"status-publish","5":"product_cat-akademik-kitaplar","6":"product_cat-egitim","7":"pa_cilt-ciltsiz","8":"pa_tur-kitap","9":"pa_yayinevi-gazi-kitabevi","10":"pa_yazar-ismail-bakan","12":"first","13":"instock","14":"sale","15":"shipping-taxable","16":"purchasable","17":"product-type-simple"},"_links":{"self":[{"href":"https:\/\/roveyayinevi.com.tr\/index.php\/wp-json\/wp\/v2\/product\/705473","targetHints":{"allow":["GET"]}}],"collection":[{"href":"https:\/\/roveyayinevi.com.tr\/index.php\/wp-json\/wp\/v2\/product"}],"about":[{"href":"https:\/\/roveyayinevi.com.tr\/index.php\/wp-json\/wp\/v2\/types\/product"}],"wp:attachment":[{"href":"https:\/\/roveyayinevi.com.tr\/index.php\/wp-json\/wp\/v2\/media?parent=705473"}],"wp:term":[{"taxonomy":"product_brand","embeddable":true,"href":"https:\/\/roveyayinevi.com.tr\/index.php\/wp-json\/wp\/v2\/product_brand?post=705473"},{"taxonomy":"product_cat","embeddable":true,"href":"https:\/\/roveyayinevi.com.tr\/index.php\/wp-json\/wp\/v2\/product_cat?post=705473"},{"taxonomy":"product_tag","embeddable":true,"href":"https:\/\/roveyayinevi.com.tr\/index.php\/wp-json\/wp\/v2\/product_tag?post=705473"}],"curies":[{"name":"wp","href":"https:\/\/api.w.org\/{rel}","templated":true}]}}