{"id":705470,"date":"2025-08-27T15:46:23","date_gmt":"2025-08-27T12:46:23","guid":{"rendered":"https:\/\/roveyayinevi.com.tr\/index.php\/urun\/herkes-icin-kolay-ve-pratik-ayrimcilik-otekilestirme-dislama-rehberi\/"},"modified":"2026-04-16T02:14:23","modified_gmt":"2026-04-15T23:14:23","slug":"herkes-icin-kolay-ve-pratik-ayrimcilik-otekilestirme-dislama-rehberi","status":"publish","type":"product","link":"https:\/\/roveyayinevi.com.tr\/index.php\/urun\/herkes-icin-kolay-ve-pratik-ayrimcilik-otekilestirme-dislama-rehberi\/","title":{"rendered":"Herkes i\u00e7in Kolay ve Pratik Ayr\u0131mc\u0131l\u0131k, \u00d6tekile\u015ftirme, D\u0131\u015flama Rehberi"},"content":{"rendered":"<p>\u201cElinizdeki rehberi kullanmak i\u00e7in \u00f6nceden bu konularda bir e\u011fitim alm\u0131\u015f olman\u0131z gerekmiyor. Bu rehber sayesinde i\u015fe s\u0131f\u0131rdan ba\u015flayabilir ve uzman bir ayr\u0131mc\u0131 haline gelebilirsiniz. Daha \u00f6nce nefret etmedi\u011finiz insanlardan bile bu rehber sayesinde nefret etmeye ba\u015flayabilirsiniz. Bu rehber sizi soyut kavramlarla u\u011fra\u015ft\u0131rm\u0131yor, teorik cambazl\u0131klarla oyalam\u0131yor. Ger\u00e7ek hayattan al\u0131nm\u0131\u015f, birebir ya\u015fanm\u0131\u015f ayr\u0131mc\u0131l\u0131k, \u00f6tekile\u015ftirme ve d\u0131\u015flama \u00f6rnekleri sunuyor. Bu ya\u015fanm\u0131\u015f \u00f6rneklerden yola \u00e7\u0131karak do\u011frudan kendi ayr\u0131mc\u0131l\u0131k faaliyetlerinize giri\u015febilirsiniz. E\u011fer hen\u00fcz kar\u015f\u0131la\u015fmad\u0131\u011f\u0131n\u0131z bir \u00f6tekile\u015ftirme \u00f6rne\u011fi varsa bu rehber sayesinde repertuar\u0131n\u0131z\u0131 geni\u015fletebilirsiniz.\u201d <\/p>\n","protected":false},"excerpt":{"rendered":"<p>\u201cElinizdeki rehberi kullanmak i\u00e7in \u00f6nceden bu konularda bir e\u011fitim alm\u0131\u015f olman\u0131z gerekmiyor. Bu rehber sayesinde i\u015fe s\u0131f\u0131rdan ba\u015flayabilir ve uzman bir ayr\u0131mc\u0131 haline gelebilirsiniz. Daha \u00f6nce<span class=\"excerpt-hellip\"> [\u2026]<\/span><\/p>\n","protected":false},"featured_media":0,"template":"","meta":{"_monsterinsights_skip_tracking":false,"_monsterinsights_sitenote_active":false,"_monsterinsights_sitenote_note":"","_monsterinsights_sitenote_category":0},"product_brand":[],"product_cat":[12755,12357],"product_tag":[],"class_list":{"0":"post-705470","1":"product","2":"type-product","3":"status-publish","5":"product_cat-gelisim-psikolojisi","6":"product_cat-psikoloji","7":"pa_cilt-ciltsiz","8":"pa_tur-kitap","9":"pa_yayinevi-pharmakon-kitap","10":"pa_yazar-n-ekrem-duzen","12":"first","13":"instock","14":"sale","15":"shipping-taxable","16":"purchasable","17":"product-type-simple"},"_links":{"self":[{"href":"https:\/\/roveyayinevi.com.tr\/index.php\/wp-json\/wp\/v2\/product\/705470","targetHints":{"allow":["GET"]}}],"collection":[{"href":"https:\/\/roveyayinevi.com.tr\/index.php\/wp-json\/wp\/v2\/product"}],"about":[{"href":"https:\/\/roveyayinevi.com.tr\/index.php\/wp-json\/wp\/v2\/types\/product"}],"wp:attachment":[{"href":"https:\/\/roveyayinevi.com.tr\/index.php\/wp-json\/wp\/v2\/media?parent=705470"}],"wp:term":[{"taxonomy":"product_brand","embeddable":true,"href":"https:\/\/roveyayinevi.com.tr\/index.php\/wp-json\/wp\/v2\/product_brand?post=705470"},{"taxonomy":"product_cat","embeddable":true,"href":"https:\/\/roveyayinevi.com.tr\/index.php\/wp-json\/wp\/v2\/product_cat?post=705470"},{"taxonomy":"product_tag","embeddable":true,"href":"https:\/\/roveyayinevi.com.tr\/index.php\/wp-json\/wp\/v2\/product_tag?post=705470"}],"curies":[{"name":"wp","href":"https:\/\/api.w.org\/{rel}","templated":true}]}}