{"id":705469,"date":"2025-08-27T15:46:23","date_gmt":"2025-08-27T12:46:23","guid":{"rendered":"https:\/\/roveyayinevi.com.tr\/index.php\/urun\/erken-okur-yazarlik-0-3-yas-arasi-cocuk-kitaplari\/"},"modified":"2026-04-16T02:14:23","modified_gmt":"2026-04-15T23:14:23","slug":"erken-okur-yazarlik-0-3-yas-arasi-cocuk-kitaplari","status":"publish","type":"product","link":"https:\/\/roveyayinevi.com.tr\/index.php\/urun\/erken-okur-yazarlik-0-3-yas-arasi-cocuk-kitaplari\/","title":{"rendered":"Erken Okur-Yazarl\u0131k \/ 0-3 Ya\u015f Aras\u0131 \u00c7ocuk Kitaplar\u0131"},"content":{"rendered":"<p>Okuryazarl\u0131k ne zaman ba\u015flar? Bir bebe\u011fe ne zaman kitap okunmaya ba\u015flan\u0131r? 3 ya\u015f alt\u0131 \u00e7ocuklar okunan kitaplar\u0131 yorumlayabilir mi? G\u00f6rsel okuryazarl\u0131k nas\u0131l edinilir, faydas\u0131 nedir? \u00c7ocuklar edebiyat\u0131 oyunla ke\u015ffedebilir mi? Kitap okuma seanslar\u0131nda \u00e7ocuk ve ebeveyn aras\u0131ndaki ileti\u015fimin \u00f6\u011frenmeye etkisi nedir? 0-3 ya\u015f aras\u0131 \u00e7ocuk kitaplar\u0131 \u00fczerine yap\u0131lan ilk kapsaml\u0131 \u00e7al\u0131\u015fma olan Erken Okuryazarl\u0131k, bu sorulara cevap veriyor. <\/p>\n","protected":false},"excerpt":{"rendered":"<p>Okuryazarl\u0131k ne zaman ba\u015flar? Bir bebe\u011fe ne zaman kitap okunmaya ba\u015flan\u0131r? 3 ya\u015f alt\u0131 \u00e7ocuklar okunan kitaplar\u0131 yorumlayabilir mi? G\u00f6rsel okuryazarl\u0131k nas\u0131l edinilir, faydas\u0131 nedir? \u00c7ocuklar<span class=\"excerpt-hellip\"> [\u2026]<\/span><\/p>\n","protected":false},"featured_media":0,"template":"","meta":{"_monsterinsights_skip_tracking":false,"_monsterinsights_sitenote_active":false,"_monsterinsights_sitenote_note":"","_monsterinsights_sitenote_category":0},"product_brand":[],"product_cat":[12679,12357],"product_tag":[],"class_list":{"0":"post-705469","1":"product","2":"type-product","3":"status-publish","5":"product_cat-cocuk-psikolojisi","6":"product_cat-psikoloji","7":"pa_tur-kitap","8":"pa_yayinevi-koc-universitesi-yayinlari","9":"pa_yazar-bettina-kummerling-meibauer","11":"first","12":"instock","13":"sale","14":"shipping-taxable","15":"purchasable","16":"product-type-simple"},"_links":{"self":[{"href":"https:\/\/roveyayinevi.com.tr\/index.php\/wp-json\/wp\/v2\/product\/705469","targetHints":{"allow":["GET"]}}],"collection":[{"href":"https:\/\/roveyayinevi.com.tr\/index.php\/wp-json\/wp\/v2\/product"}],"about":[{"href":"https:\/\/roveyayinevi.com.tr\/index.php\/wp-json\/wp\/v2\/types\/product"}],"wp:attachment":[{"href":"https:\/\/roveyayinevi.com.tr\/index.php\/wp-json\/wp\/v2\/media?parent=705469"}],"wp:term":[{"taxonomy":"product_brand","embeddable":true,"href":"https:\/\/roveyayinevi.com.tr\/index.php\/wp-json\/wp\/v2\/product_brand?post=705469"},{"taxonomy":"product_cat","embeddable":true,"href":"https:\/\/roveyayinevi.com.tr\/index.php\/wp-json\/wp\/v2\/product_cat?post=705469"},{"taxonomy":"product_tag","embeddable":true,"href":"https:\/\/roveyayinevi.com.tr\/index.php\/wp-json\/wp\/v2\/product_tag?post=705469"}],"curies":[{"name":"wp","href":"https:\/\/api.w.org\/{rel}","templated":true}]}}