{"id":705466,"date":"2025-08-27T15:46:22","date_gmt":"2025-08-27T12:46:22","guid":{"rendered":"https:\/\/roveyayinevi.com.tr\/index.php\/urun\/zihin-kurami-ve-pratik-uygulamalar\/"},"modified":"2026-04-16T02:14:23","modified_gmt":"2026-04-15T23:14:23","slug":"zihin-kurami-ve-pratik-uygulamalar","status":"publish","type":"product","link":"https:\/\/roveyayinevi.com.tr\/index.php\/urun\/zihin-kurami-ve-pratik-uygulamalar\/","title":{"rendered":"Zihin Kuram\u0131 ve Pratik Uygulamalar"},"content":{"rendered":"<p>Zihin Kuram\u0131 becerilerinin geli\u015fimini etkileyen fakt\u00f6rleri bili\u015fsel ve duygusal geli\u015fimi, dil becerileri, ya\u015f, sembolik oyun becerileri, ebeveyn- \u00e7ocuk, karde\u015f say\u0131s\u0131, arkada\u015f ve akran ili\u015fkileri olarak sayabiliriz. 3-4 ya\u015flar\u0131nda temelleri at\u0131lan bu beceriler ya\u015f ilerledik\u00e7e zihinsel ve sosyal geli\u015fimin sa\u011flad\u0131\u011f\u0131 olgunla\u015fma ile davran\u0131\u015flarda kal\u0131c\u0131 hale gelir. Sosyal etkile\u015fimle sa\u011flanan sembolik oyun becerileri, di\u011fer ki\u015filerin duygu ve d\u00fc\u015f\u00fcncelerini anlayabilme a\u00e7\u0131s\u0131ndan \u00f6nemli f\u0131rsatlar sunmaktad\u0131r. Ayr\u0131ca \u00e7ocuklar\u0131n ebeveynleriyle, karde\u015fleriyle ve akranlar\u0131yla kar\u015f\u0131l\u0131kl\u0131 ger\u00e7ekle\u015ftirdikleri ileti\u015fim yoluyla yeni bak\u0131\u015f a\u00e7\u0131s\u0131 ve davran\u0131\u015flar\u0131 do\u011fru yorumlama becerisi kazan\u0131r.Zihin kuram\u0131 ara\u015ft\u0131rmalar\u0131 ayn\u0131 zamanda zihin kuram\u0131 bozukluklar\u0131na da odaklanm\u0131\u015flard\u0131r. Bu ara\u015ft\u0131rmalar \u00e7ocuklar\u0131n Zihin kuram\u0131 becerilerinin geli\u015ftirilmesine katk\u0131 sa\u011flamay\u0131 ama\u00e7lam\u0131\u015ft\u0131r. Sosyal becerileri ve ileti\u015fimdeki bozukluklar \u00e7ocuklar\u0131n akranlar\u0131ndan ve arkada\u015flar\u0131ndan uzak kalmalar\u0131n\u0131, ileti\u015fimsel ortamlardan uzakla\u015fmalar\u0131n\u0131 getirmektedir. Duygusal s\u00fcre\u00e7leri bili\u015fsel s\u00fcre\u00e7lerle b\u00fct\u00fcnle\u015ftirememesi \u00e7ocu\u011fun tutum ve davran\u0131\u015flar\u0131n\u0131 olumsuz yans\u0131yabilmektedir. Do\u011fu\u015ftan duyma engeli, zihinsel gerilik gibi dil geli\u015fimini etkileyen yetersizlikleri olan \u00e7ocuklarla ve otizm, Asberger sendromu, Williams sendromu, DEHB ve \u00f6zel \u00f6\u011frenme g\u00fc\u00e7l\u00fc\u011f\u00fc tan\u0131s\u0131 alm\u0131\u015f \u00e7ocuklar, \u00e7evreleriyle sosyal ili\u015fki kurmada belirgin g\u00fc\u00e7l\u00fck ya\u015fad\u0131klar\u0131 bilinmektedir. Zihinsel gerili\u011fi olan \u00e7ocuklar\u0131n zihin kuram\u0131 becerilerini edinmede yetersizlikleri oldu\u011fu bir \u00e7ok ara\u015ft\u0131rmada tespit edilmi\u015ftir. Bu ara\u015ft\u0131rmalar \u0131\u015f\u0131\u011f\u0131nda okul \u00f6ncesi e\u011fitim programlar\u0131m\u0131zda, ilk\u00f6\u011fretim m\u00fcfredat\u0131nda ve \u00f6zel gereksinimli bireylerin e\u011fitiminde programatik yeniden yap\u0131land\u0131rmalar ihtiyac\u0131 olu\u015fmu\u015ftur.Yay\u0131nevimiz taraf\u0131ndan bas\u0131ma haz\u0131rlanan bu kitap Zihin Kuram\u0131 konusunda hem alan yaz\u0131n\u0131 taramas\u0131 hem Zihin Kuram\u0131 geli\u015fimini anlatmas\u0131 hem de \u00f6zel gereksinimli bireylerin Bireyselle\u015ftirilmi\u015f E\u011fitim Programlar\u0131&#8217;na Zihin Kuram\u0131 yeteneklerinin dahil edilmesi gereklili\u011fini a\u00e7\u0131\u011fa \u00e7\u0131karmas\u0131 a\u00e7\u0131s\u0131ndan \u00f6nemlidir.Yay\u0131n\u0131m\u0131z ayr\u0131ca \u00e7ok \u00f6nemli bir ihtiyac\u0131 da g\u00f6zler \u00f6n\u00fcne sermi\u015ftir: Zihin Kuram\u0131n yeteneklerinin, Okul \u00d6n-cesi E\u011fitim Program\u0131na ve \u0130lk\u00f6\u011fretim M\u00fcfredat Program\u0131&#8217;na al\u0131narak \u00e7ocuklar\u0131n bu alandaki yeteneklerinin geli\u015fim d\u00f6nemlerine ko\u015fut geli\u015fmesinin sa\u011flanmas\u0131 ihtiyac\u0131n\u0131 a\u00e7\u0131\u011fa \u00e7\u0131karm\u0131\u015ft\u0131r. <\/p>\n","protected":false},"excerpt":{"rendered":"<p>Zihin Kuram\u0131 becerilerinin geli\u015fimini etkileyen fakt\u00f6rleri bili\u015fsel ve duygusal geli\u015fimi, dil becerileri, ya\u015f, sembolik oyun becerileri, ebeveyn- \u00e7ocuk, karde\u015f say\u0131s\u0131, arkada\u015f ve akran ili\u015fkileri olarak sayabiliriz.<span class=\"excerpt-hellip\"> [\u2026]<\/span><\/p>\n","protected":false},"featured_media":0,"template":"","meta":{"_monsterinsights_skip_tracking":false,"_monsterinsights_sitenote_active":false,"_monsterinsights_sitenote_note":"","_monsterinsights_sitenote_category":0},"product_brand":[],"product_cat":[13772,12364],"product_tag":[],"class_list":{"0":"post-705466","1":"product","2":"type-product","3":"status-publish","5":"product_cat-basvuru-kitaplari","6":"product_cat-genel-konular","7":"pa_cilt-ciltsiz","8":"pa_tur-kitap","9":"pa_yayinevi-egiten-kitap","10":"pa_yazar-oktay-taymaz-sari","12":"first","13":"instock","14":"sale","15":"shipping-taxable","16":"purchasable","17":"product-type-simple"},"_links":{"self":[{"href":"https:\/\/roveyayinevi.com.tr\/index.php\/wp-json\/wp\/v2\/product\/705466","targetHints":{"allow":["GET"]}}],"collection":[{"href":"https:\/\/roveyayinevi.com.tr\/index.php\/wp-json\/wp\/v2\/product"}],"about":[{"href":"https:\/\/roveyayinevi.com.tr\/index.php\/wp-json\/wp\/v2\/types\/product"}],"wp:attachment":[{"href":"https:\/\/roveyayinevi.com.tr\/index.php\/wp-json\/wp\/v2\/media?parent=705466"}],"wp:term":[{"taxonomy":"product_brand","embeddable":true,"href":"https:\/\/roveyayinevi.com.tr\/index.php\/wp-json\/wp\/v2\/product_brand?post=705466"},{"taxonomy":"product_cat","embeddable":true,"href":"https:\/\/roveyayinevi.com.tr\/index.php\/wp-json\/wp\/v2\/product_cat?post=705466"},{"taxonomy":"product_tag","embeddable":true,"href":"https:\/\/roveyayinevi.com.tr\/index.php\/wp-json\/wp\/v2\/product_tag?post=705466"}],"curies":[{"name":"wp","href":"https:\/\/api.w.org\/{rel}","templated":true}]}}