{"id":705463,"date":"2025-08-27T15:46:21","date_gmt":"2025-08-27T12:46:21","guid":{"rendered":"https:\/\/roveyayinevi.com.tr\/index.php\/urun\/dunyanin-en-buyuk-hastaligi-yobazite\/"},"modified":"2026-04-03T02:19:06","modified_gmt":"2026-04-02T23:19:06","slug":"dunyanin-en-buyuk-hastaligi-yobazite","status":"publish","type":"product","link":"https:\/\/roveyayinevi.com.tr\/index.php\/urun\/dunyanin-en-buyuk-hastaligi-yobazite\/","title":{"rendered":"D\u00fcnyan\u0131n En B\u00fcy\u00fck Hastal\u0131\u011f\u0131: Yobazite"},"content":{"rendered":"<p>Biz&#8230;Yobazite: Bir d\u00fc\u015f\u00fcnceye; sorgulamaks\u0131z\u0131n, k\u00f6r\u00fc k\u00f6r\u00fcne inanma hastal\u0131\u011f\u0131!Bu kitap; \u00e7a\u011f\u0131m\u0131z\u0131n belki de en b\u00fcy\u00fck problemi olan cehalete ve bilgi kirlili\u011fine kar\u015f\u0131 bir fark\u0131ndal\u0131k olu\u015fturmay\u0131 ama\u00e7lamaktad\u0131r.Yobazite kavram\u0131; dini bir terim gibi g\u00f6r\u00fcnse de, kitapta bu kavram; bilgi kirlili\u011fine, uzmanlar\u0131n kafa kar\u0131\u015ft\u0131ran a\u00e7\u0131klamalar\u0131na, bize dayat\u0131lan korku ve tehlike mesajlar\u0131na k\u00f6r\u00fc k\u00f6r\u00fcne, sorgulamaks\u0131z\u0131n inanmak anlam\u0131nda kullan\u0131lm\u0131\u015ft\u0131r.Arka Kapak Yaz\u0131s\u0131:Biz\u2026Din t\u00fcccarlar\u0131n\u0131n cennetten arazi satmak i\u00e7in kand\u0131rd\u0131\u011f\u0131 m\u00fc\u015fteriler\u2026Doktorlar\u0131n \u00f6nce hasta edip, sonra da tedavi etti\u011fi masum kobaylar\u2026Medyan\u0131n \u201cAz Sonra\u201d ninnileriyle m\u0131\u015f\u0131l m\u0131\u015f\u0131l uyuttu\u011fu reyting oyuncaklar\u0131\u2026A\u00e7al\u0131m g\u00f6z\u00fcm\u00fcz\u00fc ve ger\u00e7e\u011fi g\u00f6relim art\u0131k!Birileri bizim masum duygular\u0131m\u0131z\u0131n \u00fcst\u00fcne imparatorluk kuruyor ve biz, \u201cHay\u0131rl\u0131s\u0131 olsun\u201d diye kand\u0131r\u0131yoruz kendimizi!Sa\u011fl\u0131kl\u0131 olmak i\u00e7in; d\u00fcnyaca \u00fcnl\u00fc bilmem kimin s\u00f6ylediklerini yapmak zorunda de\u011filiz!Cennete gitmek i\u00e7in; \u015feyh hazretlerinin abdest ald\u0131\u011f\u0131 suyu i\u00e7memiz de gerekmiyor!Duydu\u011fumuz ve g\u00f6rd\u00fc\u011f\u00fcm\u00fcz her \u015fey do\u011fru de\u011fil!\u00c7a\u011f\u0131m\u0131z\u0131n en b\u00fcy\u00fck hastal\u0131\u011f\u0131 \u201cObezite\u201d mi acaba?Hay\u0131r!\u00c7a\u011f\u0131m\u0131z\u0131n en b\u00fcy\u00fck hastal\u0131\u011f\u0131; yarat\u0131lm\u0131\u015flar\u0131n en \u015fereflisi oldu\u011fumuzu bize unutturan; YOBAZ\u0130TE!Bu kitap; do\u011fru bildi\u011fimiz t\u00fcm yanl\u0131\u015flara ba\u015fkald\u0131rmam\u0131z\u0131 sa\u011flay\u0131p, her birimizi bu uykudan uyand\u0131racak! <\/p>\n","protected":false},"excerpt":{"rendered":"<p>Biz&#8230;Yobazite: Bir d\u00fc\u015f\u00fcnceye; sorgulamaks\u0131z\u0131n, k\u00f6r\u00fc k\u00f6r\u00fcne inanma hastal\u0131\u011f\u0131!Bu kitap; \u00e7a\u011f\u0131m\u0131z\u0131n belki de en b\u00fcy\u00fck problemi olan cehalete ve bilgi kirlili\u011fine kar\u015f\u0131 bir fark\u0131ndal\u0131k olu\u015fturmay\u0131 ama\u00e7lamaktad\u0131r.Yobazite kavram\u0131;<span class=\"excerpt-hellip\"> [\u2026]<\/span><\/p>\n","protected":false},"featured_media":0,"template":"","meta":{"_monsterinsights_skip_tracking":false,"_monsterinsights_sitenote_active":false,"_monsterinsights_sitenote_note":"","_monsterinsights_sitenote_category":0},"product_brand":[],"product_cat":[12364,12376],"product_tag":[],"class_list":{"0":"post-705463","1":"product","2":"type-product","3":"status-publish","5":"product_cat-genel-konular","6":"product_cat-kisisel-gelisim","7":"pa_cilt-ciltsiz","8":"pa_tur-kitap","9":"pa_yayinevi-cay-yayinlari","10":"pa_yazar-mustafa-cay","12":"first","13":"instock","14":"sale","15":"shipping-taxable","16":"purchasable","17":"product-type-simple"},"_links":{"self":[{"href":"https:\/\/roveyayinevi.com.tr\/index.php\/wp-json\/wp\/v2\/product\/705463","targetHints":{"allow":["GET"]}}],"collection":[{"href":"https:\/\/roveyayinevi.com.tr\/index.php\/wp-json\/wp\/v2\/product"}],"about":[{"href":"https:\/\/roveyayinevi.com.tr\/index.php\/wp-json\/wp\/v2\/types\/product"}],"wp:attachment":[{"href":"https:\/\/roveyayinevi.com.tr\/index.php\/wp-json\/wp\/v2\/media?parent=705463"}],"wp:term":[{"taxonomy":"product_brand","embeddable":true,"href":"https:\/\/roveyayinevi.com.tr\/index.php\/wp-json\/wp\/v2\/product_brand?post=705463"},{"taxonomy":"product_cat","embeddable":true,"href":"https:\/\/roveyayinevi.com.tr\/index.php\/wp-json\/wp\/v2\/product_cat?post=705463"},{"taxonomy":"product_tag","embeddable":true,"href":"https:\/\/roveyayinevi.com.tr\/index.php\/wp-json\/wp\/v2\/product_tag?post=705463"}],"curies":[{"name":"wp","href":"https:\/\/api.w.org\/{rel}","templated":true}]}}