{"id":705462,"date":"2025-08-27T15:46:21","date_gmt":"2025-08-27T12:46:21","guid":{"rendered":"https:\/\/roveyayinevi.com.tr\/index.php\/urun\/karanlik-zihinler-3-ates-cemberi\/"},"modified":"2026-04-16T02:14:23","modified_gmt":"2026-04-15T23:14:23","slug":"karanlik-zihinler-3-ates-cemberi","status":"publish","type":"product","link":"https:\/\/roveyayinevi.com.tr\/index.php\/urun\/karanlik-zihinler-3-ates-cemberi\/","title":{"rendered":"Karanl\u0131k Zihinler 3 &#8211; Ate\u015f \u00c7emberi"},"content":{"rendered":"<p>Bu bir son de\u011fil, sonun ba\u015flang\u0131c\u0131.Art\u0131k lider benim. B\u00fct\u00fcn bir neslin kaderi benim ellerimde. Kuzeye, tutsak olmu\u015f binlerce \u00e7ocu\u011fu \u00f6zg\u00fcrl\u00fc\u011fe kavu\u015fturmaya gidiyorum. Zihnimi bir silah olarak kullanmaktan Ba\u015fka \u00e7arem yok. Kaybedecek zaman\u0131m yok. Hata yapma l\u00fcks\u00fcm yok. \u00c7\u00fcnk\u00fc tek bir hata, t\u00fcm d\u00fcnyay\u0131 yak\u0131p kavuracak olan bir yang\u0131n\u0131n fitilini ate\u015fleyebilir. \u00d6zg\u00fcrl\u00fck nefesim kadar yak\u0131nken bana, biliyorum: Bunun geri d\u00f6n\u00fc\u015f\u00fc yok! <\/p>\n","protected":false},"excerpt":{"rendered":"<p>Bu bir son de\u011fil, sonun ba\u015flang\u0131c\u0131.Art\u0131k lider benim. B\u00fct\u00fcn bir neslin kaderi benim ellerimde. Kuzeye, tutsak olmu\u015f binlerce \u00e7ocu\u011fu \u00f6zg\u00fcrl\u00fc\u011fe kavu\u015fturmaya gidiyorum. Zihnimi bir silah olarak<span class=\"excerpt-hellip\"> [\u2026]<\/span><\/p>\n","protected":false},"featured_media":0,"template":"","meta":{"_monsterinsights_skip_tracking":false,"_monsterinsights_sitenote_active":false,"_monsterinsights_sitenote_note":"","_monsterinsights_sitenote_category":0},"product_brand":[],"product_cat":[12291,14777],"product_tag":[],"class_list":{"0":"post-705462","1":"product","2":"type-product","3":"status-publish","5":"product_cat-edebiyat","6":"product_cat-fantastik","7":"pa_tur-kitap","8":"pa_yayinevi-parodi-yayinlari","9":"pa_yazar-alexandra-bracken","11":"first","12":"instock","13":"sale","14":"shipping-taxable","15":"purchasable","16":"product-type-simple"},"_links":{"self":[{"href":"https:\/\/roveyayinevi.com.tr\/index.php\/wp-json\/wp\/v2\/product\/705462","targetHints":{"allow":["GET"]}}],"collection":[{"href":"https:\/\/roveyayinevi.com.tr\/index.php\/wp-json\/wp\/v2\/product"}],"about":[{"href":"https:\/\/roveyayinevi.com.tr\/index.php\/wp-json\/wp\/v2\/types\/product"}],"wp:attachment":[{"href":"https:\/\/roveyayinevi.com.tr\/index.php\/wp-json\/wp\/v2\/media?parent=705462"}],"wp:term":[{"taxonomy":"product_brand","embeddable":true,"href":"https:\/\/roveyayinevi.com.tr\/index.php\/wp-json\/wp\/v2\/product_brand?post=705462"},{"taxonomy":"product_cat","embeddable":true,"href":"https:\/\/roveyayinevi.com.tr\/index.php\/wp-json\/wp\/v2\/product_cat?post=705462"},{"taxonomy":"product_tag","embeddable":true,"href":"https:\/\/roveyayinevi.com.tr\/index.php\/wp-json\/wp\/v2\/product_tag?post=705462"}],"curies":[{"name":"wp","href":"https:\/\/api.w.org\/{rel}","templated":true}]}}