{"id":705460,"date":"2025-08-27T15:46:20","date_gmt":"2025-08-27T12:46:20","guid":{"rendered":"https:\/\/roveyayinevi.com.tr\/index.php\/urun\/turkluk-muslumanlik-dogululuk-abnin-turkiye-soylemleri\/"},"modified":"2026-04-16T02:14:23","modified_gmt":"2026-04-15T23:14:23","slug":"turkluk-muslumanlik-dogululuk-abnin-turkiye-soylemleri","status":"publish","type":"product","link":"https:\/\/roveyayinevi.com.tr\/index.php\/urun\/turkluk-muslumanlik-dogululuk-abnin-turkiye-soylemleri\/","title":{"rendered":"T\u00fcrkl\u00fck, M\u00fcsl\u00fcmanl\u0131k, Do\u011fululuk &#8211; AB\u2019nin T\u00fcrkiye S\u00f6ylemleri"},"content":{"rendered":"<p>T\u00fcrkl\u00fck, M\u00fcsl\u00fcmanl\u0131k, Do\u011fululuk: AB\u2019nin T\u00fcrkiye S\u00f6ylemleri Avrupa Komisyonu, Avrupa Parlamentosu ve \u00fc\u00e7 Avrupa Birli\u011fi \u00fclkesinin (Fransa, Almanya, \u0130ngiltere) T\u00fcrkiye \u00fczerine s\u00f6ylemlerini inceliyor. Senem Ayd\u0131n-D\u00fczgit, kimli\u011fin farkl\u0131l\u0131klarla belirlendi\u011fini ifade eden postyap\u0131salc\u0131 bir \u00e7er\u00e7evede Ele\u015ftirel S\u00f6ylem Analizi kullanarak T\u00fcrkiye temsilleri \u00fczerinden \u201cAvrupal\u0131\u201d kimli\u011finin in\u015fas\u0131n\u0131 a\u00e7\u0131\u011fa \u00e7\u0131kar\u0131yor. T\u00fcrkiye\u2019nin \u00fcyeli\u011fine dair tart\u0131\u015fmalarla ideolojik, ulusal ve kurumsal ba\u011flamlarda in\u015fa edilen \u00e7e\u015fitli Avrupa imgeleri oldu\u011funu \u00f6ne s\u00fcrerek bu Avrupalar\u2019\u0131n in\u015fa edildi\u011fi d\u00f6rt ana tema sunuyor: Avrupa\u2019n\u0131n \u201cbir g\u00fcvenlik toplulu\u011fu\u201d, \u201cdemokratik de\u011ferlerin savunucusu\u201d, \u201csiyasi bir proje\u201d ve \u201ck\u00fclt\u00fcrel bir alan olarak\u201d kavramsalla\u015ft\u0131r\u0131lmas\u0131. Yazar, Avrupa Birli\u011fi\u2019nde yap\u0131lan T\u00fcrkiye hakk\u0131ndaki tart\u0131\u015fmalar\u0131n s\u00f6ylem alan\u0131nda \u00e7e\u015fitli Avrupalar in\u015fas\u0131na yol a\u00e7an temel bir etmen oldu\u011funu s\u00f6yl\u00fcyor. T\u00fcrk\u00e7e \u00e7evirisi i\u00e7in g\u00f6zden ge\u00e7irilen ve g\u00fcncellenen kitap T\u00fcrkiye\u2019nin Avrupa Birli\u011fi\u2019ne etkisini yeni ve ele\u015ftirel bir a\u00e7\u0131dan ele al\u0131yor. <\/p>\n","protected":false},"excerpt":{"rendered":"<p>T\u00fcrkl\u00fck, M\u00fcsl\u00fcmanl\u0131k, Do\u011fululuk: AB\u2019nin T\u00fcrkiye S\u00f6ylemleri Avrupa Komisyonu, Avrupa Parlamentosu ve \u00fc\u00e7 Avrupa Birli\u011fi \u00fclkesinin (Fransa, Almanya, \u0130ngiltere) T\u00fcrkiye \u00fczerine s\u00f6ylemlerini inceliyor. Senem Ayd\u0131n-D\u00fczgit, kimli\u011fin farkl\u0131l\u0131klarla<span class=\"excerpt-hellip\"> [\u2026]<\/span><\/p>\n","protected":false},"featured_media":0,"template":"","meta":{"_monsterinsights_skip_tracking":false,"_monsterinsights_sitenote_active":false,"_monsterinsights_sitenote_note":"","_monsterinsights_sitenote_category":0},"product_brand":[],"product_cat":[12337,14706],"product_tag":[],"class_list":{"0":"post-705460","1":"product","2":"type-product","3":"status-publish","5":"product_cat-politika-siyaset","6":"product_cat-siyaset-bilimi","7":"pa_tur-kitap","8":"pa_yayinevi-koc-universitesi-yayinlari","9":"pa_yazar-senem-aydin-duzgit","11":"first","12":"instock","13":"sale","14":"shipping-taxable","15":"purchasable","16":"product-type-simple"},"_links":{"self":[{"href":"https:\/\/roveyayinevi.com.tr\/index.php\/wp-json\/wp\/v2\/product\/705460","targetHints":{"allow":["GET"]}}],"collection":[{"href":"https:\/\/roveyayinevi.com.tr\/index.php\/wp-json\/wp\/v2\/product"}],"about":[{"href":"https:\/\/roveyayinevi.com.tr\/index.php\/wp-json\/wp\/v2\/types\/product"}],"wp:attachment":[{"href":"https:\/\/roveyayinevi.com.tr\/index.php\/wp-json\/wp\/v2\/media?parent=705460"}],"wp:term":[{"taxonomy":"product_brand","embeddable":true,"href":"https:\/\/roveyayinevi.com.tr\/index.php\/wp-json\/wp\/v2\/product_brand?post=705460"},{"taxonomy":"product_cat","embeddable":true,"href":"https:\/\/roveyayinevi.com.tr\/index.php\/wp-json\/wp\/v2\/product_cat?post=705460"},{"taxonomy":"product_tag","embeddable":true,"href":"https:\/\/roveyayinevi.com.tr\/index.php\/wp-json\/wp\/v2\/product_tag?post=705460"}],"curies":[{"name":"wp","href":"https:\/\/api.w.org\/{rel}","templated":true}]}}