{"id":705459,"date":"2025-08-27T15:46:20","date_gmt":"2025-08-27T12:46:20","guid":{"rendered":"https:\/\/roveyayinevi.com.tr\/index.php\/urun\/cizgilerle-bir-bilim-kadininin-hikayesi-madame-cruie\/"},"modified":"2026-04-16T02:14:23","modified_gmt":"2026-04-15T23:14:23","slug":"cizgilerle-bir-bilim-kadininin-hikayesi-madame-cruie","status":"publish","type":"product","link":"https:\/\/roveyayinevi.com.tr\/index.php\/urun\/cizgilerle-bir-bilim-kadininin-hikayesi-madame-cruie\/","title":{"rendered":"\u00c7izgilerle Bir Bilim Kad\u0131n\u0131n\u0131n Hikayesi &#8211; Madame Cruie"},"content":{"rendered":"<p>20. y\u00fczy\u0131l\u0131n ilk yar\u0131s\u0131nda, bilimde ve siyasette, etkileri bug\u00fcne de uzanan b\u00fcy\u00fck d\u00f6n\u00fc\u015f\u00fcmler ya\u015fand\u0131. Bilim d\u00fcnyas\u0131nda, zorlu sava\u015f ko\u015fullar\u0131nda geli\u015ftirilen bu d\u00f6n\u00fc\u015f\u00fcmlerin arkas\u0131nda, \u00f6zverili, disiplinli \u00e7al\u0131\u015fmalar, bilime adanm\u0131\u015f ya\u015famlar \u00f6zel bir yer tuttu. \ufffcTan\u0131t\u0131m Metni<\/p>\n","protected":false},"excerpt":{"rendered":"<p>20. y\u00fczy\u0131l\u0131n ilk yar\u0131s\u0131nda, bilimde ve siyasette, etkileri bug\u00fcne de uzanan b\u00fcy\u00fck d\u00f6n\u00fc\u015f\u00fcmler ya\u015fand\u0131. Bilim d\u00fcnyas\u0131nda, zorlu sava\u015f ko\u015fullar\u0131nda geli\u015ftirilen bu d\u00f6n\u00fc\u015f\u00fcmlerin arkas\u0131nda, \u00f6zverili, disiplinli \u00e7al\u0131\u015fmalar,<span class=\"excerpt-hellip\"> [\u2026]<\/span><\/p>\n","protected":false},"featured_media":0,"template":"","meta":{"_monsterinsights_skip_tracking":false,"_monsterinsights_sitenote_active":false,"_monsterinsights_sitenote_note":"","_monsterinsights_sitenote_category":0},"product_brand":[],"product_cat":[12689,12274],"product_tag":[],"class_list":{"0":"post-705459","1":"product","2":"type-product","3":"status-publish","5":"product_cat-cizgi-roman-cocuk-ve-genclik-kitaplari","6":"product_cat-cocuk-ve-genclik-kitaplari","7":"pa_cilt-ciltsiz","8":"pa_tur-kitap","9":"pa_yayinevi-yordam-kitap","10":"pa_yazar-soner-tuna","12":"first","13":"instock","14":"sale","15":"shipping-taxable","16":"purchasable","17":"product-type-simple"},"_links":{"self":[{"href":"https:\/\/roveyayinevi.com.tr\/index.php\/wp-json\/wp\/v2\/product\/705459","targetHints":{"allow":["GET"]}}],"collection":[{"href":"https:\/\/roveyayinevi.com.tr\/index.php\/wp-json\/wp\/v2\/product"}],"about":[{"href":"https:\/\/roveyayinevi.com.tr\/index.php\/wp-json\/wp\/v2\/types\/product"}],"wp:attachment":[{"href":"https:\/\/roveyayinevi.com.tr\/index.php\/wp-json\/wp\/v2\/media?parent=705459"}],"wp:term":[{"taxonomy":"product_brand","embeddable":true,"href":"https:\/\/roveyayinevi.com.tr\/index.php\/wp-json\/wp\/v2\/product_brand?post=705459"},{"taxonomy":"product_cat","embeddable":true,"href":"https:\/\/roveyayinevi.com.tr\/index.php\/wp-json\/wp\/v2\/product_cat?post=705459"},{"taxonomy":"product_tag","embeddable":true,"href":"https:\/\/roveyayinevi.com.tr\/index.php\/wp-json\/wp\/v2\/product_tag?post=705459"}],"curies":[{"name":"wp","href":"https:\/\/api.w.org\/{rel}","templated":true}]}}