{"id":705454,"date":"2025-08-27T15:46:18","date_gmt":"2025-08-27T12:46:18","guid":{"rendered":"https:\/\/roveyayinevi.com.tr\/index.php\/urun\/kayakli-kosu\/"},"modified":"2026-04-16T02:14:22","modified_gmt":"2026-04-15T23:14:22","slug":"kayakli-kosu","status":"publish","type":"product","link":"https:\/\/roveyayinevi.com.tr\/index.php\/urun\/kayakli-kosu\/","title":{"rendered":"Kayakl\u0131 Ko\u015fu"},"content":{"rendered":"<p>Kayak bran\u015f\u0131n\u0131n uluslararas\u0131 alanda performans sporu olarak geli\u015fmesi, bilimsel \u00e7al\u0131\u015fmalar\u0131n deste\u011fi olmadan m\u00fcmk\u00fcn olmayacakt\u0131r. Bu ilkeden hareketle \u00fclkemizde \u00f6zellikle kayakl\u0131 ko\u015fu sporunda ba\u015far\u0131 i\u00e7in teknolojik ve antrenman bilimi ad\u0131na yeniliklerin takibi ve uygulamas\u0131 \u00f6nem arz etmektedir. Sporcu, antren\u00f6r ve idareci olarak her kademesinde g\u00f6rev yapt\u0131\u011f\u0131m\u0131z bu bran\u015fta elde etti\u011fimiz kazan\u0131mlar\u0131 hem teoride hem de pratikte yans\u0131tmaya \u00e7al\u0131\u015fmaktay\u0131z. Son y\u0131llarda Ankara ilindeki g\u00f6sterilen ba\u015far\u0131larda bu sistemli ve bilimsel \u00e7al\u0131\u015fmalar\u0131n etkisi b\u00fcy\u00fck olmu\u015ftur. <\/p>\n","protected":false},"excerpt":{"rendered":"<p>Kayak bran\u015f\u0131n\u0131n uluslararas\u0131 alanda performans sporu olarak geli\u015fmesi, bilimsel \u00e7al\u0131\u015fmalar\u0131n deste\u011fi olmadan m\u00fcmk\u00fcn olmayacakt\u0131r. Bu ilkeden hareketle \u00fclkemizde \u00f6zellikle kayakl\u0131 ko\u015fu sporunda ba\u015far\u0131 i\u00e7in teknolojik ve<span class=\"excerpt-hellip\"> [\u2026]<\/span><\/p>\n","protected":false},"featured_media":0,"template":"","meta":{"_monsterinsights_skip_tracking":false,"_monsterinsights_sitenote_active":false,"_monsterinsights_sitenote_note":"","_monsterinsights_sitenote_category":0},"product_brand":[],"product_cat":[12573,12566],"product_tag":[],"class_list":{"0":"post-705454","1":"product","2":"type-product","3":"status-publish","5":"product_cat-akademik-kitaplar","6":"product_cat-egitim","7":"pa_cilt-ciltsiz","8":"pa_tur-kitap","9":"pa_yayinevi-gazi-kitabevi","10":"pa_yazar-ebru-cetin","12":"first","13":"instock","14":"sale","15":"shipping-taxable","16":"purchasable","17":"product-type-simple"},"_links":{"self":[{"href":"https:\/\/roveyayinevi.com.tr\/index.php\/wp-json\/wp\/v2\/product\/705454","targetHints":{"allow":["GET"]}}],"collection":[{"href":"https:\/\/roveyayinevi.com.tr\/index.php\/wp-json\/wp\/v2\/product"}],"about":[{"href":"https:\/\/roveyayinevi.com.tr\/index.php\/wp-json\/wp\/v2\/types\/product"}],"wp:attachment":[{"href":"https:\/\/roveyayinevi.com.tr\/index.php\/wp-json\/wp\/v2\/media?parent=705454"}],"wp:term":[{"taxonomy":"product_brand","embeddable":true,"href":"https:\/\/roveyayinevi.com.tr\/index.php\/wp-json\/wp\/v2\/product_brand?post=705454"},{"taxonomy":"product_cat","embeddable":true,"href":"https:\/\/roveyayinevi.com.tr\/index.php\/wp-json\/wp\/v2\/product_cat?post=705454"},{"taxonomy":"product_tag","embeddable":true,"href":"https:\/\/roveyayinevi.com.tr\/index.php\/wp-json\/wp\/v2\/product_tag?post=705454"}],"curies":[{"name":"wp","href":"https:\/\/api.w.org\/{rel}","templated":true}]}}