{"id":705446,"date":"2025-08-27T15:46:14","date_gmt":"2025-08-27T12:46:14","guid":{"rendered":"https:\/\/roveyayinevi.com.tr\/index.php\/urun\/oyun-dunyam-dunyam-oyun-cocuk-oyunlari-el-kitabi\/"},"modified":"2026-04-16T02:14:22","modified_gmt":"2026-04-15T23:14:22","slug":"oyun-dunyam-dunyam-oyun-cocuk-oyunlari-el-kitabi","status":"publish","type":"product","link":"https:\/\/roveyayinevi.com.tr\/index.php\/urun\/oyun-dunyam-dunyam-oyun-cocuk-oyunlari-el-kitabi\/","title":{"rendered":"Oyun D\u00fcnyam D\u00fcnyam Oyun &#8211; \u00c7ocuk Oyunlar\u0131 El Kitab\u0131"},"content":{"rendered":"<p>Oyun ki\u015finin kendisini anlatabildi\u011fi en kolay yol ve e\u011fitimin bir par\u00e7as\u0131d\u0131r. \u00c7ocuklar\u0131n oyun i\u00e7inde \u00e7e\u015fitli geli\u015fim ihtiya\u00e7lar\u0131n\u0131 kar\u015f\u0131layabilmeleri ve bu ba\u011flamda, fizyolojik ve sosyal duygusal geli\u015fimlerini tamamlayabilmeleri i\u00e7in \u00f6zellikle kentsel alanlarda, i\u00e7inden ta\u015f\u0131tlar\u0131n ge\u00e7medi\u011fi a\u011fa\u00e7lar\u0131n yo\u011fun oldu\u011fu oyun sokaklar\u0131n\u0131n olu\u015fturulmas\u0131 gerekir.Bug\u00fcn hemen hemen b\u00fct\u00fcn dersleri oyun ve drama ile \u00f6\u011fretmek m\u00fcmk\u00fcnd\u00fcr. \u00c7\u00fcnk\u00fc \u00e7ocuk oyun i\u00e7inde deneyim kazanmakta, taktikler geli\u015ftirmekte, d\u00fc\u015f\u00fcn\u00fcp \u00e7\u00f6z\u00fcm yollar\u0131 \u00fcretmekte ve \u00e7e\u015fitli kararlar almaktad\u0131r. B\u00f6ylece kazand\u0131r\u0131lmak istenilen de\u011ferler, beceriler ve kazan\u0131mlar oyunla kolayca edinilebilmektedir.Oyun i\u00e7inde daha rahat davranan \u00e7ocuklar, zay\u0131f ve g\u00fc\u00e7l\u00fc y\u00f6nlerini kavrayarak, yeteneklerini, ki\u015fili\u011fini, bilgi d\u00fczeyini, daha yal\u0131n ve ger\u00e7ek\u00e7i bir \u015fekilde tan\u0131rlar. \u00c7ocuklar oyunla co\u015fku ve sevin\u00e7 duygusuna sahip olur. Oyun \u00e7ocu\u011fun hayat\u0131, canl\u0131l\u0131\u011f\u0131, d\u00fcnyay\u0131 tan\u0131mas\u0131, varl\u0131\u011f\u0131 ve her \u015feyidir. Oyun \u00e7ocu\u011fun bo\u015f zamanlar\u0131n\u0131 doldurma arac\u0131 olarak g\u00f6r\u00fclmelidir. <\/p>\n","protected":false},"excerpt":{"rendered":"<p>Oyun ki\u015finin kendisini anlatabildi\u011fi en kolay yol ve e\u011fitimin bir par\u00e7as\u0131d\u0131r. \u00c7ocuklar\u0131n oyun i\u00e7inde \u00e7e\u015fitli geli\u015fim ihtiya\u00e7lar\u0131n\u0131 kar\u015f\u0131layabilmeleri ve bu ba\u011flamda, fizyolojik ve sosyal duygusal geli\u015fimlerini<span class=\"excerpt-hellip\"> [\u2026]<\/span><\/p>\n","protected":false},"featured_media":0,"template":"","meta":{"_monsterinsights_skip_tracking":false,"_monsterinsights_sitenote_active":false,"_monsterinsights_sitenote_note":"","_monsterinsights_sitenote_category":0},"product_brand":[],"product_cat":[12312,12304],"product_tag":[],"class_list":{"0":"post-705446","1":"product","2":"type-product","3":"status-publish","5":"product_cat-diger","6":"product_cat-tarih","7":"pa_cilt-ciltsiz","8":"pa_tur-kitap","9":"pa_yayinevi-egiten-kitap","10":"pa_yazar-nurdan-erduran","12":"first","13":"instock","14":"sale","15":"shipping-taxable","16":"purchasable","17":"product-type-simple"},"_links":{"self":[{"href":"https:\/\/roveyayinevi.com.tr\/index.php\/wp-json\/wp\/v2\/product\/705446","targetHints":{"allow":["GET"]}}],"collection":[{"href":"https:\/\/roveyayinevi.com.tr\/index.php\/wp-json\/wp\/v2\/product"}],"about":[{"href":"https:\/\/roveyayinevi.com.tr\/index.php\/wp-json\/wp\/v2\/types\/product"}],"wp:attachment":[{"href":"https:\/\/roveyayinevi.com.tr\/index.php\/wp-json\/wp\/v2\/media?parent=705446"}],"wp:term":[{"taxonomy":"product_brand","embeddable":true,"href":"https:\/\/roveyayinevi.com.tr\/index.php\/wp-json\/wp\/v2\/product_brand?post=705446"},{"taxonomy":"product_cat","embeddable":true,"href":"https:\/\/roveyayinevi.com.tr\/index.php\/wp-json\/wp\/v2\/product_cat?post=705446"},{"taxonomy":"product_tag","embeddable":true,"href":"https:\/\/roveyayinevi.com.tr\/index.php\/wp-json\/wp\/v2\/product_tag?post=705446"}],"curies":[{"name":"wp","href":"https:\/\/api.w.org\/{rel}","templated":true}]}}