{"id":705441,"date":"2025-08-27T15:46:12","date_gmt":"2025-08-27T12:46:12","guid":{"rendered":"https:\/\/roveyayinevi.com.tr\/index.php\/urun\/beyaz-kanatli-vampir-4-curuyus\/"},"modified":"2026-04-16T02:14:07","modified_gmt":"2026-04-15T23:14:07","slug":"beyaz-kanatli-vampir-4-curuyus","status":"publish","type":"product","link":"https:\/\/roveyayinevi.com.tr\/index.php\/urun\/beyaz-kanatli-vampir-4-curuyus\/","title":{"rendered":"Beyaz Kanatl\u0131 Vampir 4 &#8211; \u00c7\u00fcr\u00fcy\u00fc\u015f"},"content":{"rendered":"<p>Soluksuz macera kald\u0131\u011f\u0131 yerden devam ediyor&#8230;Birden bire aileleri ortadan yok olan ve bu y\u00fczden devletin kimsesizler okulunun yat\u0131l\u0131 \u00f6\u011frencisi olmak zorunda kalan iki kahraman\u0131n maceralar\u0131.Bu okul, hayat\u0131n\u0131zda g\u00f6r\u00fcp g\u00f6rebilece\u011finiz en berbat okuldur. \u00c7\u00fcnk\u00fc orman\u0131n ortas\u0131na kondurulmu\u015f, etraf\u0131nda a\u011fa\u00e7lardan ba\u015fka hi\u00e7bir \u015fey yoktur. Kahramanlar\u0131m\u0131z\u0131n talihsizlikleri bunlarla da kalmay\u0131p bir de h\u0131rs\u0131zl\u0131kla su\u00e7lanarak okuldan at\u0131l\u0131rlar ve bavullar\u0131yla birlikte ormanda yapayaln\u0131z kal\u0131rlar. Birbirinden habersiz ayn\u0131 su\u00e7la okuldan at\u0131lan kahramanlar\u0131n yolu tek bildikleri yer olan g\u00f6l k\u0131y\u0131s\u0131ndaki bankta kesi\u015fir.Sert ba\u015flayan tan\u0131\u015fma fasl\u0131 k\u0131sa s\u00fcre sonra dostlu\u011fa d\u00f6n\u00fc\u015f\u00fcr ve macera ba\u015flar. \ufffcb<\/p>\n","protected":false},"excerpt":{"rendered":"<p>Soluksuz macera kald\u0131\u011f\u0131 yerden devam ediyor&#8230;Birden bire aileleri ortadan yok olan ve bu y\u00fczden devletin kimsesizler okulunun yat\u0131l\u0131 \u00f6\u011frencisi olmak zorunda kalan iki kahraman\u0131n maceralar\u0131.Bu okul,<span class=\"excerpt-hellip\"> [\u2026]<\/span><\/p>\n","protected":false},"featured_media":0,"template":"","meta":{"_monsterinsights_skip_tracking":false,"_monsterinsights_sitenote_active":false,"_monsterinsights_sitenote_note":"","_monsterinsights_sitenote_category":0},"product_brand":[],"product_cat":[12274,12284],"product_tag":[],"class_list":{"0":"post-705441","1":"product","2":"type-product","3":"status-publish","5":"product_cat-cocuk-ve-genclik-kitaplari","6":"product_cat-hikayeler","7":"pa_cilt-ciltsiz","8":"pa_tur-kitap","9":"pa_yayinevi-pinus-kitap","10":"pa_yazar-erkan-iseri","12":"first","13":"instock","14":"sale","15":"shipping-taxable","16":"purchasable","17":"product-type-simple"},"_links":{"self":[{"href":"https:\/\/roveyayinevi.com.tr\/index.php\/wp-json\/wp\/v2\/product\/705441","targetHints":{"allow":["GET"]}}],"collection":[{"href":"https:\/\/roveyayinevi.com.tr\/index.php\/wp-json\/wp\/v2\/product"}],"about":[{"href":"https:\/\/roveyayinevi.com.tr\/index.php\/wp-json\/wp\/v2\/types\/product"}],"wp:attachment":[{"href":"https:\/\/roveyayinevi.com.tr\/index.php\/wp-json\/wp\/v2\/media?parent=705441"}],"wp:term":[{"taxonomy":"product_brand","embeddable":true,"href":"https:\/\/roveyayinevi.com.tr\/index.php\/wp-json\/wp\/v2\/product_brand?post=705441"},{"taxonomy":"product_cat","embeddable":true,"href":"https:\/\/roveyayinevi.com.tr\/index.php\/wp-json\/wp\/v2\/product_cat?post=705441"},{"taxonomy":"product_tag","embeddable":true,"href":"https:\/\/roveyayinevi.com.tr\/index.php\/wp-json\/wp\/v2\/product_tag?post=705441"}],"curies":[{"name":"wp","href":"https:\/\/api.w.org\/{rel}","templated":true}]}}