{"id":705438,"date":"2025-08-27T15:46:11","date_gmt":"2025-08-27T12:46:11","guid":{"rendered":"https:\/\/roveyayinevi.com.tr\/index.php\/urun\/bilinci-ozgurlestiren-mutlak-bilgi\/"},"modified":"2026-04-16T02:14:07","modified_gmt":"2026-04-15T23:14:07","slug":"bilinci-ozgurlestiren-mutlak-bilgi","status":"publish","type":"product","link":"https:\/\/roveyayinevi.com.tr\/index.php\/urun\/bilinci-ozgurlestiren-mutlak-bilgi\/","title":{"rendered":"Bilinci \u00d6zg\u00fcrle\u015ftiren Mutlak Bilgi"},"content":{"rendered":"<p>Mutlak; Do\u011fas\u0131nda veya \u00f6zelli\u011finde m\u00fckemmel: tam. Ba\u015fka bir \u015fey ile kar\u0131\u015f\u0131k olmayan: saf. S\u0131n\u0131rlamalar veya istisnalar taraf\u0131ndan s\u0131n\u0131rland\u0131r\u0131lmam\u0131\u015f : ko\u015fulsuz. Bilgi: \u00d6\u011frenim veya deneyimle gelen anlay\u0131\u015f. \u00d6zg\u00fcrle\u015ftimek: S\u0131n\u0131rlayan veya k\u0131s\u0131tlayan ko\u015fullardan kurtarmak. Bilin\u00e7: \u00d6z-fark\u0131nda olma, g\u00f6zlemleme ve alg\u0131lama kabiliyeti. Bir insan\u0131n haf\u0131zalar\u0131, d\u00fc\u015f\u00fcnceleri, inan\u00e7lar\u0131, ve onun somut veya \u00f6znel ko\u015fullara yan\u0131t g\u00f6sterme veya tepki verme hassasiyetleri. Bu kitap b\u00fct\u00fcnc\u00fcl bir ya\u015fam tarz\u0131nda ve ruhsal uygulama yapmaya y\u00f6nelik rehber-bilgiler i\u00e7ermektedir ve okuyucular\u0131na, i\u00e7sel kabiliyetlerini ger\u00e7ekle\u015ftirme ve ya\u015famlar\u0131n\u0131n her alan\u0131nda ba\u015far\u0131 elde etme g\u00fcc\u00fc vermektedir. Varl\u0131\u011f\u0131n\u0131z\u0131n \u00d6z\u00fc ve Sonsuz Olanla \u0130li\u015fkiniz ile \u0130lgili ger\u00e7ek Ard\u0131\u015f\u0131k Kategoriler, \u00d6zel Kabiliyetler, ve Kozmik Olu\u015fumun Birbirini \u0130zleyen S\u00fcre\u00e7leri Ruhsal Ayd\u0131nlaman\u0131n Psikolojik ve Fizyolojik Temeli Fark\u0131ndal\u0131\u011f\u0131 Berrakla\u015ft\u0131ran ve \u00d6zg\u00fcn Ruhsal B\u00fcy\u00fcmeyi Kolayla\u015ft\u0131ran Y\u00fcksek Bilin\u00e7 Meditasyonu Adanm\u0131\u015f Bir Ruhsal \u00d6\u011frenci Olmak \u0130\u00e7in K\u0131lavuz Bilgiler Etkin Bir Bi\u00e7imde Kullanmak i\u00e7in \u00dc\u00e7 D\u00f6n\u00fc\u015ft\u00fcr\u00fcc\u00fc Uygulama Sonsuz Ya\u015fa <\/p>\n","protected":false},"excerpt":{"rendered":"<p>Mutlak; Do\u011fas\u0131nda veya \u00f6zelli\u011finde m\u00fckemmel: tam. Ba\u015fka bir \u015fey ile kar\u0131\u015f\u0131k olmayan: saf. S\u0131n\u0131rlamalar veya istisnalar taraf\u0131ndan s\u0131n\u0131rland\u0131r\u0131lmam\u0131\u015f : ko\u015fulsuz. Bilgi: \u00d6\u011frenim veya deneyimle gelen anlay\u0131\u015f.<span class=\"excerpt-hellip\"> [\u2026]<\/span><\/p>\n","protected":false},"featured_media":0,"template":"","meta":{"_monsterinsights_skip_tracking":false,"_monsterinsights_sitenote_active":false,"_monsterinsights_sitenote_note":"","_monsterinsights_sitenote_category":0},"product_brand":[],"product_cat":[12573,12566],"product_tag":[],"class_list":{"0":"post-705438","1":"product","2":"type-product","3":"status-publish","5":"product_cat-akademik-kitaplar","6":"product_cat-egitim","7":"pa_cilt-ciltsiz","8":"pa_tur-kitap","9":"pa_yayinevi-gazi-kitabevi","10":"pa_yazar-roy-eugene-davis","12":"first","13":"instock","14":"sale","15":"shipping-taxable","16":"purchasable","17":"product-type-simple"},"_links":{"self":[{"href":"https:\/\/roveyayinevi.com.tr\/index.php\/wp-json\/wp\/v2\/product\/705438","targetHints":{"allow":["GET"]}}],"collection":[{"href":"https:\/\/roveyayinevi.com.tr\/index.php\/wp-json\/wp\/v2\/product"}],"about":[{"href":"https:\/\/roveyayinevi.com.tr\/index.php\/wp-json\/wp\/v2\/types\/product"}],"wp:attachment":[{"href":"https:\/\/roveyayinevi.com.tr\/index.php\/wp-json\/wp\/v2\/media?parent=705438"}],"wp:term":[{"taxonomy":"product_brand","embeddable":true,"href":"https:\/\/roveyayinevi.com.tr\/index.php\/wp-json\/wp\/v2\/product_brand?post=705438"},{"taxonomy":"product_cat","embeddable":true,"href":"https:\/\/roveyayinevi.com.tr\/index.php\/wp-json\/wp\/v2\/product_cat?post=705438"},{"taxonomy":"product_tag","embeddable":true,"href":"https:\/\/roveyayinevi.com.tr\/index.php\/wp-json\/wp\/v2\/product_tag?post=705438"}],"curies":[{"name":"wp","href":"https:\/\/api.w.org\/{rel}","templated":true}]}}