{"id":705434,"date":"2025-08-27T15:45:27","date_gmt":"2025-08-27T12:45:27","guid":{"rendered":"https:\/\/roveyayinevi.com.tr\/index.php\/urun\/asuman\/"},"modified":"2026-04-16T02:14:07","modified_gmt":"2026-04-15T23:14:07","slug":"asuman","status":"publish","type":"product","link":"https:\/\/roveyayinevi.com.tr\/index.php\/urun\/asuman\/","title":{"rendered":"Asuman"},"content":{"rendered":"<p>Ailenizin k\u0131z\u0131 olmaya talip olan Asuman&#8217;\u0131n hikayesi bu. Bu talip, minib\u00fcs \u015fof\u00f6r\u00fc olan Talip de\u011fil tabi.   Onca zaman bir\u00e7ok \u00e7ok okul, kurs g\u00f6rd\u00fcm. Ne \u00f6\u011frendim? B\u00fcy\u00fck bir pamuk \u015fekeri i\u00e7inde ya\u015famay\u0131.   diyerek kendisini tan\u0131tmaya \u00e7al\u0131\u015fsa da Asuman ger\u00e7ekten   Bir Deli K\u0131z  &#8230; <\/p>\n","protected":false},"excerpt":{"rendered":"<p>Ailenizin k\u0131z\u0131 olmaya talip olan Asuman&#8217;\u0131n hikayesi bu. Bu talip, minib\u00fcs \u015fof\u00f6r\u00fc olan Talip de\u011fil tabi. Onca zaman bir\u00e7ok \u00e7ok okul, kurs g\u00f6rd\u00fcm. Ne \u00f6\u011frendim? B\u00fcy\u00fck<span class=\"excerpt-hellip\"> [\u2026]<\/span><\/p>\n","protected":false},"featured_media":0,"template":"","meta":{"_monsterinsights_skip_tracking":false,"_monsterinsights_sitenote_active":false,"_monsterinsights_sitenote_note":"","_monsterinsights_sitenote_category":0},"product_brand":[],"product_cat":[12291,14825],"product_tag":[],"class_list":{"0":"post-705434","1":"product","2":"type-product","3":"status-publish","5":"product_cat-edebiyat","6":"product_cat-mizah","7":"pa_tur-kitap","8":"pa_yayinevi-erdem-yayinlari-egitim-kitaplari","9":"pa_yazar-bulent-ata","11":"first","12":"instock","13":"sale","14":"shipping-taxable","15":"purchasable","16":"product-type-simple"},"_links":{"self":[{"href":"https:\/\/roveyayinevi.com.tr\/index.php\/wp-json\/wp\/v2\/product\/705434","targetHints":{"allow":["GET"]}}],"collection":[{"href":"https:\/\/roveyayinevi.com.tr\/index.php\/wp-json\/wp\/v2\/product"}],"about":[{"href":"https:\/\/roveyayinevi.com.tr\/index.php\/wp-json\/wp\/v2\/types\/product"}],"wp:attachment":[{"href":"https:\/\/roveyayinevi.com.tr\/index.php\/wp-json\/wp\/v2\/media?parent=705434"}],"wp:term":[{"taxonomy":"product_brand","embeddable":true,"href":"https:\/\/roveyayinevi.com.tr\/index.php\/wp-json\/wp\/v2\/product_brand?post=705434"},{"taxonomy":"product_cat","embeddable":true,"href":"https:\/\/roveyayinevi.com.tr\/index.php\/wp-json\/wp\/v2\/product_cat?post=705434"},{"taxonomy":"product_tag","embeddable":true,"href":"https:\/\/roveyayinevi.com.tr\/index.php\/wp-json\/wp\/v2\/product_tag?post=705434"}],"curies":[{"name":"wp","href":"https:\/\/api.w.org\/{rel}","templated":true}]}}