{"id":705433,"date":"2025-08-27T15:45:26","date_gmt":"2025-08-27T12:45:26","guid":{"rendered":"https:\/\/roveyayinevi.com.tr\/index.php\/urun\/cocuklugun-sonu\/"},"modified":"2026-04-16T02:14:07","modified_gmt":"2026-04-15T23:14:07","slug":"cocuklugun-sonu","status":"publish","type":"product","link":"https:\/\/roveyayinevi.com.tr\/index.php\/urun\/cocuklugun-sonu\/","title":{"rendered":"\u00c7ocuklu\u011fun Sonu"},"content":{"rendered":"<p>Bilinmeyenin korkusu, ge\u00e7mi\u015ften de\u011fil de gelecekten kalma bir hat\u0131ra olabilir mi?1953\u2019te yay\u0131mlanan \u00c7ocuklu\u011fun Sonu, Arthur C. Clarke\u2019\u0131n bir bilimkurgu yazar\u0131 olarak tan\u0131nmas\u0131n\u0131 sa\u011flayan, yirminci y\u00fczy\u0131la damga vuran \u00f6nemli romanlardan biri. 2015\u2019te televizyona uyarlanarak dizi haline getirilen ve bilimkurgu takip\u00e7ileri i\u00e7in yeniden g\u00fcndeme gelen bu eserin g\u00fcc\u00fc, insanl\u0131\u011f\u0131n gelece\u011fine dair en \u00f6zg\u00fcn ve d\u00fc\u015f\u00fcnd\u00fcr\u00fcc\u00fc yorumlardan birini sergilemesinde gizli.D\u00fcnya \u00fczerindeki uygarl\u0131\u011f\u0131m\u0131z\u0131n kaderini, insan neslinin ak\u0131betini irdeleyen \u00c7ocuklu\u011fun Sonu, ters k\u00f6\u015feye yat\u0131ran bir \u201c\u00f6teki\u201d anlat\u0131s\u0131, farkl\u0131 bir uzayl\u0131 istilas\u0131 \u00f6yk\u00fcs\u00fc, \u00fctopya ve distopya aras\u0131ndaki ince \u00e7izgiye dair, kal\u0131n harflerle tarihe ge\u00e7en bir bilimkurgu klasi\u011fi\u2026\u201cB\u00f6yle bir kitap y\u0131llard\u0131r yaz\u0131lmad\u0131.\u201dC. S. Lewis\u201c\u00dcrk\u00fct\u00fcc\u00fc derecede mant\u0131kl\u0131, inand\u0131r\u0131c\u0131 ve ac\u0131mas\u0131z bir kehanet giri\u015fimi. Clarke ger\u00e7ek bir usta.\u201d Los Angeles Times <\/p>\n","protected":false},"excerpt":{"rendered":"<p>Bilinmeyenin korkusu, ge\u00e7mi\u015ften de\u011fil de gelecekten kalma bir hat\u0131ra olabilir mi?1953\u2019te yay\u0131mlanan \u00c7ocuklu\u011fun Sonu, Arthur C. Clarke\u2019\u0131n bir bilimkurgu yazar\u0131 olarak tan\u0131nmas\u0131n\u0131 sa\u011flayan, yirminci y\u00fczy\u0131la damga<span class=\"excerpt-hellip\"> [\u2026]<\/span><\/p>\n","protected":false},"featured_media":0,"template":"","meta":{"_monsterinsights_skip_tracking":false,"_monsterinsights_sitenote_active":false,"_monsterinsights_sitenote_note":"","_monsterinsights_sitenote_category":0},"product_brand":[],"product_cat":[12540,12291],"product_tag":[],"class_list":{"0":"post-705433","1":"product","2":"type-product","3":"status-publish","5":"product_cat-bilim-kurgu","6":"product_cat-edebiyat","7":"pa_cilt-ciltsiz","8":"pa_tur-kitap","9":"pa_yayinevi-ithaki-yayinlari","10":"pa_yazar-arthur-c-clarke","12":"first","13":"instock","14":"sale","15":"shipping-taxable","16":"purchasable","17":"product-type-simple"},"_links":{"self":[{"href":"https:\/\/roveyayinevi.com.tr\/index.php\/wp-json\/wp\/v2\/product\/705433","targetHints":{"allow":["GET"]}}],"collection":[{"href":"https:\/\/roveyayinevi.com.tr\/index.php\/wp-json\/wp\/v2\/product"}],"about":[{"href":"https:\/\/roveyayinevi.com.tr\/index.php\/wp-json\/wp\/v2\/types\/product"}],"wp:attachment":[{"href":"https:\/\/roveyayinevi.com.tr\/index.php\/wp-json\/wp\/v2\/media?parent=705433"}],"wp:term":[{"taxonomy":"product_brand","embeddable":true,"href":"https:\/\/roveyayinevi.com.tr\/index.php\/wp-json\/wp\/v2\/product_brand?post=705433"},{"taxonomy":"product_cat","embeddable":true,"href":"https:\/\/roveyayinevi.com.tr\/index.php\/wp-json\/wp\/v2\/product_cat?post=705433"},{"taxonomy":"product_tag","embeddable":true,"href":"https:\/\/roveyayinevi.com.tr\/index.php\/wp-json\/wp\/v2\/product_tag?post=705433"}],"curies":[{"name":"wp","href":"https:\/\/api.w.org\/{rel}","templated":true}]}}