{"id":705432,"date":"2025-08-27T15:45:26","date_gmt":"2025-08-27T12:45:26","guid":{"rendered":"https:\/\/roveyayinevi.com.tr\/index.php\/urun\/sinirlarini-asan-cocuklar\/"},"modified":"2026-04-16T02:14:07","modified_gmt":"2026-04-15T23:14:07","slug":"sinirlarini-asan-cocuklar","status":"publish","type":"product","link":"https:\/\/roveyayinevi.com.tr\/index.php\/urun\/sinirlarini-asan-cocuklar\/","title":{"rendered":"S\u0131n\u0131rlar\u0131n\u0131 A\u015fan \u00c7ocuklar"},"content":{"rendered":"<p>Otizm, Asperger Sendromu, dikkat eksikli\u011fi hiperaktivite bozuklu\u011fu olan \u00e7ocuklar i\u00e7in etkili sonu\u00e7lar\u2026 <\/p>\n","protected":false},"excerpt":{"rendered":"<p>Otizm, Asperger Sendromu, dikkat eksikli\u011fi hiperaktivite bozuklu\u011fu olan \u00e7ocuklar i\u00e7in etkili sonu\u00e7lar\u2026<\/p>\n","protected":false},"featured_media":0,"template":"","meta":{"_monsterinsights_skip_tracking":false,"_monsterinsights_sitenote_active":false,"_monsterinsights_sitenote_note":"","_monsterinsights_sitenote_category":0},"product_brand":[],"product_cat":[12831,12324],"product_tag":[],"class_list":{"0":"post-705432","1":"product","2":"type-product","3":"status-publish","5":"product_cat-aile-ve-cocuk","6":"product_cat-sosyoloji","7":"pa_cilt-ciltsiz","8":"pa_tur-kitap","9":"pa_yayinevi-dogan-kitap","10":"pa_yazar-anat-baniel","12":"first","13":"instock","14":"sale","15":"shipping-taxable","16":"purchasable","17":"product-type-simple"},"_links":{"self":[{"href":"https:\/\/roveyayinevi.com.tr\/index.php\/wp-json\/wp\/v2\/product\/705432","targetHints":{"allow":["GET"]}}],"collection":[{"href":"https:\/\/roveyayinevi.com.tr\/index.php\/wp-json\/wp\/v2\/product"}],"about":[{"href":"https:\/\/roveyayinevi.com.tr\/index.php\/wp-json\/wp\/v2\/types\/product"}],"wp:attachment":[{"href":"https:\/\/roveyayinevi.com.tr\/index.php\/wp-json\/wp\/v2\/media?parent=705432"}],"wp:term":[{"taxonomy":"product_brand","embeddable":true,"href":"https:\/\/roveyayinevi.com.tr\/index.php\/wp-json\/wp\/v2\/product_brand?post=705432"},{"taxonomy":"product_cat","embeddable":true,"href":"https:\/\/roveyayinevi.com.tr\/index.php\/wp-json\/wp\/v2\/product_cat?post=705432"},{"taxonomy":"product_tag","embeddable":true,"href":"https:\/\/roveyayinevi.com.tr\/index.php\/wp-json\/wp\/v2\/product_tag?post=705432"}],"curies":[{"name":"wp","href":"https:\/\/api.w.org\/{rel}","templated":true}]}}