{"id":705430,"date":"2025-08-27T15:45:25","date_gmt":"2025-08-27T12:45:25","guid":{"rendered":"https:\/\/roveyayinevi.com.tr\/index.php\/urun\/sonsuz-ne-kadar-uzun\/"},"modified":"2026-04-16T02:14:07","modified_gmt":"2026-04-15T23:14:07","slug":"sonsuz-ne-kadar-uzun","status":"publish","type":"product","link":"https:\/\/roveyayinevi.com.tr\/index.php\/urun\/sonsuz-ne-kadar-uzun\/","title":{"rendered":"Sonsuz Ne Kadar Uzun?"},"content":{"rendered":"<p>\u00c7in edebiyat\u0131, Mo Yan\u2019\u0131n 2012 y\u0131l\u0131 Nobel Edebiyat \u00d6d\u00fcl\u00fcn\u00fc almas\u0131 ile t\u00fcm d\u00fcnyan\u0131n ilgisini \u00fczerine \u00e7ekmeye ba\u015flad\u0131. Ger\u00e7ekten de, T\u00fcrkiye\u2019de 2013 y\u0131l\u0131na kadar bu \u00fclkenin edebiyat\u0131 ile ilgili herhangi bir eser yay\u0131nlanmam\u0131\u015ft\u0131. Yay\u0131nevimiz, ayn\u0131 zamanda \u00c7in Yazarlar Birli\u011fi ba\u015fkan\u0131 olan \u00fcnl\u00fc kad\u0131n yazar Tie Ning\u2019in bu \u00f6nemli eserini T\u00fcrk\u00e7eye kazand\u0131rarak bu a\u00e7\u0131\u011f\u0131 gidermeye \u00e7al\u0131\u015fm\u0131\u015ft\u0131r. Kitab\u0131n yazar\u0131 iki kez Lu Xun edebiyat \u00f6d\u00fcl\u00fcne ve di\u011fer \u00f6d\u00fcllere lay\u0131k g\u00f6r\u00fclm\u00fc\u015ft\u00fcr. Sonsuz Ne Kadar Uzun? s\u0131cak, verici ve saf bir Hutong (mahalle) k\u0131z\u0131 olan Bai Daixing\u2019in hikayesidir. Bai Daxing, di\u011fer t\u00fcm insanlar\u0131 kendisini sevdi\u011fi kadar sevebilen, s\u0131radan, s\u0131cak bir Hutong k\u0131z\u0131yd\u0131. \u0130lk a\u015fk\u0131 11 ya\u015f\u0131nda tatm\u0131\u015f, mahalle k\u0131zlar\u0131n\u0131n beraber olmak i\u00e7in can att\u0131\u011f\u0131 yak\u0131\u015f\u0131kl\u0131 dans\u00e7\u0131 Dashun\u2019a a\u015f\u0131k olmu\u015ftu. Ailesi, b\u00fcy\u00fckannesi, arkada\u015flar\u0131, sevgilileri, i\u015f arkada\u015flar\u0131 veya yaln\u0131zca \u00f6ylesine tan\u0131d\u0131\u011f\u0131 \u00e7evresindeki insanlarla kurdu\u011fu ili\u015fkilerinde inan\u0131lmas\u0131 zor bir \u00f6zgecilik ve safl\u0131k g\u00f6r\u00fcl\u00fcyordu. Her zaman her konuda verici olmak isteyen oydu. Acaba bir g\u00fcn uyanacak ve de\u011fi\u015fecek miydi? Bu \u00f6zverinin bir s\u0131n\u0131r\u0131 var m\u0131yd\u0131? Daha ne kadar kar\u015f\u0131daki insanlar\u0131n istemlerine boyun e\u011fecekti? Belki de, bu sorunun cevab\u0131 sonsuza kadar olacakt\u0131. \u00c7\u00fcnk\u00fc, Bai Daxing, \u201chay\u0131r\u201d s\u00f6zc\u00fc\u011f\u00fcn\u00fc \u00f6\u011frenmemi\u015fti. Fakat, bir g\u00fcn onun a\u011fz\u0131ndan \u015fu s\u00f6zleri duyar\u0131z: \u201cSonsuz ne kadar uzun? Bu durum sonsuza dek b\u00f6yle mi s\u00fcrecek?\u201d <\/p>\n","protected":false},"excerpt":{"rendered":"<p>\u00c7in edebiyat\u0131, Mo Yan\u2019\u0131n 2012 y\u0131l\u0131 Nobel Edebiyat \u00d6d\u00fcl\u00fcn\u00fc almas\u0131 ile t\u00fcm d\u00fcnyan\u0131n ilgisini \u00fczerine \u00e7ekmeye ba\u015flad\u0131. Ger\u00e7ekten de, T\u00fcrkiye\u2019de 2013 y\u0131l\u0131na kadar bu \u00fclkenin edebiyat\u0131<span class=\"excerpt-hellip\"> [\u2026]<\/span><\/p>\n","protected":false},"featured_media":0,"template":"","meta":{"_monsterinsights_skip_tracking":false,"_monsterinsights_sitenote_active":false,"_monsterinsights_sitenote_note":"","_monsterinsights_sitenote_category":0},"product_brand":[],"product_cat":[12291,12866],"product_tag":[],"class_list":{"0":"post-705430","1":"product","2":"type-product","3":"status-publish","5":"product_cat-edebiyat","6":"product_cat-ingiliz-edebiyati","7":"pa_tur-kitap","8":"pa_yayinevi-canut-yayinlari","9":"pa_yazar-tie-ning","11":"first","12":"instock","13":"sale","14":"shipping-taxable","15":"purchasable","16":"product-type-simple"},"_links":{"self":[{"href":"https:\/\/roveyayinevi.com.tr\/index.php\/wp-json\/wp\/v2\/product\/705430","targetHints":{"allow":["GET"]}}],"collection":[{"href":"https:\/\/roveyayinevi.com.tr\/index.php\/wp-json\/wp\/v2\/product"}],"about":[{"href":"https:\/\/roveyayinevi.com.tr\/index.php\/wp-json\/wp\/v2\/types\/product"}],"wp:attachment":[{"href":"https:\/\/roveyayinevi.com.tr\/index.php\/wp-json\/wp\/v2\/media?parent=705430"}],"wp:term":[{"taxonomy":"product_brand","embeddable":true,"href":"https:\/\/roveyayinevi.com.tr\/index.php\/wp-json\/wp\/v2\/product_brand?post=705430"},{"taxonomy":"product_cat","embeddable":true,"href":"https:\/\/roveyayinevi.com.tr\/index.php\/wp-json\/wp\/v2\/product_cat?post=705430"},{"taxonomy":"product_tag","embeddable":true,"href":"https:\/\/roveyayinevi.com.tr\/index.php\/wp-json\/wp\/v2\/product_tag?post=705430"}],"curies":[{"name":"wp","href":"https:\/\/api.w.org\/{rel}","templated":true}]}}