{"id":705428,"date":"2025-08-27T15:45:24","date_gmt":"2025-08-27T12:45:24","guid":{"rendered":"https:\/\/roveyayinevi.com.tr\/index.php\/urun\/28-subat-nedir\/"},"modified":"2026-04-16T02:14:06","modified_gmt":"2026-04-15T23:14:06","slug":"28-subat-nedir","status":"publish","type":"product","link":"https:\/\/roveyayinevi.com.tr\/index.php\/urun\/28-subat-nedir\/","title":{"rendered":"28 \u015eubat Nedir?"},"content":{"rendered":"<p>28 \u015eubat neydi? Nas\u0131l bir anda &#8220;\u00fclkenin \u00e7ivisi \u00e7\u0131kt\u0131&#8221; ve Tv ekranlar\u0131, gazeteler, radyolar &#8220;irtica&#8221; haberleri vermeye ba\u015flad\u0131lar ve muht\u0131radan hemen sonra yine nas\u0131l her \u015fey bir anda &#8220;normal&#8221;e d\u00f6nd\u00fc?E\u011fer 28 \u015eubat&#8217;\u0131, her ak\u015fam ana haber b\u00fcltenlerinin onlarca dakikas\u0131n\u0131 i\u015fgal eden \u00fcrk\u00fct\u00fcc\u00fc g\u00f6r\u00fcnt\u00fclerin, Aczimendi haberlerinin veya cin \u00e7\u0131karma t\u00f6renleriyle olu\u015fturulan &#8220;dinsel gericilik&#8221; ill\u00fczyonunun \u00f6tesine ge\u00e7ip anlamak istiyorsak yap\u0131lmas\u0131 gereken, bu m\u00fcdahalenin yap\u0131sal anlamda neyi de\u011fi\u015ftirdi\u011fine bakmakt\u0131r.Elinizdeki kitap tam da bunu yap\u0131yor. \u0130brahim Ayy\u0131ld\u0131z, &#8220;\u00fclkede irtica artm\u0131\u015ft\u0131, ordu da m\u00fcdahale edip h\u00fck\u00fbmeti y\u0131kt\u0131.&#8221; ill\u00fczyonunun \u00f6tesine ge\u00e7ip bize perdenin ard\u0131ndakini g\u00f6steriyor. &#8220;Post-modern darbe&#8221;nin as\u0131l konu\u015fulmas\u0131 gereken y\u00fcz\u00fcne \u0131\u015f\u0131k tutuyor ve onun sosyo-ekonomik, s\u0131n\u0131fsal ve siyas\u00ee boyutlar\u0131n\u0131 mercek alt\u0131na al\u0131yor. Bu y\u00f6n\u00fcyle 28 \u015eubat&#8217;\u0131 anlamak i\u00e7in okunmas\u0131 gereken en \u00f6nemli \u00e7al\u0131\u015fmalardan biri olarak tan\u0131mlanmay\u0131 hak ediyor.Prof. Dr. Bekir Berat \u00d6zipek <\/p>\n","protected":false},"excerpt":{"rendered":"<p>28 \u015eubat neydi? Nas\u0131l bir anda &#8220;\u00fclkenin \u00e7ivisi \u00e7\u0131kt\u0131&#8221; ve Tv ekranlar\u0131, gazeteler, radyolar &#8220;irtica&#8221; haberleri vermeye ba\u015flad\u0131lar ve muht\u0131radan hemen sonra yine nas\u0131l her \u015fey<span class=\"excerpt-hellip\"> [\u2026]<\/span><\/p>\n","protected":false},"featured_media":0,"template":"","meta":{"_monsterinsights_skip_tracking":false,"_monsterinsights_sitenote_active":false,"_monsterinsights_sitenote_note":"","_monsterinsights_sitenote_category":0},"product_brand":[],"product_cat":[12338,12337],"product_tag":[],"class_list":{"0":"post-705428","1":"product","2":"type-product","3":"status-publish","5":"product_cat-dunya-siyaseti-ve-politikasi","6":"product_cat-politika-siyaset","7":"pa_cilt-ciltsiz","8":"pa_tur-kitap","9":"pa_yayinevi-liberte-yayinlari","10":"pa_yazar-ibrahim-ayyildiz","12":"first","13":"instock","14":"sale","15":"shipping-taxable","16":"purchasable","17":"product-type-simple"},"_links":{"self":[{"href":"https:\/\/roveyayinevi.com.tr\/index.php\/wp-json\/wp\/v2\/product\/705428","targetHints":{"allow":["GET"]}}],"collection":[{"href":"https:\/\/roveyayinevi.com.tr\/index.php\/wp-json\/wp\/v2\/product"}],"about":[{"href":"https:\/\/roveyayinevi.com.tr\/index.php\/wp-json\/wp\/v2\/types\/product"}],"wp:attachment":[{"href":"https:\/\/roveyayinevi.com.tr\/index.php\/wp-json\/wp\/v2\/media?parent=705428"}],"wp:term":[{"taxonomy":"product_brand","embeddable":true,"href":"https:\/\/roveyayinevi.com.tr\/index.php\/wp-json\/wp\/v2\/product_brand?post=705428"},{"taxonomy":"product_cat","embeddable":true,"href":"https:\/\/roveyayinevi.com.tr\/index.php\/wp-json\/wp\/v2\/product_cat?post=705428"},{"taxonomy":"product_tag","embeddable":true,"href":"https:\/\/roveyayinevi.com.tr\/index.php\/wp-json\/wp\/v2\/product_tag?post=705428"}],"curies":[{"name":"wp","href":"https:\/\/api.w.org\/{rel}","templated":true}]}}