{"id":705425,"date":"2025-08-27T15:45:23","date_gmt":"2025-08-27T12:45:23","guid":{"rendered":"https:\/\/roveyayinevi.com.tr\/index.php\/urun\/yaratici-imgeleme-gucunuzu-nasil-kullanirsiniz\/"},"modified":"2026-04-16T02:14:06","modified_gmt":"2026-04-15T23:14:06","slug":"yaratici-imgeleme-gucunuzu-nasil-kullanirsiniz","status":"publish","type":"product","link":"https:\/\/roveyayinevi.com.tr\/index.php\/urun\/yaratici-imgeleme-gucunuzu-nasil-kullanirsiniz\/","title":{"rendered":"Yarat\u0131c\u0131 \u0130mgeleme G\u00fcc\u00fcn\u00fcz\u00fc Nas\u0131l Kullan\u0131rs\u0131n\u0131z"},"content":{"rendered":"<p>Baz\u0131 Kelimelerin Bilinmesi Gereken Anlamlar\u0131 Etkin Ya\u015faman\u0131n ve \u0130fade \u00d6zg\u00fcrl\u00fc\u011f\u00fcn\u00fcn \u00d6n\u00fcndeki B\u00fct\u00fcn Engelleri Ortadan Kald\u0131rabilir veya Bunlar\u0131n \u00d6tesine Ge\u00e7ebilirsiniz Yarat\u0131c\u0131 \u0130mgeleme G\u00fcc\u00fcn\u00fcz\u00fc Nas\u0131l Etkin Bir Bi\u00e7imde Kullan\u0131rs\u0131n\u0131z? Yarat\u0131c\u0131 S\u00fcre\u00e7 \u0130le \u0130lgili Sorulara Cevaplar <\/p>\n","protected":false},"excerpt":{"rendered":"<p>Baz\u0131 Kelimelerin Bilinmesi Gereken Anlamlar\u0131 Etkin Ya\u015faman\u0131n ve \u0130fade \u00d6zg\u00fcrl\u00fc\u011f\u00fcn\u00fcn \u00d6n\u00fcndeki B\u00fct\u00fcn Engelleri Ortadan Kald\u0131rabilir veya Bunlar\u0131n \u00d6tesine Ge\u00e7ebilirsiniz Yarat\u0131c\u0131 \u0130mgeleme G\u00fcc\u00fcn\u00fcz\u00fc Nas\u0131l Etkin Bir Bi\u00e7imde<span class=\"excerpt-hellip\"> [\u2026]<\/span><\/p>\n","protected":false},"featured_media":0,"template":"","meta":{"_monsterinsights_skip_tracking":false,"_monsterinsights_sitenote_active":false,"_monsterinsights_sitenote_note":"","_monsterinsights_sitenote_category":0},"product_brand":[],"product_cat":[12364,12376],"product_tag":[],"class_list":{"0":"post-705425","1":"product","2":"type-product","3":"status-publish","5":"product_cat-genel-konular","6":"product_cat-kisisel-gelisim","7":"pa_cilt-ciltsiz","8":"pa_tur-kitap","9":"pa_yayinevi-gazi-kitabevi-sinav-kitaplari","10":"pa_yazar-roy-eugene-davis","12":"first","13":"instock","14":"sale","15":"shipping-taxable","16":"purchasable","17":"product-type-simple"},"_links":{"self":[{"href":"https:\/\/roveyayinevi.com.tr\/index.php\/wp-json\/wp\/v2\/product\/705425","targetHints":{"allow":["GET"]}}],"collection":[{"href":"https:\/\/roveyayinevi.com.tr\/index.php\/wp-json\/wp\/v2\/product"}],"about":[{"href":"https:\/\/roveyayinevi.com.tr\/index.php\/wp-json\/wp\/v2\/types\/product"}],"wp:attachment":[{"href":"https:\/\/roveyayinevi.com.tr\/index.php\/wp-json\/wp\/v2\/media?parent=705425"}],"wp:term":[{"taxonomy":"product_brand","embeddable":true,"href":"https:\/\/roveyayinevi.com.tr\/index.php\/wp-json\/wp\/v2\/product_brand?post=705425"},{"taxonomy":"product_cat","embeddable":true,"href":"https:\/\/roveyayinevi.com.tr\/index.php\/wp-json\/wp\/v2\/product_cat?post=705425"},{"taxonomy":"product_tag","embeddable":true,"href":"https:\/\/roveyayinevi.com.tr\/index.php\/wp-json\/wp\/v2\/product_tag?post=705425"}],"curies":[{"name":"wp","href":"https:\/\/api.w.org\/{rel}","templated":true}]}}