{"id":705421,"date":"2025-08-27T15:45:21","date_gmt":"2025-08-27T12:45:21","guid":{"rendered":"https:\/\/roveyayinevi.com.tr\/index.php\/urun\/mesnevi-hikayeleri\/"},"modified":"2026-04-16T02:14:06","modified_gmt":"2026-04-15T23:14:06","slug":"mesnevi-hikayeleri","status":"publish","type":"product","link":"https:\/\/roveyayinevi.com.tr\/index.php\/urun\/mesnevi-hikayeleri\/","title":{"rendered":"Mesnevi Hikayeleri"},"content":{"rendered":"<p>Hz. Mevlana vahdet-i v\u00fccut g\u00f6r\u00fc\u015flerini ve tasavvufi hakikatlar\u0131 a\u00e7\u0131klarken konular\u0131n daha iyi anla\u015f\u0131lmas\u0131 i\u00e7in baz\u0131 hikayeler s\u00f6ylemi\u015ftir. Bu hikayeler Kelile ve Dimne&#8217;den, tarihten, Kur&#8217;an k\u0131ssalar\u0131ndan, halk aras\u0131nda s\u00f6ylenen hikayelerden al\u0131nm\u0131\u015ft\u0131r. Fakat Hz. Mevlana bunlar\u0131 s\u00f6ylerken kendi g\u00fczel anlat\u0131\u015f tarz\u0131yla bir tak\u0131m \u00e7a\u011fr\u0131\u015f\u0131mlarla (tedai), hayallerle kendi yarat\u0131c\u0131 muhayyelesinden ilham alarak kendine has ho\u015f bir \u015fekilde hikaye etmeyi ba\u015farm\u0131\u015ft\u0131r. Bunlar\u0131n i\u00e7inde her duyguya yer verilmi\u015ftir. A\u015fk, iman, kahramanl\u0131k, fazilet, do\u011fruluk ve bunlar\u0131n d\u0131\u015f\u0131nda b\u00fct\u00fcn insani duygular yer alm\u0131\u015ft\u0131r. B\u00fcy\u00fck bir psikolog gibi bazen insan\u0131n ruhunun derinliklerine inmi\u015f, bazen faziletin ve kahramanl\u0131\u011f\u0131n meth \u00fc senas\u0131n\u0131 yapm\u0131\u015f, bazen de insan\u0131n s\u00fcfli arzular\u0131n\u0131 b\u00fct\u00fcn a\u00e7\u0131kl\u0131\u011f\u0131yla realist bir \u015fekilde dile getirmi\u015ftir. \ufffcTan\u0131t\u0131m Metni<\/p>\n","protected":false},"excerpt":{"rendered":"<p>Hz. Mevlana vahdet-i v\u00fccut g\u00f6r\u00fc\u015flerini ve tasavvufi hakikatlar\u0131 a\u00e7\u0131klarken konular\u0131n daha iyi anla\u015f\u0131lmas\u0131 i\u00e7in baz\u0131 hikayeler s\u00f6ylemi\u015ftir. Bu hikayeler Kelile ve Dimne&#8217;den, tarihten, Kur&#8217;an k\u0131ssalar\u0131ndan, halk<span class=\"excerpt-hellip\"> [\u2026]<\/span><\/p>\n","protected":false},"featured_media":0,"template":"","meta":{"_monsterinsights_skip_tracking":false,"_monsterinsights_sitenote_active":false,"_monsterinsights_sitenote_note":"","_monsterinsights_sitenote_category":0},"product_brand":[],"product_cat":[12718,12719,12720],"product_tag":[],"class_list":{"0":"post-705421","1":"product","2":"type-product","3":"status-publish","5":"product_cat-din","6":"product_cat-islam","7":"product_cat-tasavvuf-mezhepler-tarikatlar","8":"pa_tur-kitap","9":"pa_yayinevi-otuken-nesriyat","10":"pa_yazar-sefik-can","12":"first","13":"instock","14":"sale","15":"shipping-taxable","16":"purchasable","17":"product-type-simple"},"_links":{"self":[{"href":"https:\/\/roveyayinevi.com.tr\/index.php\/wp-json\/wp\/v2\/product\/705421","targetHints":{"allow":["GET"]}}],"collection":[{"href":"https:\/\/roveyayinevi.com.tr\/index.php\/wp-json\/wp\/v2\/product"}],"about":[{"href":"https:\/\/roveyayinevi.com.tr\/index.php\/wp-json\/wp\/v2\/types\/product"}],"wp:attachment":[{"href":"https:\/\/roveyayinevi.com.tr\/index.php\/wp-json\/wp\/v2\/media?parent=705421"}],"wp:term":[{"taxonomy":"product_brand","embeddable":true,"href":"https:\/\/roveyayinevi.com.tr\/index.php\/wp-json\/wp\/v2\/product_brand?post=705421"},{"taxonomy":"product_cat","embeddable":true,"href":"https:\/\/roveyayinevi.com.tr\/index.php\/wp-json\/wp\/v2\/product_cat?post=705421"},{"taxonomy":"product_tag","embeddable":true,"href":"https:\/\/roveyayinevi.com.tr\/index.php\/wp-json\/wp\/v2\/product_tag?post=705421"}],"curies":[{"name":"wp","href":"https:\/\/api.w.org\/{rel}","templated":true}]}}