{"id":705419,"date":"2025-08-27T15:45:21","date_gmt":"2025-08-27T12:45:21","guid":{"rendered":"https:\/\/roveyayinevi.com.tr\/index.php\/urun\/iste-platon\/"},"modified":"2026-04-16T02:14:06","modified_gmt":"2026-04-15T23:14:06","slug":"iste-platon","status":"publish","type":"product","link":"https:\/\/roveyayinevi.com.tr\/index.php\/urun\/iste-platon\/","title":{"rendered":"\u0130\u015f&#8217;te Platon"},"content":{"rendered":"<p>Sokrates&#8217;in \u00f6\u011frencisi, Aristoteles&#8217;in \u00f6\u011fretmeni olan, Bat\u0131l\u0131lar\u0131n   Platon  , Araplar\u0131n ise   Eflatun   dedikleri antik Yunan filozofu bug\u00fcn\u00fcn i\u015f d\u00fcnyas\u0131na her \u015feyden \u00f6nce felsefe ile daha \u00e7ok ilgilenilmesini \u00f6nerirdi. \u00c7\u00fcnk\u00fc Atina Akademisi&#8217;nin kurucusu Devlet adl\u0131 \u00fcnl\u00fc eserinde ya devletin filozoflar taraf\u0131ndan y\u00f6netilmesini ya da devleti y\u00f6netenlerin filozof olmas\u0131n\u0131 savundu\u011funa g\u00f6re, bug\u00fcn\u00fcn devlet gibi b\u00fcy\u00fck \u015firketlerinin tepesinde de filozoflar g\u00f6rmek isterdi. <\/p>\n","protected":false},"excerpt":{"rendered":"<p>Sokrates&#8217;in \u00f6\u011frencisi, Aristoteles&#8217;in \u00f6\u011fretmeni olan, Bat\u0131l\u0131lar\u0131n Platon , Araplar\u0131n ise Eflatun dedikleri antik Yunan filozofu bug\u00fcn\u00fcn i\u015f d\u00fcnyas\u0131na her \u015feyden \u00f6nce felsefe ile daha \u00e7ok ilgilenilmesini<span class=\"excerpt-hellip\"> [\u2026]<\/span><\/p>\n","protected":false},"featured_media":0,"template":"","meta":{"_monsterinsights_skip_tracking":false,"_monsterinsights_sitenote_active":false,"_monsterinsights_sitenote_note":"","_monsterinsights_sitenote_category":0},"product_brand":[],"product_cat":[13043,19008],"product_tag":[],"class_list":{"0":"post-705419","1":"product","2":"type-product","3":"status-publish","5":"product_cat-ekonomi","6":"product_cat-yonetim","7":"pa_tur-kitap","8":"pa_yayinevi-kuraldisi-yayinevi","9":"pa_yazar-andreas-drosdek","11":"first","12":"instock","13":"sale","14":"shipping-taxable","15":"purchasable","16":"product-type-simple"},"_links":{"self":[{"href":"https:\/\/roveyayinevi.com.tr\/index.php\/wp-json\/wp\/v2\/product\/705419","targetHints":{"allow":["GET"]}}],"collection":[{"href":"https:\/\/roveyayinevi.com.tr\/index.php\/wp-json\/wp\/v2\/product"}],"about":[{"href":"https:\/\/roveyayinevi.com.tr\/index.php\/wp-json\/wp\/v2\/types\/product"}],"wp:attachment":[{"href":"https:\/\/roveyayinevi.com.tr\/index.php\/wp-json\/wp\/v2\/media?parent=705419"}],"wp:term":[{"taxonomy":"product_brand","embeddable":true,"href":"https:\/\/roveyayinevi.com.tr\/index.php\/wp-json\/wp\/v2\/product_brand?post=705419"},{"taxonomy":"product_cat","embeddable":true,"href":"https:\/\/roveyayinevi.com.tr\/index.php\/wp-json\/wp\/v2\/product_cat?post=705419"},{"taxonomy":"product_tag","embeddable":true,"href":"https:\/\/roveyayinevi.com.tr\/index.php\/wp-json\/wp\/v2\/product_tag?post=705419"}],"curies":[{"name":"wp","href":"https:\/\/api.w.org\/{rel}","templated":true}]}}