{"id":705411,"date":"2025-08-27T15:45:17","date_gmt":"2025-08-27T12:45:17","guid":{"rendered":"https:\/\/roveyayinevi.com.tr\/index.php\/urun\/bilimsel-dusuncenin-kisa-tarihi\/"},"modified":"2026-04-13T02:17:41","modified_gmt":"2026-04-12T23:17:41","slug":"bilimsel-dusuncenin-kisa-tarihi","status":"publish","type":"product","link":"https:\/\/roveyayinevi.com.tr\/index.php\/urun\/bilimsel-dusuncenin-kisa-tarihi\/","title":{"rendered":"Bilimsel D\u00fc\u015f\u00fcncenin K\u0131sa Tarihi"},"content":{"rendered":"<p>\u201cAlan\u0131nda titizlikle se\u00e7ilmi\u015f konular\u0131 dikkatle ele alan kapsaml\u0131 bir bilimsel d\u00fc\u015f\u00fcnce tarihi. \u00c7al\u0131\u015fman\u0131n, bu alandaki geni\u015f ve derin bir bilgi birikimine dayand\u0131\u011f\u0131 her sayfas\u0131nda g\u00f6r\u00fcl\u00fcyor\u2026 M\u00fckemmel bir kitap.\u201d <\/p>\n","protected":false},"excerpt":{"rendered":"<p>\u201cAlan\u0131nda titizlikle se\u00e7ilmi\u015f konular\u0131 dikkatle ele alan kapsaml\u0131 bir bilimsel d\u00fc\u015f\u00fcnce tarihi. \u00c7al\u0131\u015fman\u0131n, bu alandaki geni\u015f ve derin bir bilgi birikimine dayand\u0131\u011f\u0131 her sayfas\u0131nda g\u00f6r\u00fcl\u00fcyor\u2026 M\u00fckemmel<span class=\"excerpt-hellip\"> [\u2026]<\/span><\/p>\n","protected":false},"featured_media":0,"template":"","meta":{"_monsterinsights_skip_tracking":false,"_monsterinsights_sitenote_active":false,"_monsterinsights_sitenote_note":"","_monsterinsights_sitenote_category":0},"product_brand":[],"product_cat":[13005,13006],"product_tag":[],"class_list":{"0":"post-705411","1":"product","2":"type-product","3":"status-publish","5":"product_cat-bilim-muhendislik","6":"product_cat-populer-bilim","7":"pa_cilt-ciltsiz","8":"pa_tur-kitap","9":"pa_yayinevi-akil-celen-kitaplar","10":"pa_yazar-john-henry","12":"first","13":"instock","14":"sale","15":"shipping-taxable","16":"purchasable","17":"product-type-simple"},"_links":{"self":[{"href":"https:\/\/roveyayinevi.com.tr\/index.php\/wp-json\/wp\/v2\/product\/705411","targetHints":{"allow":["GET"]}}],"collection":[{"href":"https:\/\/roveyayinevi.com.tr\/index.php\/wp-json\/wp\/v2\/product"}],"about":[{"href":"https:\/\/roveyayinevi.com.tr\/index.php\/wp-json\/wp\/v2\/types\/product"}],"wp:attachment":[{"href":"https:\/\/roveyayinevi.com.tr\/index.php\/wp-json\/wp\/v2\/media?parent=705411"}],"wp:term":[{"taxonomy":"product_brand","embeddable":true,"href":"https:\/\/roveyayinevi.com.tr\/index.php\/wp-json\/wp\/v2\/product_brand?post=705411"},{"taxonomy":"product_cat","embeddable":true,"href":"https:\/\/roveyayinevi.com.tr\/index.php\/wp-json\/wp\/v2\/product_cat?post=705411"},{"taxonomy":"product_tag","embeddable":true,"href":"https:\/\/roveyayinevi.com.tr\/index.php\/wp-json\/wp\/v2\/product_tag?post=705411"}],"curies":[{"name":"wp","href":"https:\/\/api.w.org\/{rel}","templated":true}]}}