{"id":705410,"date":"2025-08-27T15:45:17","date_gmt":"2025-08-27T12:45:17","guid":{"rendered":"https:\/\/roveyayinevi.com.tr\/index.php\/urun\/bu-beden-benim\/"},"modified":"2026-04-16T02:14:06","modified_gmt":"2026-04-15T23:14:06","slug":"bu-beden-benim","status":"publish","type":"product","link":"https:\/\/roveyayinevi.com.tr\/index.php\/urun\/bu-beden-benim\/","title":{"rendered":"Bu Beden Benim!"},"content":{"rendered":"<p>\u00c7ocu\u011funuz b\u00fcy\u00fcd\u00fck\u00e7e bedenini tan\u0131maya, merak etmeye ba\u015flar. Fiziksel fark\u0131ndal\u0131k mahremiyet konusunu da beraberinde getirir. \u00c7ocu\u011funuz bu s\u00fcre\u00e7te size, cevap vermekte zorlanaca\u011f\u0131n\u0131z baz\u0131 sorular sorabilir. Verece\u011fimiz cevaplar yak\u0131n ili\u015fkilerin kuruldu\u011fu, dokunman\u0131n bir\u00e7ok ba\u015fka \u00fclkeden daha yayg\u0131n oldu\u011fu \u00fclkemizde \u00e7ocu\u011fun ne aile\/akrabal\u0131k geleneklerine zarar vermeli ne de onlar\u0131 t\u00fcm\u00fcyle korumas\u0131z b\u0131rakacak \u015fekilde olmal\u0131d\u0131r. Bu Beden Benim! ebeveynler olarak \u00e7ocuklar\u0131n\u0131zla birlikte mahremiyet konusuna nas\u0131l giri\u015f yapaca\u011f\u0131n\u0131z ve onlara baz\u0131 konular\u0131 nas\u0131l anlatman\u0131z gerekti\u011fi hakk\u0131nda sizlere yol g\u00f6sterecek bir ba\u015flang\u0131\u00e7 kitab\u0131d\u0131r. \ufffcTan\u0131t\u0131m Metni<\/p>\n","protected":false},"excerpt":{"rendered":"<p>\u00c7ocu\u011funuz b\u00fcy\u00fcd\u00fck\u00e7e bedenini tan\u0131maya, merak etmeye ba\u015flar. Fiziksel fark\u0131ndal\u0131k mahremiyet konusunu da beraberinde getirir. \u00c7ocu\u011funuz bu s\u00fcre\u00e7te size, cevap vermekte zorlanaca\u011f\u0131n\u0131z baz\u0131 sorular sorabilir. Verece\u011fimiz cevaplar<span class=\"excerpt-hellip\"> [\u2026]<\/span><\/p>\n","protected":false},"featured_media":0,"template":"","meta":{"_monsterinsights_skip_tracking":false,"_monsterinsights_sitenote_active":false,"_monsterinsights_sitenote_note":"","_monsterinsights_sitenote_category":0},"product_brand":[],"product_cat":[17996,12364],"product_tag":[],"class_list":{"0":"post-705410","1":"product","2":"type-product","3":"status-publish","5":"product_cat-ebeveyn-kitaplari","6":"product_cat-genel-konular","7":"pa_cilt-ciltsiz","8":"pa_tur-kitap","9":"pa_yayinevi-inkilap-kitabevi","10":"pa_yazar-aysen-oy","12":"first","13":"instock","14":"sale","15":"shipping-taxable","16":"purchasable","17":"product-type-simple"},"_links":{"self":[{"href":"https:\/\/roveyayinevi.com.tr\/index.php\/wp-json\/wp\/v2\/product\/705410","targetHints":{"allow":["GET"]}}],"collection":[{"href":"https:\/\/roveyayinevi.com.tr\/index.php\/wp-json\/wp\/v2\/product"}],"about":[{"href":"https:\/\/roveyayinevi.com.tr\/index.php\/wp-json\/wp\/v2\/types\/product"}],"wp:attachment":[{"href":"https:\/\/roveyayinevi.com.tr\/index.php\/wp-json\/wp\/v2\/media?parent=705410"}],"wp:term":[{"taxonomy":"product_brand","embeddable":true,"href":"https:\/\/roveyayinevi.com.tr\/index.php\/wp-json\/wp\/v2\/product_brand?post=705410"},{"taxonomy":"product_cat","embeddable":true,"href":"https:\/\/roveyayinevi.com.tr\/index.php\/wp-json\/wp\/v2\/product_cat?post=705410"},{"taxonomy":"product_tag","embeddable":true,"href":"https:\/\/roveyayinevi.com.tr\/index.php\/wp-json\/wp\/v2\/product_tag?post=705410"}],"curies":[{"name":"wp","href":"https:\/\/api.w.org\/{rel}","templated":true}]}}