{"id":705407,"date":"2025-08-27T15:45:16","date_gmt":"2025-08-27T12:45:16","guid":{"rendered":"https:\/\/roveyayinevi.com.tr\/index.php\/urun\/marksist-ekolojik-iktisat-teorileri\/"},"modified":"2026-04-16T02:14:06","modified_gmt":"2026-04-15T23:14:06","slug":"marksist-ekolojik-iktisat-teorileri","status":"publish","type":"product","link":"https:\/\/roveyayinevi.com.tr\/index.php\/urun\/marksist-ekolojik-iktisat-teorileri\/","title":{"rendered":"Marksist Ekolojik &#8211; \u0130ktisat Teorileri"},"content":{"rendered":"<p>Marksist Ekolojik-\u0130ktisat, en genel ifade ile Marx\u2019\u0131n ekolojik ili\u015fkinin sosyo-ekonomik geli\u015fme s\u00fcrecinin d\u0131\u015fsal de\u011fil i\u00e7sel ve organik bir \u00f6\u011fesi oldu\u011fu \u015feklindeki \u00f6nc\u00fc d\u00fc\u015f\u00fcncesinin \u00e7a\u011f\u0131n ko\u015fullar\u0131nda derinle\u015ftirilmesi temelinde geli\u015fmi\u015f yeni bir bilimsel disiplindir. Yazar, 80\u2019lerden bu yana \u00c7in\u2019de ekolojik-iktisad\u0131n ve s\u00fcrd\u00fcr\u00fclebilir iktisad\u0131n ba\u011f\u0131ms\u0131z bir bilim haline gelmesi i\u00e7in \u00e7al\u0131\u015fan \u00f6nc\u00fc ara\u015ft\u0131rmac\u0131lardand\u0131r. Ekolojik Uygarl\u0131k ve S\u00fcrd\u00fcr\u00fclebilir \u0130ktisat Ara\u015ft\u0131rmalar\u0131 Merkezinin onursal ba\u015fkan\u0131d\u0131r. \u0130ki ciltlik eserin bu cildi, Marx\u2019\u0131n ekolojik-iktisat teorilerini ve bunlar\u0131n \u00c7in prati\u011finde geli\u015ftirilmesi s\u00fcrecinde ortaya \u00e7\u0131kan yeni d\u00fc\u015f\u00fcnceleri ele almaktad\u0131r. 80\u2019lerden bu yana derinle\u015fen k\u00fcresel ekolojik krizle birlikte kapitalist uygarl\u0131k veya sanayi uygarl\u0131\u011f\u0131n\u0131n krizi her ge\u00e7en g\u00fcn daha fazla belirginle\u015fmekte insanl\u0131k ekolojik uygarl\u0131k ve s\u00fcrd\u00fcr\u00fclebilir geli\u015fme \u00e7a\u011f\u0131na girmektedir. Marx sosyalist ve kom\u00fcnist uygarl\u0131\u011f\u0131 do\u011fa ve ekolojinin \u00f6zg\u00fcrle\u015fece\u011fi-yeniden do\u011faca\u011f\u0131 bir uygarl\u0131k olarak tan\u0131mlam\u0131\u015ft\u0131 bu nedenle ekoloji \u00e7a\u011f\u0131 ayn\u0131 zamanda sosyalizme ge\u00e7i\u015f \u00e7a\u011f\u0131 anlam\u0131na gelmektedir. <\/p>\n","protected":false},"excerpt":{"rendered":"<p>Marksist Ekolojik-\u0130ktisat, en genel ifade ile Marx\u2019\u0131n ekolojik ili\u015fkinin sosyo-ekonomik geli\u015fme s\u00fcrecinin d\u0131\u015fsal de\u011fil i\u00e7sel ve organik bir \u00f6\u011fesi oldu\u011fu \u015feklindeki \u00f6nc\u00fc d\u00fc\u015f\u00fcncesinin \u00e7a\u011f\u0131n ko\u015fullar\u0131nda derinle\u015ftirilmesi<span class=\"excerpt-hellip\"> [\u2026]<\/span><\/p>\n","protected":false},"featured_media":0,"template":"","meta":{"_monsterinsights_skip_tracking":false,"_monsterinsights_sitenote_active":false,"_monsterinsights_sitenote_note":"","_monsterinsights_sitenote_category":0},"product_brand":[],"product_cat":[16098,12337],"product_tag":[],"class_list":{"0":"post-705407","1":"product","2":"type-product","3":"status-publish","5":"product_cat-politik-akimlar-hareketler","6":"product_cat-politika-siyaset","7":"pa_tur-kitap","8":"pa_yayinevi-canut-yayinlari","9":"pa_yazar-liu-sihua","11":"first","12":"instock","13":"sale","14":"shipping-taxable","15":"purchasable","16":"product-type-simple"},"_links":{"self":[{"href":"https:\/\/roveyayinevi.com.tr\/index.php\/wp-json\/wp\/v2\/product\/705407","targetHints":{"allow":["GET"]}}],"collection":[{"href":"https:\/\/roveyayinevi.com.tr\/index.php\/wp-json\/wp\/v2\/product"}],"about":[{"href":"https:\/\/roveyayinevi.com.tr\/index.php\/wp-json\/wp\/v2\/types\/product"}],"wp:attachment":[{"href":"https:\/\/roveyayinevi.com.tr\/index.php\/wp-json\/wp\/v2\/media?parent=705407"}],"wp:term":[{"taxonomy":"product_brand","embeddable":true,"href":"https:\/\/roveyayinevi.com.tr\/index.php\/wp-json\/wp\/v2\/product_brand?post=705407"},{"taxonomy":"product_cat","embeddable":true,"href":"https:\/\/roveyayinevi.com.tr\/index.php\/wp-json\/wp\/v2\/product_cat?post=705407"},{"taxonomy":"product_tag","embeddable":true,"href":"https:\/\/roveyayinevi.com.tr\/index.php\/wp-json\/wp\/v2\/product_tag?post=705407"}],"curies":[{"name":"wp","href":"https:\/\/api.w.org\/{rel}","templated":true}]}}