{"id":705405,"date":"2025-08-27T15:45:15","date_gmt":"2025-08-27T12:45:15","guid":{"rendered":"https:\/\/roveyayinevi.com.tr\/index.php\/urun\/gomulu-samdan\/"},"modified":"2026-04-16T02:14:06","modified_gmt":"2026-04-15T23:14:06","slug":"gomulu-samdan","status":"publish","type":"product","link":"https:\/\/roveyayinevi.com.tr\/index.php\/urun\/gomulu-samdan\/","title":{"rendered":"G\u00f6m\u00fcl\u00fc \u015eamdan"},"content":{"rendered":"<p>S\u00fcleyman&#8217;\u0131n tap\u0131na\u011f\u0131ndan \u00e7\u0131kan, Yahudilerin kutsal emaneti yedi kollu \u015famdan\u0131n 455 y\u0131l\u0131nda Roma&#8217;y\u0131 ya\u011fmalayan Vandallar\u0131n eline ge\u00e7mesi, kentin Yahudi cemaatinde \u015fok etkisi yarat\u0131r. Cemaatin ya\u015fl\u0131lar\u0131, olan biteni gelecek ku\u015faklara aktarmas\u0131 i\u00e7in o s\u0131rada yedi ya\u015f\u0131nda olan Benjamin&#8217;i de yanlar\u0131na alarak kutsal Menora&#8217;y\u0131 deniza\u015f\u0131r\u0131 yolculu\u011funa u\u011furlarlar. Seksen y\u0131l sonra ayn\u0131 Benjamin, \u015famdan\u0131 Yahudilere geri vermesi i\u00e7in \u0130mparator \u0130ustinianos&#8217;a yalvarmak \u00fczere Bizans&#8217;a gider. \u0130ustinianos&#8217;un Kud\u00fcs&#8217;teki bir H\u0131ristiyan kilisesine g\u00f6nderdi\u011fi \u015famdan, orada kaybolmu\u015ftur. Ancak Zweig G\u00f6m\u00fcl\u00fc \u015eamdan&#8217;da s\u00f6ylenceye bir g\u00fcn yeniden kavu\u015fma umudu bar\u0131nd\u0131ran bir final atfeder.<\/p>\n","protected":false},"excerpt":{"rendered":"<p>S\u00fcleyman&#8217;\u0131n tap\u0131na\u011f\u0131ndan \u00e7\u0131kan, Yahudilerin kutsal emaneti yedi kollu \u015famdan\u0131n 455 y\u0131l\u0131nda Roma&#8217;y\u0131 ya\u011fmalayan Vandallar\u0131n eline ge\u00e7mesi, kentin Yahudi cemaatinde \u015fok etkisi yarat\u0131r. Cemaatin ya\u015fl\u0131lar\u0131, olan biteni<span class=\"excerpt-hellip\"> [\u2026]<\/span><\/p>\n","protected":false},"featured_media":0,"template":"","meta":{"_monsterinsights_skip_tracking":false,"_monsterinsights_sitenote_active":false,"_monsterinsights_sitenote_note":"","_monsterinsights_sitenote_category":0},"product_brand":[],"product_cat":[12291,12711],"product_tag":[],"class_list":{"0":"post-705405","1":"product","2":"type-product","3":"status-publish","5":"product_cat-edebiyat","6":"product_cat-roman-oyku","7":"pa_cilt-ciltsiz","8":"pa_tur-kitap","9":"pa_yayinevi-is-bankasi-kultur-yayinlari","10":"pa_yazar-stefan-zweig","12":"first","13":"instock","14":"sale","15":"shipping-taxable","16":"purchasable","17":"product-type-simple"},"_links":{"self":[{"href":"https:\/\/roveyayinevi.com.tr\/index.php\/wp-json\/wp\/v2\/product\/705405","targetHints":{"allow":["GET"]}}],"collection":[{"href":"https:\/\/roveyayinevi.com.tr\/index.php\/wp-json\/wp\/v2\/product"}],"about":[{"href":"https:\/\/roveyayinevi.com.tr\/index.php\/wp-json\/wp\/v2\/types\/product"}],"wp:attachment":[{"href":"https:\/\/roveyayinevi.com.tr\/index.php\/wp-json\/wp\/v2\/media?parent=705405"}],"wp:term":[{"taxonomy":"product_brand","embeddable":true,"href":"https:\/\/roveyayinevi.com.tr\/index.php\/wp-json\/wp\/v2\/product_brand?post=705405"},{"taxonomy":"product_cat","embeddable":true,"href":"https:\/\/roveyayinevi.com.tr\/index.php\/wp-json\/wp\/v2\/product_cat?post=705405"},{"taxonomy":"product_tag","embeddable":true,"href":"https:\/\/roveyayinevi.com.tr\/index.php\/wp-json\/wp\/v2\/product_tag?post=705405"}],"curies":[{"name":"wp","href":"https:\/\/api.w.org\/{rel}","templated":true}]}}