{"id":705404,"date":"2025-08-27T15:45:15","date_gmt":"2025-08-27T12:45:15","guid":{"rendered":"https:\/\/roveyayinevi.com.tr\/index.php\/urun\/dr-hakan-cokerle-100-soruda-dogal-dogum\/"},"modified":"2026-04-16T02:14:06","modified_gmt":"2026-04-15T23:14:06","slug":"dr-hakan-cokerle-100-soruda-dogal-dogum","status":"publish","type":"product","link":"https:\/\/roveyayinevi.com.tr\/index.php\/urun\/dr-hakan-cokerle-100-soruda-dogal-dogum\/","title":{"rendered":"Dr. Hakan \u00c7oker\u2019le 100 soruda Do\u011fal Do\u011fum"},"content":{"rendered":"<p>\u0130nsano\u011flu ya\u015fam\u0131n pek \u00e7ok alan\u0131nda oldu\u011fu gibi bebeklerin d\u00fcnyaya gelmesi gibi \u00f6nemli bir olayda da do\u011fall\u0131ktan uzakla\u015ft\u0131 maalesef. Do\u011fumlar\u0131n bir\u00e7o\u011funun t\u0131bbi bir neden olmasa bile bir ameliyat y\u00f6ntemi olan sezaryenle sonu\u00e7lanmas\u0131 veya normalle sonu\u00e7lansa bile t\u0131bbi m\u00fcdahale oranlar\u0131ndaki art\u0131\u015f bunun en b\u00fcy\u00fck ispat\u0131 say\u0131labilir. \u0130\u015fte do\u011fal do\u011fum ekol\u00fcnde; bu durumun anne ve bebek a\u00e7\u0131s\u0131ndan dezavantajlar getirdi\u011fi, eski do\u011fum rit\u00fcelinin geri gelmesi ve bunun i\u00e7in de anne ve bebe\u011fin i\u00e7g\u00fcd\u00fcsel ihtiya\u00e7lar\u0131na sayg\u0131l\u0131 bir do\u011fum ortam\u0131 olu\u015fturulmas\u0131 gerekti\u011fi savunuluyor. Bu sayede do\u011fumlar pozitif ve co\u015fku ile an\u0131labiliyor. \ufffcTan\u0131t\u0131m Metni<\/p>\n","protected":false},"excerpt":{"rendered":"<p>\u0130nsano\u011flu ya\u015fam\u0131n pek \u00e7ok alan\u0131nda oldu\u011fu gibi bebeklerin d\u00fcnyaya gelmesi gibi \u00f6nemli bir olayda da do\u011fall\u0131ktan uzakla\u015ft\u0131 maalesef. Do\u011fumlar\u0131n bir\u00e7o\u011funun t\u0131bbi bir neden olmasa bile bir<span class=\"excerpt-hellip\"> [\u2026]<\/span><\/p>\n","protected":false},"featured_media":0,"template":"","meta":{"_monsterinsights_skip_tracking":false,"_monsterinsights_sitenote_active":false,"_monsterinsights_sitenote_note":"","_monsterinsights_sitenote_category":0},"product_brand":[],"product_cat":[12312,12304],"product_tag":[],"class_list":{"0":"post-705404","1":"product","2":"type-product","3":"status-publish","5":"product_cat-diger","6":"product_cat-tarih","7":"pa_cilt-ciltsiz","8":"pa_tur-kitap","9":"pa_yayinevi-inkilap-kitabevi","10":"pa_yazar-hakan-coker","12":"first","13":"instock","14":"sale","15":"shipping-taxable","16":"purchasable","17":"product-type-simple"},"_links":{"self":[{"href":"https:\/\/roveyayinevi.com.tr\/index.php\/wp-json\/wp\/v2\/product\/705404","targetHints":{"allow":["GET"]}}],"collection":[{"href":"https:\/\/roveyayinevi.com.tr\/index.php\/wp-json\/wp\/v2\/product"}],"about":[{"href":"https:\/\/roveyayinevi.com.tr\/index.php\/wp-json\/wp\/v2\/types\/product"}],"wp:attachment":[{"href":"https:\/\/roveyayinevi.com.tr\/index.php\/wp-json\/wp\/v2\/media?parent=705404"}],"wp:term":[{"taxonomy":"product_brand","embeddable":true,"href":"https:\/\/roveyayinevi.com.tr\/index.php\/wp-json\/wp\/v2\/product_brand?post=705404"},{"taxonomy":"product_cat","embeddable":true,"href":"https:\/\/roveyayinevi.com.tr\/index.php\/wp-json\/wp\/v2\/product_cat?post=705404"},{"taxonomy":"product_tag","embeddable":true,"href":"https:\/\/roveyayinevi.com.tr\/index.php\/wp-json\/wp\/v2\/product_tag?post=705404"}],"curies":[{"name":"wp","href":"https:\/\/api.w.org\/{rel}","templated":true}]}}