{"id":705401,"date":"2025-08-27T15:45:13","date_gmt":"2025-08-27T12:45:13","guid":{"rendered":"https:\/\/roveyayinevi.com.tr\/index.php\/urun\/bi-ters-bi-duz\/"},"modified":"2026-04-16T02:14:06","modified_gmt":"2026-04-15T23:14:06","slug":"bi-ters-bi-duz","status":"publish","type":"product","link":"https:\/\/roveyayinevi.com.tr\/index.php\/urun\/bi-ters-bi-duz\/","title":{"rendered":"Bi Ters Bi D\u00fcz"},"content":{"rendered":"<p>Ay\u015fe B\u00f6h\u00fcrler yazm\u0131\u015f oldu\u011fu yaz\u0131lar\u0131ndan yola \u00e7\u0131karak E\u011fitim, K\u00fclt\u00fcr, \u0130slamc\u0131l\u0131k ve daha bir\u00e7ok ba\u015fl\u0131k alt\u0131nda toplumdaki alg\u0131y\u0131 neden ve ni\u00e7inleriyle sorguluyor. <\/p>\n","protected":false},"excerpt":{"rendered":"<p>Ay\u015fe B\u00f6h\u00fcrler yazm\u0131\u015f oldu\u011fu yaz\u0131lar\u0131ndan yola \u00e7\u0131karak E\u011fitim, K\u00fclt\u00fcr, \u0130slamc\u0131l\u0131k ve daha bir\u00e7ok ba\u015fl\u0131k alt\u0131nda toplumdaki alg\u0131y\u0131 neden ve ni\u00e7inleriyle sorguluyor.<\/p>\n","protected":false},"featured_media":0,"template":"","meta":{"_monsterinsights_skip_tracking":false,"_monsterinsights_sitenote_active":false,"_monsterinsights_sitenote_note":"","_monsterinsights_sitenote_category":0},"product_brand":[],"product_cat":[12777,12291],"product_tag":[],"class_list":{"0":"post-705401","1":"product","2":"type-product","3":"status-publish","5":"product_cat-deneme","6":"product_cat-edebiyat","7":"pa_tur-kitap","8":"pa_yayinevi-erdem-yayinlari-egitim-kitaplari","9":"pa_yazar-ayse-bohurler","11":"first","12":"instock","13":"sale","14":"shipping-taxable","15":"purchasable","16":"product-type-simple"},"_links":{"self":[{"href":"https:\/\/roveyayinevi.com.tr\/index.php\/wp-json\/wp\/v2\/product\/705401","targetHints":{"allow":["GET"]}}],"collection":[{"href":"https:\/\/roveyayinevi.com.tr\/index.php\/wp-json\/wp\/v2\/product"}],"about":[{"href":"https:\/\/roveyayinevi.com.tr\/index.php\/wp-json\/wp\/v2\/types\/product"}],"wp:attachment":[{"href":"https:\/\/roveyayinevi.com.tr\/index.php\/wp-json\/wp\/v2\/media?parent=705401"}],"wp:term":[{"taxonomy":"product_brand","embeddable":true,"href":"https:\/\/roveyayinevi.com.tr\/index.php\/wp-json\/wp\/v2\/product_brand?post=705401"},{"taxonomy":"product_cat","embeddable":true,"href":"https:\/\/roveyayinevi.com.tr\/index.php\/wp-json\/wp\/v2\/product_cat?post=705401"},{"taxonomy":"product_tag","embeddable":true,"href":"https:\/\/roveyayinevi.com.tr\/index.php\/wp-json\/wp\/v2\/product_tag?post=705401"}],"curies":[{"name":"wp","href":"https:\/\/api.w.org\/{rel}","templated":true}]}}