{"id":705400,"date":"2025-08-27T15:45:13","date_gmt":"2025-08-27T12:45:13","guid":{"rendered":"https:\/\/roveyayinevi.com.tr\/index.php\/urun\/sultanin-dini\/"},"modified":"2026-04-16T02:14:06","modified_gmt":"2026-04-15T23:14:06","slug":"sultanin-dini","status":"publish","type":"product","link":"https:\/\/roveyayinevi.com.tr\/index.php\/urun\/sultanin-dini\/","title":{"rendered":"Sultan\u0131n Dini"},"content":{"rendered":"<p>Bu \u00e7al\u0131\u015fmada, Bab\u00fcrl\u00fc Devleti padi\u015fahlar\u0131ndan Ekber \u015eah\u2019\u0131n ilgin\u00e7 hayat ser\u00fcveni, kanunlar\u0131, inan\u00e7lar\u0131 ve ya\u015fant\u0131s\u0131yla ilgili tespitlerden hareketle, \u201csiyasetin dini nas\u0131l ara\u00e7salla\u015ft\u0131rd\u0131\u011f\u0131\u201d incelenmi\u015ftir. <\/p>\n","protected":false},"excerpt":{"rendered":"<p>Bu \u00e7al\u0131\u015fmada, Bab\u00fcrl\u00fc Devleti padi\u015fahlar\u0131ndan Ekber \u015eah\u2019\u0131n ilgin\u00e7 hayat ser\u00fcveni, kanunlar\u0131, inan\u00e7lar\u0131 ve ya\u015fant\u0131s\u0131yla ilgili tespitlerden hareketle, \u201csiyasetin dini nas\u0131l ara\u00e7salla\u015ft\u0131rd\u0131\u011f\u0131\u201d incelenmi\u015ftir.<\/p>\n","protected":false},"featured_media":0,"template":"","meta":{"_monsterinsights_skip_tracking":false,"_monsterinsights_sitenote_active":false,"_monsterinsights_sitenote_note":"","_monsterinsights_sitenote_category":0},"product_brand":[],"product_cat":[13072,12291],"product_tag":[],"class_list":{"0":"post-705400","1":"product","2":"type-product","3":"status-publish","5":"product_cat-arastirma-inceleme-referans","6":"product_cat-edebiyat","7":"pa_cilt-ciltsiz","8":"pa_tur-kitap","9":"pa_yayinevi-timas-yayinlari","10":"pa_yazar-ali-fuat-bilkan","12":"first","13":"instock","14":"sale","15":"shipping-taxable","16":"purchasable","17":"product-type-simple"},"_links":{"self":[{"href":"https:\/\/roveyayinevi.com.tr\/index.php\/wp-json\/wp\/v2\/product\/705400","targetHints":{"allow":["GET"]}}],"collection":[{"href":"https:\/\/roveyayinevi.com.tr\/index.php\/wp-json\/wp\/v2\/product"}],"about":[{"href":"https:\/\/roveyayinevi.com.tr\/index.php\/wp-json\/wp\/v2\/types\/product"}],"wp:attachment":[{"href":"https:\/\/roveyayinevi.com.tr\/index.php\/wp-json\/wp\/v2\/media?parent=705400"}],"wp:term":[{"taxonomy":"product_brand","embeddable":true,"href":"https:\/\/roveyayinevi.com.tr\/index.php\/wp-json\/wp\/v2\/product_brand?post=705400"},{"taxonomy":"product_cat","embeddable":true,"href":"https:\/\/roveyayinevi.com.tr\/index.php\/wp-json\/wp\/v2\/product_cat?post=705400"},{"taxonomy":"product_tag","embeddable":true,"href":"https:\/\/roveyayinevi.com.tr\/index.php\/wp-json\/wp\/v2\/product_tag?post=705400"}],"curies":[{"name":"wp","href":"https:\/\/api.w.org\/{rel}","templated":true}]}}