{"id":705398,"date":"2025-08-27T15:45:12","date_gmt":"2025-08-27T12:45:12","guid":{"rendered":"https:\/\/roveyayinevi.com.tr\/index.php\/urun\/cemile\/"},"modified":"2026-04-16T02:14:06","modified_gmt":"2026-04-15T23:14:06","slug":"cemile","status":"publish","type":"product","link":"https:\/\/roveyayinevi.com.tr\/index.php\/urun\/cemile\/","title":{"rendered":"Cemile"},"content":{"rendered":"<p>Aytmatov\u2019a ilk b\u00fcy\u00fck \u015f\u00f6hretini kazand\u0131ran Cemile, bir \u00e7oklar\u0131nca en g\u00fczel a\u015fk hik\u00e2yesi olarak de\u011ferlendirilmi\u015ftir. Ger\u00e7ekten de Cemile, a\u015fk ve tabiat\u0131n \u00e7ocuk dikkat ve masumiyetiyle sunuldu\u011fu \u015fah\u00e2ne bir duygu tablosudur. Ayr\u0131ca t\u00f6re ve \u00e7evre \u015fartlar\u0131n\u0131n insan unsurlar\u0131yla ili\u015fkileri a\u00e7\u0131s\u0131ndan da ola\u011fan\u00fcst\u00fc bir hik\u00e2yedir.\u201c\u0130\u015fte \u015fimdi burada, Villon&#8217;un, Hugo&#8217;nun, Baudelaire&#8217;nin Paris&#8217;inde, krallar\u0131n ve devrimlerin Paris&#8217;inde, ressamlar\u0131n y\u00fczy\u0131ll\u0131k Paris&#8217;i olmakla \u00f6v\u00fcnen her ta\u015f\u0131 ya bir tarihi, ya bir efsaneyi hat\u0131rlatan \u015fu Paris&#8217;te Werther, B\u00e9r\u00e9nice, Antoine ve Kleopatra, Manon Lescaut, Education Sentimentale, Dominique, hepsi birdenbire g\u00f6z\u00fcmden d\u00fc\u015f\u00fcverdi. \u00c7\u00fcnk\u00fc ben Cemile&#8217;yi okudum. Rom\u00e9o Juliette, Paolo ve Francesca, Hernani ve Dona Sol, art\u0131k bunlar\u0131n hi\u00e7biri g\u00f6z\u00fcmde de\u011fil, \u00e7\u00fcnk\u00fc ben ikinci d\u00fcnya sava\u015f\u0131n\u0131n \u00fc\u00e7\u00fcnc\u00fc y\u0131l\u0131 yaz\u0131nda, 1943 y\u0131l\u0131n\u0131n o A\u011fustos gecesinde Kurkureu vadisinde bir yerde Zahire arabalar\u0131 ile giden Danyar ve Cemile&#8217;ye, bunlar\u0131n hik\u00e2yesini anlatan k\u00fc\u00e7\u00fck Seyit&#8217;e rastlad\u0131m.\u201d- Louis Aragon <\/p>\n","protected":false},"excerpt":{"rendered":"<p>Aytmatov\u2019a ilk b\u00fcy\u00fck \u015f\u00f6hretini kazand\u0131ran Cemile, bir \u00e7oklar\u0131nca en g\u00fczel a\u015fk hik\u00e2yesi olarak de\u011ferlendirilmi\u015ftir. Ger\u00e7ekten de Cemile, a\u015fk ve tabiat\u0131n \u00e7ocuk dikkat ve masumiyetiyle sunuldu\u011fu \u015fah\u00e2ne<span class=\"excerpt-hellip\"> [\u2026]<\/span><\/p>\n","protected":false},"featured_media":0,"template":"","meta":{"_monsterinsights_skip_tracking":false,"_monsterinsights_sitenote_active":false,"_monsterinsights_sitenote_note":"","_monsterinsights_sitenote_category":0},"product_brand":[],"product_cat":[13661,12291],"product_tag":[],"class_list":{"0":"post-705398","1":"product","2":"type-product","3":"status-publish","5":"product_cat-diger-ulke-edebiyatlari","6":"product_cat-edebiyat","7":"pa_cilt-ciltsiz","8":"pa_tur-kitap","9":"pa_yayinevi-otuken-nesriyat","10":"pa_yazar-cengiz-aytmatov","12":"first","13":"instock","14":"sale","15":"shipping-taxable","16":"purchasable","17":"product-type-simple"},"_links":{"self":[{"href":"https:\/\/roveyayinevi.com.tr\/index.php\/wp-json\/wp\/v2\/product\/705398","targetHints":{"allow":["GET"]}}],"collection":[{"href":"https:\/\/roveyayinevi.com.tr\/index.php\/wp-json\/wp\/v2\/product"}],"about":[{"href":"https:\/\/roveyayinevi.com.tr\/index.php\/wp-json\/wp\/v2\/types\/product"}],"wp:attachment":[{"href":"https:\/\/roveyayinevi.com.tr\/index.php\/wp-json\/wp\/v2\/media?parent=705398"}],"wp:term":[{"taxonomy":"product_brand","embeddable":true,"href":"https:\/\/roveyayinevi.com.tr\/index.php\/wp-json\/wp\/v2\/product_brand?post=705398"},{"taxonomy":"product_cat","embeddable":true,"href":"https:\/\/roveyayinevi.com.tr\/index.php\/wp-json\/wp\/v2\/product_cat?post=705398"},{"taxonomy":"product_tag","embeddable":true,"href":"https:\/\/roveyayinevi.com.tr\/index.php\/wp-json\/wp\/v2\/product_tag?post=705398"}],"curies":[{"name":"wp","href":"https:\/\/api.w.org\/{rel}","templated":true}]}}