{"id":705393,"date":"2025-08-27T15:45:10","date_gmt":"2025-08-27T12:45:10","guid":{"rendered":"https:\/\/roveyayinevi.com.tr\/index.php\/urun\/efendi-2-beyaz-muslumanlarin-buyuk-sirri\/"},"modified":"2026-04-13T02:17:41","modified_gmt":"2026-04-12T23:17:41","slug":"efendi-2-beyaz-muslumanlarin-buyuk-sirri","status":"publish","type":"product","link":"https:\/\/roveyayinevi.com.tr\/index.php\/urun\/efendi-2-beyaz-muslumanlarin-buyuk-sirri\/","title":{"rendered":"Efendi 2 &#8211; Beyaz M\u00fcsl\u00fcmanlar\u0131n B\u00fcy\u00fck S\u0131rr\u0131"},"content":{"rendered":"<p>Kimdir, \u201cBeyaz M\u00fcsl\u00fcmanlar\u201d?..Soner Yal\u00e7in bu kez okurlarini, tarikat seyhi Harun Hoca\u2019nin (Aaron Kandiyoti) pesinden, tarikatlara, derg\u00e2hlara, m\u00fcritlere, siyaset ve ticaret d\u00fcnyasina, ilgin\u00e7 akrabalik baglarina uzanan bir yolculuga \u00e7ikariyor&#8230;Islamci \u00e7evrelerin i\u00e7indeki Sabetayistler&#8230;Tarikatlara, tekkelere, m\u00fcritlere, is d\u00fcnyasina, siyasete ve ilgin\u00e7 akrabalik baglantilarina uzanan iliskiler agi&#8230; Isimler&#8230; Isimler&#8230;Said-i Nurs\u00ee\u2019nin, mezarindan ka\u00e7irilan cesediyillardir neden bulunamiyor?..Sabetay Sevi\u2019nin sag kolu Osman \u00c7elebi,hangi \u00fcnl\u00fc Mevlev\u00ee\u2019nin b\u00fcy\u00fckdedesiydi?..N\u00e2zim Hikmet\u2019in Naksibend\u00ee G\u00fcm\u00fcshaneli Derg\u00e2hi\u2019ylaakrabalik baglari neydi?..T\u00fcrkiye\u2019nin sayili zenginlerinden, tarikat\u00e7i bir aileninsosyetik gelinleri kimler?..Yahudi Alyans Okulu mezunu \u00fcnl\u00fc seyh kimdi?.. <\/p>\n","protected":false},"excerpt":{"rendered":"<p>Kimdir, \u201cBeyaz M\u00fcsl\u00fcmanlar\u201d?..Soner Yal\u00e7in bu kez okurlarini, tarikat seyhi Harun Hoca\u2019nin (Aaron Kandiyoti) pesinden, tarikatlara, derg\u00e2hlara, m\u00fcritlere, siyaset ve ticaret d\u00fcnyasina, ilgin\u00e7 akrabalik baglarina uzanan bir<span class=\"excerpt-hellip\"> [\u2026]<\/span><\/p>\n","protected":false},"featured_media":0,"template":"","meta":{"_monsterinsights_skip_tracking":false,"_monsterinsights_sitenote_active":false,"_monsterinsights_sitenote_note":"","_monsterinsights_sitenote_category":0},"product_brand":[],"product_cat":[12304,14138],"product_tag":[],"class_list":{"0":"post-705393","1":"product","2":"type-product","3":"status-publish","5":"product_cat-tarih","6":"product_cat-tarih-felsefesi","7":"pa_cilt-ciltsiz","8":"pa_tur-kitap","9":"pa_yayinevi-kirmizi-kedi-yayinevi","10":"pa_yazar-soner-yalcin","12":"first","13":"instock","14":"sale","15":"shipping-taxable","16":"purchasable","17":"product-type-simple"},"_links":{"self":[{"href":"https:\/\/roveyayinevi.com.tr\/index.php\/wp-json\/wp\/v2\/product\/705393","targetHints":{"allow":["GET"]}}],"collection":[{"href":"https:\/\/roveyayinevi.com.tr\/index.php\/wp-json\/wp\/v2\/product"}],"about":[{"href":"https:\/\/roveyayinevi.com.tr\/index.php\/wp-json\/wp\/v2\/types\/product"}],"wp:attachment":[{"href":"https:\/\/roveyayinevi.com.tr\/index.php\/wp-json\/wp\/v2\/media?parent=705393"}],"wp:term":[{"taxonomy":"product_brand","embeddable":true,"href":"https:\/\/roveyayinevi.com.tr\/index.php\/wp-json\/wp\/v2\/product_brand?post=705393"},{"taxonomy":"product_cat","embeddable":true,"href":"https:\/\/roveyayinevi.com.tr\/index.php\/wp-json\/wp\/v2\/product_cat?post=705393"},{"taxonomy":"product_tag","embeddable":true,"href":"https:\/\/roveyayinevi.com.tr\/index.php\/wp-json\/wp\/v2\/product_tag?post=705393"}],"curies":[{"name":"wp","href":"https:\/\/api.w.org\/{rel}","templated":true}]}}