{"id":705390,"date":"2025-08-27T15:45:08","date_gmt":"2025-08-27T12:45:08","guid":{"rendered":"https:\/\/roveyayinevi.com.tr\/index.php\/urun\/insan-kendinin-aynasidir-birey-olma-uzerine-aforizmalar\/"},"modified":"2026-04-06T02:23:37","modified_gmt":"2026-04-05T23:23:37","slug":"insan-kendinin-aynasidir-birey-olma-uzerine-aforizmalar","status":"publish","type":"product","link":"https:\/\/roveyayinevi.com.tr\/index.php\/urun\/insan-kendinin-aynasidir-birey-olma-uzerine-aforizmalar\/","title":{"rendered":"\u0130nsan Kendinin Aynas\u0131d\u0131r (Birey Olma \u00dczerine Aforizmalar)"},"content":{"rendered":"<p>\u201cBen s\u0131radan bir adam\u0131m, t\u0131pk\u0131 herkes gibi. Aram\u0131zda herhangi bir fark varsa, o da nitelikle ilgili de\u011fil. Sadece bilmekle ilgili, ben kendimi biliyorum, siz ise bilmiyorsunuz. Varl\u0131\u011f\u0131m\u0131z s\u00f6z konusuysa e\u011fer, ben de ayn\u0131 varolu\u015fa aitim, ben de ayn\u0131 havay\u0131 soluyorum. Siz de ayn\u0131 varolu\u015fa aitsiniz ve siz de ayn\u0131 havay\u0131 soluyorsunuz. Siz sadece hen\u00fcz kendinizi bilmeye, tan\u0131maya \u00e7al\u0131\u015fmad\u0131n\u0131z. Kendinizi bildi\u011finiz anda, aram\u0131zda hi\u00e7bir fark kalmayacak.\u201d \u0130zleyicilerine yapt\u0131\u011f\u0131 \u00e7e\u015fitli konu\u015fmalardan derlenen bu kitapta Osho, kendini bilmenin ve ke\u015ffetmenin \u00f6neminden bahsediyor. Toplumun, dayatt\u0131\u011f\u0131 normlarla, do\u011fru ve yanl\u0131\u015flar\u0131yla \u00e7ocuklu\u011fumuzdan itibaren ki\u015fili\u011fimizi nas\u0131l olu\u015fturdu\u011funu ve bizim, bu ba\u015fkala\u015fm\u0131\u015f benli\u011fimizin i\u00e7ine nas\u0131l hapsoldu\u011fumuzu anlat\u0131yor. Ba\u015fkalar\u0131na de\u011fil de sadece kendi varl\u0131\u011f\u0131m\u0131za itaat etmemiz, do\u011fall\u0131\u011f\u0131m\u0131z\u0131 korumam\u0131z ve \u00f6zg\u00fcr irademizle davranmam\u0131z gerekti\u011fini \u00f6ne s\u00fcr\u00fcyor ve \u015f\u00f6yle diyor: \u201cZ\u0131playabildi\u011finiz kadar y\u00fckse\u011fe z\u0131play\u0131n, dans edin alabildi\u011fine \u00e7\u0131lg\u0131nca.\u201d <\/p>\n","protected":false},"excerpt":{"rendered":"<p>\u201cBen s\u0131radan bir adam\u0131m, t\u0131pk\u0131 herkes gibi. Aram\u0131zda herhangi bir fark varsa, o da nitelikle ilgili de\u011fil. Sadece bilmekle ilgili, ben kendimi biliyorum, siz ise bilmiyorsunuz.<span class=\"excerpt-hellip\"> [\u2026]<\/span><\/p>\n","protected":false},"featured_media":0,"template":"","meta":{"_monsterinsights_skip_tracking":false,"_monsterinsights_sitenote_active":false,"_monsterinsights_sitenote_note":"","_monsterinsights_sitenote_category":0},"product_brand":[],"product_cat":[12364,12376],"product_tag":[],"class_list":{"0":"post-705390","1":"product","2":"type-product","3":"status-publish","5":"product_cat-genel-konular","6":"product_cat-kisisel-gelisim","7":"pa_cilt-ciltsiz","8":"pa_tur-kitap","9":"pa_yayinevi-omega","10":"pa_yazar-osho","12":"first","13":"instock","14":"sale","15":"shipping-taxable","16":"purchasable","17":"product-type-simple"},"_links":{"self":[{"href":"https:\/\/roveyayinevi.com.tr\/index.php\/wp-json\/wp\/v2\/product\/705390","targetHints":{"allow":["GET"]}}],"collection":[{"href":"https:\/\/roveyayinevi.com.tr\/index.php\/wp-json\/wp\/v2\/product"}],"about":[{"href":"https:\/\/roveyayinevi.com.tr\/index.php\/wp-json\/wp\/v2\/types\/product"}],"wp:attachment":[{"href":"https:\/\/roveyayinevi.com.tr\/index.php\/wp-json\/wp\/v2\/media?parent=705390"}],"wp:term":[{"taxonomy":"product_brand","embeddable":true,"href":"https:\/\/roveyayinevi.com.tr\/index.php\/wp-json\/wp\/v2\/product_brand?post=705390"},{"taxonomy":"product_cat","embeddable":true,"href":"https:\/\/roveyayinevi.com.tr\/index.php\/wp-json\/wp\/v2\/product_cat?post=705390"},{"taxonomy":"product_tag","embeddable":true,"href":"https:\/\/roveyayinevi.com.tr\/index.php\/wp-json\/wp\/v2\/product_tag?post=705390"}],"curies":[{"name":"wp","href":"https:\/\/api.w.org\/{rel}","templated":true}]}}