{"id":705389,"date":"2025-08-27T15:45:08","date_gmt":"2025-08-27T12:45:08","guid":{"rendered":"https:\/\/roveyayinevi.com.tr\/index.php\/urun\/ah-bu-ogrenme\/"},"modified":"2026-04-16T02:14:06","modified_gmt":"2026-04-15T23:14:06","slug":"ah-bu-ogrenme","status":"publish","type":"product","link":"https:\/\/roveyayinevi.com.tr\/index.php\/urun\/ah-bu-ogrenme\/","title":{"rendered":"Ah Bu \u00d6\u011frenme"},"content":{"rendered":"<p>Rekabette, inovasyon k\u00fclt\u00fcr\u00fcn\u00fcn ve yetkinliklerin belirleyici oldu\u011fu g\u00fcn\u00fcm\u00fczde, kurumlar\u0131n e\u011fitim stratejileri farkl\u0131la\u015fm\u0131\u015ft\u0131r. <\/p>\n","protected":false},"excerpt":{"rendered":"<p>Rekabette, inovasyon k\u00fclt\u00fcr\u00fcn\u00fcn ve yetkinliklerin belirleyici oldu\u011fu g\u00fcn\u00fcm\u00fczde, kurumlar\u0131n e\u011fitim stratejileri farkl\u0131la\u015fm\u0131\u015ft\u0131r.<\/p>\n","protected":false},"featured_media":0,"template":"","meta":{"_monsterinsights_skip_tracking":false,"_monsterinsights_sitenote_active":false,"_monsterinsights_sitenote_note":"","_monsterinsights_sitenote_category":0},"product_brand":[],"product_cat":[12312,12304],"product_tag":[],"class_list":{"0":"post-705389","1":"product","2":"type-product","3":"status-publish","5":"product_cat-diger","6":"product_cat-tarih","7":"pa_cilt-ciltsiz","8":"pa_tur-kitap","9":"pa_yayinevi-remzi-kitabevi","10":"pa_yazar-zuhal-baltas","12":"first","13":"instock","14":"sale","15":"shipping-taxable","16":"purchasable","17":"product-type-simple"},"_links":{"self":[{"href":"https:\/\/roveyayinevi.com.tr\/index.php\/wp-json\/wp\/v2\/product\/705389","targetHints":{"allow":["GET"]}}],"collection":[{"href":"https:\/\/roveyayinevi.com.tr\/index.php\/wp-json\/wp\/v2\/product"}],"about":[{"href":"https:\/\/roveyayinevi.com.tr\/index.php\/wp-json\/wp\/v2\/types\/product"}],"wp:attachment":[{"href":"https:\/\/roveyayinevi.com.tr\/index.php\/wp-json\/wp\/v2\/media?parent=705389"}],"wp:term":[{"taxonomy":"product_brand","embeddable":true,"href":"https:\/\/roveyayinevi.com.tr\/index.php\/wp-json\/wp\/v2\/product_brand?post=705389"},{"taxonomy":"product_cat","embeddable":true,"href":"https:\/\/roveyayinevi.com.tr\/index.php\/wp-json\/wp\/v2\/product_cat?post=705389"},{"taxonomy":"product_tag","embeddable":true,"href":"https:\/\/roveyayinevi.com.tr\/index.php\/wp-json\/wp\/v2\/product_tag?post=705389"}],"curies":[{"name":"wp","href":"https:\/\/api.w.org\/{rel}","templated":true}]}}