{"id":705388,"date":"2025-08-27T15:45:08","date_gmt":"2025-08-27T12:45:08","guid":{"rendered":"https:\/\/roveyayinevi.com.tr\/index.php\/urun\/cigir-acan-125-icat\/"},"modified":"2026-04-16T02:14:06","modified_gmt":"2026-04-15T23:14:06","slug":"cigir-acan-125-icat","status":"publish","type":"product","link":"https:\/\/roveyayinevi.com.tr\/index.php\/urun\/cigir-acan-125-icat\/","title":{"rendered":"\u00c7\u0131\u011f\u0131r A\u00e7an 125 \u0130cat"},"content":{"rendered":"<p>Zihninizi u\u00e7uracak, inan\u0131lmaz icatlar\u0131n ve s\u0131n\u0131rlar\u0131 a\u015fan bulu\u015flar\u0131n d\u00fcnyas\u0131na ho\u015f geldiniz!Gelecek art\u0131k burada! \u0130nan\u0131lmaz robotlar, harika u\u00e7an makineler, y\u00fczen oteller, \u015farj a\u011fac\u0131, u\u00e7an bisiklet, parmak ucu kameras\u0131 ve \u00e7ok daha fazlas\u0131&#8230; Bu kitap, varl\u0131\u011f\u0131ndan bile haberdar olmad\u0131\u011f\u0131n\u0131z ama hayat\u0131n\u0131z\u0131 kolayla\u015ft\u0131racak \u015feylere sahip olmak istemenize sebep olacak, inan\u0131lmaz 125 icat ile dolu! Tuvaletinizi bal\u0131k akvaryumuna \u00e7eviren Fish\u2019n Flush ve sizin i\u00e7in e\u015fyalar\u0131 al\u0131p teslim eden, insan boyutundaki robot Cargonaut gibi gelece\u011fin bulu\u015flar\u0131n\u0131 ma\u011fazalarda sat\u0131\u015fa sunulmadan \u00f6nce ke\u015ffetmeye ne dersiniz? T\u00fcm bulu\u015flar\u0131n dikkat \u00e7ekici foto\u011fraflar\u0131 ve \u00e7ok e\u011flenceli bilgileriyle dolu bir kitap. Her sayfas\u0131 size gelece\u011fin kap\u0131s\u0131n\u0131 aralayacak! <\/p>\n","protected":false},"excerpt":{"rendered":"<p>Zihninizi u\u00e7uracak, inan\u0131lmaz icatlar\u0131n ve s\u0131n\u0131rlar\u0131 a\u015fan bulu\u015flar\u0131n d\u00fcnyas\u0131na ho\u015f geldiniz!Gelecek art\u0131k burada! \u0130nan\u0131lmaz robotlar, harika u\u00e7an makineler, y\u00fczen oteller, \u015farj a\u011fac\u0131, u\u00e7an bisiklet, parmak ucu<span class=\"excerpt-hellip\"> [\u2026]<\/span><\/p>\n","protected":false},"featured_media":0,"template":"","meta":{"_monsterinsights_skip_tracking":false,"_monsterinsights_sitenote_active":false,"_monsterinsights_sitenote_note":"","_monsterinsights_sitenote_category":0},"product_brand":[],"product_cat":[13829,12274],"product_tag":[],"class_list":{"0":"post-705388","1":"product","2":"type-product","3":"status-publish","5":"product_cat-bilimsel-kitaplar","6":"product_cat-cocuk-ve-genclik-kitaplari","7":"pa_tur-kitap","8":"pa_yayinevi-beta-kids","9":"pa_yazar-kolektif","11":"first","12":"instock","13":"sale","14":"shipping-taxable","15":"purchasable","16":"product-type-simple"},"_links":{"self":[{"href":"https:\/\/roveyayinevi.com.tr\/index.php\/wp-json\/wp\/v2\/product\/705388","targetHints":{"allow":["GET"]}}],"collection":[{"href":"https:\/\/roveyayinevi.com.tr\/index.php\/wp-json\/wp\/v2\/product"}],"about":[{"href":"https:\/\/roveyayinevi.com.tr\/index.php\/wp-json\/wp\/v2\/types\/product"}],"wp:attachment":[{"href":"https:\/\/roveyayinevi.com.tr\/index.php\/wp-json\/wp\/v2\/media?parent=705388"}],"wp:term":[{"taxonomy":"product_brand","embeddable":true,"href":"https:\/\/roveyayinevi.com.tr\/index.php\/wp-json\/wp\/v2\/product_brand?post=705388"},{"taxonomy":"product_cat","embeddable":true,"href":"https:\/\/roveyayinevi.com.tr\/index.php\/wp-json\/wp\/v2\/product_cat?post=705388"},{"taxonomy":"product_tag","embeddable":true,"href":"https:\/\/roveyayinevi.com.tr\/index.php\/wp-json\/wp\/v2\/product_tag?post=705388"}],"curies":[{"name":"wp","href":"https:\/\/api.w.org\/{rel}","templated":true}]}}